{"id":240,"date":"2017-11-03T09:54:40","date_gmt":"2017-11-03T09:54:40","guid":{"rendered":"http:\/\/bassein.themerex.net\/?page_id=240"},"modified":"2020-08-28T09:46:31","modified_gmt":"2020-08-28T09:46:31","slug":"realizzazione-piscine-caltanissetta","status":"publish","type":"page","link":"https:\/\/siculapool.it\/es\/realizzazione-piscine-caltanissetta\/","title":{"rendered":"Quienes somos"},"content":{"rendered":"<div class=\"vc_row wpb_row vc_row-fluid\"><div class=\"wpb_column vc_column_container vc_col-sm-12 sc_layouts_column_icons_position_left\"><div class=\"vc_column-inner\"><div class=\"wpb_wrapper\"><div class=\"vc_empty_space\"   style=\"height: 4em\" ><span class=\"vc_empty_space_inner\"><\/span><\/div>\n\n\t<div  class=\"wpb_single_image wpb_content_element vc_align_center  wpb_animate_when_almost_visible wpb_fadeIn fadeIn\">\n\t\t\n\t\t<figure class=\"wpb_wrapper vc_figure\">\n\t\t\t<div class=\"vc_single_image-wrapper   vc_box_border_grey\"><img width=\"1000\" height=\"500\" src=\"https:\/\/siculapool.it\/wp-content\/uploads\/2019\/02\/Siculapool-logo-1.png\" class=\"vc_single_image-img attachment-full\" alt=\"\" loading=\"lazy\" srcset=\"https:\/\/siculapool.it\/wp-content\/uploads\/2019\/02\/Siculapool-logo-1.png 1000w, https:\/\/siculapool.it\/wp-content\/uploads\/2019\/02\/Siculapool-logo-1-300x150.png 300w, https:\/\/siculapool.it\/wp-content\/uploads\/2019\/02\/Siculapool-logo-1-768x384.png 768w, https:\/\/siculapool.it\/wp-content\/uploads\/2019\/02\/Siculapool-logo-1-370x185.png 370w, https:\/\/siculapool.it\/wp-content\/uploads\/2019\/02\/Siculapool-logo-1-760x380.png 760w\" sizes=\"(max-width: 1000px) 100vw, 1000px\" \/><\/div>\n\t\t<\/figure>\n\t<\/div>\n<div class=\"vc_empty_space  hide_on_tablet hide_on_mobile\"   style=\"height: 6.5em\" ><span class=\"vc_empty_space_inner\"><\/span><\/div>\n<div  id=\"sc_promo_1628550857\" \n\tclass=\"sc_promo color_style_default sc_promo_default sc_promo_size_large sc_promo_no_paddings sc_promo_no_image\"><div class=\"sc_promo_text\" style=\"width: 100%;\">\n\t\t\t<div class=\"sc_promo_text_inner sc_content_width_100%\" style=\"\"><h1 class=\"sc_item_title sc_promo_title sc_align_center sc_item_title_style_default sc_item_title_tag\">EXPERTOS EN LA CONSTRUCCI\u00d3N DE PISCINAS EN CALTANISSETTA DESDE HACE M\u00c1S DE 30 A\u00d1OS<\/h1><div class=\"sc_item_descr sc_promo_descr sc_align_center\"><p>Siculapool naci\u00f3 despu\u00e9s de m\u00e1s de 30 a\u00f1os de experiencia en el mundo de las piscinas en Caltanissetta, adquirida por el experto Salvatore Puma, quien siempre ha cre\u00eddo que en el sector de la piscina, conocido en ese momento solo por un peque\u00f1o nicho de mercado, hab\u00eda futuro.<br \/>\nFue precisamente esta creencia, combinada con el gran esp\u00edritu emprendedor de su hijo Alfredo y su experiencia por Italia, lo que dio origen a Siculapool, ubicado en el centro de Sicilia.<br \/>\nA lo largo de los a\u00f1os, los gustos y expectativas de los clientes han ido evolucionando, la conciencia de que ellos son los jueces de nuestro trabajo no nos asusta, sino que nos estimula. Este es el resorte fundamental que hace que Siculapool realice cosas excepcionales...<br \/>\nCada proyecto consigue diferenciarse en el mercado porque es \u00fanico y personalizado, capaz de realzar los hogares de los clientes y crear el ambiente perfecto.<br \/>\nEl objetivo es crear piscinas y bienestar con total respeto por la comodidad y el medio ambiente, mediante el uso de materiales nobles. Nuestro af\u00e1n de mejora y evoluci\u00f3n nunca falla y es precisamente por ello que colaboramos con empresas altamente especializadas de las que somos distribuidores e instaladores.<br \/>\nTambi\u00e9n puede contar con la profesionalidad y disponibilidad de un personal altamente capacitado y con gran experiencia en el sector que lo seguir\u00e1 en todas las fases de la construcci\u00f3n y, una vez construida la piscina, permanecer\u00e1 a su lado, aconsej\u00e1ndole y orient\u00e1ndolo. lo mejor para las actividades de mantenimiento.<\/p>\n<\/div><div class=\"sc_promo_content sc_item_content\">\n\t<div  class=\"wpb_single_image wpb_content_element vc_align_left\">\n\t\t\n\t\t<figure class=\"wpb_wrapper vc_figure\">\n\t\t\t<div class=\"vc_single_image-wrapper   vc_box_border_grey\"><img width=\"1594\" height=\"896\" src=\"https:\/\/siculapool.it\/wp-content\/uploads\/2020\/08\/slide-2-1.png\" class=\"vc_single_image-img attachment-full\" alt=\"\" loading=\"lazy\" srcset=\"https:\/\/siculapool.it\/wp-content\/uploads\/2020\/08\/slide-2-1.png 1594w, https:\/\/siculapool.it\/wp-content\/uploads\/2020\/08\/slide-2-1-300x169.png 300w, https:\/\/siculapool.it\/wp-content\/uploads\/2020\/08\/slide-2-1-768x432.png 768w, https:\/\/siculapool.it\/wp-content\/uploads\/2020\/08\/slide-2-1-1024x576.png 1024w, https:\/\/siculapool.it\/wp-content\/uploads\/2020\/08\/slide-2-1-370x208.png 370w, https:\/\/siculapool.it\/wp-content\/uploads\/2020\/08\/slide-2-1-760x427.png 760w, https:\/\/siculapool.it\/wp-content\/uploads\/2020\/08\/slide-2-1-270x152.png 270w\" sizes=\"(max-width: 1594px) 100vw, 1594px\" \/><\/div>\n\t\t<\/figure>\n\t<\/div>\n<\/div><\/div>\n\t\t<\/div><!-- \/.sc_promo_text --><\/div><!-- \/.sc_promo --><div class=\"vc_empty_space\"   style=\"height: 4em\" ><span class=\"vc_empty_space_inner\"><\/span><\/div>\n<div class=\"vc_empty_space  hide_on_tablet hide_on_mobile\"   style=\"height: 6.7em\" ><span class=\"vc_empty_space_inner\"><\/span><\/div>\n<\/div><\/div><\/div><\/div><div class=\"vc_row wpb_row vc_row-fluid\"><div class=\"wpb_column vc_column_container vc_col-sm-12 sc_layouts_column_icons_position_left\"><div class=\"vc_column-inner\"><div class=\"wpb_wrapper\"><div class=\"vc_empty_space\"   style=\"height: 4em\" ><span class=\"vc_empty_space_inner\"><\/span><\/div>\n<div id=\"sc_title_569587270\"\n\t\tclass=\"sc_title color_style_default sc_title_default\"><h1 class=\"sc_item_title sc_title_title sc_align_left sc_item_title_style_default sc_item_title_tag\">Por qu\u00e9 elegir Siculapool?<\/h1><\/div><!-- \/.sc_title --><div class=\"vc_empty_space  hide_on_tablet hide_on_mobile\"   style=\"height: 2.9em\" ><span class=\"vc_empty_space_inner\"><\/span><\/div>\n<div class=\"vc_empty_space\"   style=\"height: 2em\" ><span class=\"vc_empty_space_inner\"><\/span><\/div>\n<\/div><\/div><\/div><div class=\"wpb_column vc_column_container vc_col-sm-5 sc_layouts_column_icons_position_left\"><div class=\"vc_column-inner\"><div class=\"wpb_wrapper\">\n\t<div  class=\"wpb_single_image wpb_content_element vc_align_left\">\n\t\t\n\t\t<figure class=\"wpb_wrapper vc_figure\">\n\t\t\t<div class=\"vc_single_image-wrapper   vc_box_border_grey\"><img width=\"1024\" height=\"717\" src=\"https:\/\/siculapool.it\/wp-content\/uploads\/2019\/02\/Percorri-con-noi-la-strada-1.jpg\" class=\"vc_single_image-img attachment-full\" alt=\"\" loading=\"lazy\" srcset=\"https:\/\/siculapool.it\/wp-content\/uploads\/2019\/02\/Percorri-con-noi-la-strada-1.jpg 1024w, https:\/\/siculapool.it\/wp-content\/uploads\/2019\/02\/Percorri-con-noi-la-strada-1-300x210.jpg 300w, https:\/\/siculapool.it\/wp-content\/uploads\/2019\/02\/Percorri-con-noi-la-strada-1-768x538.jpg 768w, https:\/\/siculapool.it\/wp-content\/uploads\/2019\/02\/Percorri-con-noi-la-strada-1-370x259.jpg 370w, https:\/\/siculapool.it\/wp-content\/uploads\/2019\/02\/Percorri-con-noi-la-strada-1-760x532.jpg 760w\" sizes=\"(max-width: 1024px) 100vw, 1024px\" \/><\/div>\n\t\t<\/figure>\n\t<\/div>\n<\/div><\/div><\/div><div class=\"wpb_column vc_column_container vc_col-sm-7 sc_layouts_column_icons_position_left\"><div class=\"vc_column-inner\"><div class=\"wpb_wrapper\">\n\t<div class=\"wpb_text_column wpb_content_element\" >\n\t\t<div class=\"wpb_wrapper\">\n\t\t\t<p><strong>Quieres el prestigio de una casa con algo m\u00e1s? Entonces est\u00e1s en el lugar correcto!<\/strong><br \/>\nNuestras piscinas cuentan adem\u00e1s con la seguridad de los c\u00e1lculos estructurales antis\u00edsmicos y est\u00e1n siempre garantizadas por certificados de garant\u00eda por escrito de todos los componentes. La imaginaci\u00f3n no tiene l\u00edmites en cuanto a forma o tama\u00f1o: de la piscina \"est\u00e1ndar\" a la personalizada, de la cl\u00e1sica forma rectangular a la libre.<\/p>\n<p>&nbsp;<\/p>\n\n\t\t<\/div>\n\t<\/div>\n<div class=\"vc_empty_space\"   style=\"height: 1em\" ><span class=\"vc_empty_space_inner\"><\/span><\/div>\n<div class=\"vc_progress_bar wpb_content_element vc_progress_bar_narrow\" ><div class=\"vc_general vc_single_bar\"><small class=\"vc_label\">Desarrollo <span class=\"vc_label_units\">100%<\/span><\/small><span class=\"vc_bar\" data-percentage-value=\"100\" data-value=\"100\" style=\"background-color:#bfc943;\"><\/span><\/div><div class=\"vc_general vc_single_bar\"><small class=\"vc_label\">Dise\u00f1o <span class=\"vc_label_units\">100%<\/span><\/small><span class=\"vc_bar\" data-percentage-value=\"100\" data-value=\"100\" style=\"background-color:#bfc943;\"><\/span><\/div><div class=\"vc_general vc_single_bar\"><small class=\"vc_label\">Profesionalismo <span class=\"vc_label_units\">100%<\/span><\/small><span class=\"vc_bar\" data-percentage-value=\"100\" data-value=\"100\" style=\"background-color:#bfc943;\"><\/span><\/div><\/div><div class=\"vc_empty_space\"   style=\"height: 2em\" ><span class=\"vc_empty_space_inner\"><\/span><\/div>\n<div class=\"vc_empty_space  hide_on_tablet hide_on_mobile\"   style=\"height: 2.7em\" ><span class=\"vc_empty_space_inner\"><\/span><\/div>\n\n\t<div  class=\"wpb_single_image wpb_content_element vc_align_left\">\n\t\t\n\t\t<figure class=\"wpb_wrapper vc_figure\">\n\t\t\t<div class=\"vc_single_image-wrapper   vc_box_border_grey\"><\/div>\n\t\t<\/figure>\n\t<\/div>\n<\/div><\/div><\/div><div class=\"wpb_column vc_column_container vc_col-sm-12 sc_layouts_column_icons_position_left\"><div class=\"vc_column-inner\"><div class=\"wpb_wrapper\"><div class=\"vc_empty_space\"   style=\"height: 4em\" ><span class=\"vc_empty_space_inner\"><\/span><\/div>\n<div id=\"sc_title_780676217\"\n\t\tclass=\"sc_title color_style_default sc_title_default\"><h3 class=\"sc_item_title sc_title_title sc_align_left sc_item_title_style_default\">Certificados<\/h3><\/div><!-- \/.sc_title --><div class=\"vc_empty_space\"   style=\"height: 4em\" ><span class=\"vc_empty_space_inner\"><\/span><\/div>\n<\/div><\/div><\/div><\/div><div class=\"vc_row wpb_row vc_row-fluid\"><div class=\"wpb_column vc_column_container vc_col-sm-6 sc_layouts_column_icons_position_left\"><div class=\"vc_column-inner\"><div class=\"wpb_wrapper\">\n\t<div  class=\"wpb_single_image wpb_content_element vc_align_left\">\n\t\t\n\t\t<figure class=\"wpb_wrapper vc_figure\">\n\t\t\t<div class=\"vc_single_image-wrapper   vc_box_border_grey\"><img width=\"1752\" height=\"1275\" src=\"https:\/\/siculapool.it\/wp-content\/uploads\/2019\/02\/Accademia-Reolit.jpg\" class=\"vc_single_image-img attachment-full\" alt=\"\" loading=\"lazy\" srcset=\"https:\/\/siculapool.it\/wp-content\/uploads\/2019\/02\/Accademia-Reolit.jpg 1752w, https:\/\/siculapool.it\/wp-content\/uploads\/2019\/02\/Accademia-Reolit-300x218.jpg 300w, https:\/\/siculapool.it\/wp-content\/uploads\/2019\/02\/Accademia-Reolit-768x559.jpg 768w, https:\/\/siculapool.it\/wp-content\/uploads\/2019\/02\/Accademia-Reolit-1024x745.jpg 1024w, https:\/\/siculapool.it\/wp-content\/uploads\/2019\/02\/Accademia-Reolit-370x269.jpg 370w, https:\/\/siculapool.it\/wp-content\/uploads\/2019\/02\/Accademia-Reolit-760x553.jpg 760w\" sizes=\"(max-width: 1752px) 100vw, 1752px\" \/><\/div>\n\t\t<\/figure>\n\t<\/div>\n<\/div><\/div><\/div><div class=\"wpb_column vc_column_container vc_col-sm-6 sc_layouts_column_icons_position_left\"><div class=\"vc_column-inner\"><div class=\"wpb_wrapper\">\n\t<div  class=\"wpb_single_image wpb_content_element vc_align_left\">\n\t\t\n\t\t<figure class=\"wpb_wrapper vc_figure\">\n\t\t\t<div class=\"vc_single_image-wrapper   vc_box_border_grey\"><img width=\"1752\" height=\"1242\" src=\"https:\/\/siculapool.it\/wp-content\/uploads\/2019\/02\/Attestato-di-Partecipazione-1.jpg\" class=\"vc_single_image-img attachment-full\" alt=\"\" loading=\"lazy\" srcset=\"https:\/\/siculapool.it\/wp-content\/uploads\/2019\/02\/Attestato-di-Partecipazione-1.jpg 1752w, https:\/\/siculapool.it\/wp-content\/uploads\/2019\/02\/Attestato-di-Partecipazione-1-300x213.jpg 300w, https:\/\/siculapool.it\/wp-content\/uploads\/2019\/02\/Attestato-di-Partecipazione-1-768x544.jpg 768w, https:\/\/siculapool.it\/wp-content\/uploads\/2019\/02\/Attestato-di-Partecipazione-1-1024x726.jpg 1024w, https:\/\/siculapool.it\/wp-content\/uploads\/2019\/02\/Attestato-di-Partecipazione-1-370x262.jpg 370w, https:\/\/siculapool.it\/wp-content\/uploads\/2019\/02\/Attestato-di-Partecipazione-1-760x539.jpg 760w\" sizes=\"(max-width: 1752px) 100vw, 1752px\" \/><\/div>\n\t\t<\/figure>\n\t<\/div>\n<\/div><\/div><\/div><\/div><div class=\"vc_row wpb_row vc_row-fluid\"><div class=\"wpb_column vc_column_container vc_col-sm-12 sc_layouts_column_icons_position_left\"><div class=\"vc_column-inner\"><div class=\"wpb_wrapper\">\n\t<div class=\"wpb_text_column wpb_content_element  vc_custom_1550227999104\" >\n\t\t<div class=\"wpb_wrapper\">\n\t\t\t<h2>Cont\u00e1ctenos<\/h2>\n\n\t\t<\/div>\n\t<\/div>\n<\/div><\/div><\/div><div class=\"wpb_column vc_column_container vc_col-sm-6 sc_layouts_column_icons_position_left\"><div class=\"vc_column-inner\"><div class=\"wpb_wrapper\"><div class=\"wpb_gmaps_widget wpb_content_element\" >\n\t\t<div class=\"wpb_wrapper\">\n\t\t<div class=\"wpb_map_wraper\">\n\t\t\t<iframe src=\"https:\/\/www.google.com\/maps\/embed?pb=!1m12!1m8!1m3!1d25324.06458462175!2d13.980930615576804!3d37.49593338487462!3m2!1i1024!2i768!4f13.1!2m1!1sVia+Vittime+del+Nazismo%2C+6+San+Cataldo!5e0!3m2!1sit!2sit!4v1549447337240\" width=\"100%\" height=\"675\" frameborder=\"0\" style=\"border:0\" allowfullscreen><\/iframe>\t\t<\/div>\n\t<\/div>\n<\/div>\n<\/div><\/div><\/div><div class=\"wpb_column vc_column_container vc_col-sm-6 sc_layouts_column_icons_position_left\"><div class=\"vc_column-inner\"><div class=\"wpb_wrapper\">\n\t<div class=\"wpb_text_column wpb_content_element\" >\n\t\t<div class=\"wpb_wrapper\">\n\t\t\t<div role=\"form\" class=\"wpcf7\" id=\"wpcf7-f1442-o1\" lang=\"en-US\" dir=\"ltr\">\n<div class=\"screen-reader-response\"><p role=\"status\" aria-live=\"polite\" aria-atomic=\"true\"><\/p> <ul><\/ul><\/div>\n<form action=\"\/es\/wp-json\/wp\/v2\/pages\/240#wpcf7-f1442-o1\" method=\"post\" class=\"wpcf7-form init\" novalidate=\"novalidate\" data-status=\"init\" data-trp-original-action=\"\/es\/wp-json\/wp\/v2\/pages\/240#wpcf7-f1442-o1\">\n<div style=\"display: none;\">\n<input type=\"hidden\" name=\"_wpcf7\" value=\"1442\" \/>\n<input type=\"hidden\" name=\"_wpcf7_version\" value=\"5.5.3\" \/>\n<input type=\"hidden\" name=\"_wpcf7_locale\" value=\"en_US\" \/>\n<input type=\"hidden\" name=\"_wpcf7_unit_tag\" value=\"wpcf7-f1442-o1\" \/>\n<input type=\"hidden\" name=\"_wpcf7_container_post\" value=\"0\" \/>\n<input type=\"hidden\" name=\"_wpcf7_posted_data_hash\" value=\"\" \/>\n<input type=\"hidden\" name=\"_wpcf7_recaptcha_response\" value=\"\" \/>\n<\/div>\n<div class=\"sc_contact_form7 sc_item_columns trx_addons_columns_wrap columns_padding_bottom\">\n<div class=\"trx_addons_column-1_2\">\n           <label> Nombre*<\/label><br \/>\n           <span class=\"wpcf7-form-control-wrap first-name\"><input type=\"text\" name=\"first-name\" value=\"\" size=\"40\" class=\"wpcf7-form-control wpcf7-text wpcf7-validates-as-required\" aria-required=\"true\" aria-invalid=\"false\" placeholder=\"Nombre*\" \/><\/span>\n      <\/div>\n<div class=\"trx_addons_column-1_2\">\n          <label> Apellido*<\/label><br \/>\n          <span class=\"wpcf7-form-control-wrap last-name\"><input type=\"text\" name=\"last-name\" value=\"\" size=\"40\" class=\"wpcf7-form-control wpcf7-text wpcf7-validates-as-required\" aria-required=\"true\" aria-invalid=\"false\" placeholder=\"Apellido*\" \/><\/span>\n      <\/div>\n<div class=\"trx_addons_column-1_2\">\n         <label> Correo electr\u00f3nico*<\/label><br \/>\n         <span class=\"wpcf7-form-control-wrap your-email\"><input type=\"email\" name=\"your-email\" value=\"\" size=\"40\" class=\"wpcf7-form-control wpcf7-text wpcf7-email wpcf7-validates-as-required wpcf7-validates-as-email\" aria-required=\"true\" aria-invalid=\"false\" placeholder=\"Correo electr\u00f3nico*\" \/><\/span>\n      <\/div>\n<div class=\"trx_addons_column-1_2\">\n         <label> Tel\u00e9fono*<\/label><br \/>\n         <span class=\"wpcf7-form-control-wrap telefono\"><input type=\"tel\" name=\"telefono\" value=\"\" size=\"40\" class=\"wpcf7-form-control wpcf7-text wpcf7-tel wpcf7-validates-as-required wpcf7-validates-as-tel\" aria-required=\"true\" aria-invalid=\"false\" placeholder=\"Tel\u00e9fono*\" \/><\/span>\n      <\/div>\n<div class=\"trx_addons_column-1_2\">\n         <label> Ciudad*<\/label><br \/>\n         <span class=\"wpcf7-form-control-wrap citta\"><input type=\"text\" name=\"citta\" value=\"\" size=\"40\" class=\"wpcf7-form-control wpcf7-text wpcf7-validates-as-required\" aria-required=\"true\" aria-invalid=\"false\" placeholder=\"Ciudad*\" \/><\/span>\n      <\/div>\n<div class=\"trx_addons_column-1_2\">\n         <label> Provincia*<\/label><br \/>\n         <span class=\"wpcf7-form-control-wrap prov\"><input type=\"text\" name=\"prov\" value=\"\" size=\"40\" class=\"wpcf7-form-control wpcf7-text wpcf7-validates-as-required\" aria-required=\"true\" aria-invalid=\"false\" placeholder=\"Provincia\" \/><\/span>\n      <\/div>\n<\/div>\n<div class=\"sc_contact_form7_message\">\n        <label> Mensaje<\/label><br \/>\n        <span class=\"wpcf7-form-control-wrap message\"><textarea name=\"message\" cols=\"40\" rows=\"10\" class=\"wpcf7-form-control wpcf7-textarea\" aria-invalid=\"false\" placeholder=\"Mensaje\"><\/textarea><\/span>\n<\/div>\n<div class=\"sc_contact_form7 sc_contact_form7_button\">\n    <input type=\"submit\" value=\"Enviar\" class=\"wpcf7-form-control has-spinner wpcf7-submit\" \/>\n<\/div>\n<div class=\"wpcf7-response-output\" aria-hidden=\"true\"><\/div><input type=\"hidden\" name=\"trp-form-language\" value=\"es\"\/><\/form><\/div>\n\n\t\t<\/div>\n\t<\/div>\n<\/div><\/div><\/div><\/div><div class=\"vc_row wpb_row vc_row-fluid\"><div class=\"wpb_column vc_column_container vc_col-sm-12 sc_layouts_column_icons_position_left\"><div class=\"vc_column-inner\"><div class=\"wpb_wrapper\"><div class=\"sc_layouts sc_layouts_default sc_layouts_259\"><div data-vc-full-width=\"true\" data-vc-full-width-init=\"false\" class=\"vc_row wpb_row vc_row-fluid vc_custom_1549463771630 vc_row-has-fill\"><div class=\"wpb_column vc_column_container vc_col-sm-12 sc_layouts_column_icons_position_left\"><div class=\"vc_column-inner\"><div class=\"wpb_wrapper\"><div class=\"vc_empty_space  hide_on_tablet hide_on_mobile\"   style=\"height: 2em\" ><span class=\"vc_empty_space_inner\"><\/span><\/div>\n<div class=\"vc_empty_space  hide_on_tablet hide_on_mobile\"   style=\"height: 1.5em\" ><span class=\"vc_empty_space_inner\"><\/span><\/div>\n<div id=\"widget_slider_353362253\" class=\"widget_area sc_widget_slider vc_widget_slider wpb_content_element\"><aside id=\"widget_slider_353362253_widget\" class=\"widget widget_slider\">\t\t\t<div class=\"slider_wrap slider_engine_swiper\">\n\t\t\t\t<div id=\"widget_slider_353362253_outer\" class=\"slider_outer slider_swiper_outer slider_style_default slider_outer_direction_horizontal slider_outer_multi slider_outer_nopagination slider_outer_nocontrols slider_outer_titles_center\"><div id=\"widget_slider_353362253_swiper\" class=\"slider_container slider_swiper swiper-slider-container slider_nocontrols slider_titles_center slider_noresize slider_height_auto slider_direction_horizontal slider_nopagination slider_multi slider_type_images\" data-ratio=\"16:9\" data-interval=\"5000\" data-effect=\"slide\" data-pagination=\"bullets\" data-direction=\"horizontal\" data-slides-per-view=\"6\" data-slides-space=\"0\"><div class=\"slider-wrapper swiper-wrapper\"><div  class=\"slider-slide swiper-slide\" data-image=\"https:\/\/siculapool.it\/wp-content\/uploads\/2017\/11\/abc.png\" style=\"\"><img src=\"https:\/\/siculapool.it\/wp-content\/uploads\/2017\/11\/abc.png\" alt=\"\"><\/div><div  class=\"slider-slide swiper-slide\" data-image=\"https:\/\/siculapool.it\/wp-content\/uploads\/2017\/11\/Senza-titolo-1.png\" style=\"\"><img src=\"https:\/\/siculapool.it\/wp-content\/uploads\/2017\/11\/Senza-titolo-1.png\" alt=\"\"><a href=\"https:\/\/www.renolit-alkorplan-touch.it\" class=\"slide_link\"><\/a><\/div><div  class=\"slider-slide swiper-slide\" data-image=\"https:\/\/siculapool.it\/wp-content\/uploads\/2017\/11\/Renolit.jpg\" style=\"\"><img src=\"https:\/\/siculapool.it\/wp-content\/uploads\/2017\/11\/Renolit.jpg\" alt=\"\"><\/div><div  class=\"slider-slide swiper-slide\" data-image=\"https:\/\/siculapool.it\/wp-content\/uploads\/2017\/11\/Elbe-Line.jpg\" style=\"\"><img src=\"https:\/\/siculapool.it\/wp-content\/uploads\/2017\/11\/Elbe-Line.jpg\" alt=\"\"><\/div><div  class=\"slider-slide swiper-slide\" data-image=\"https:\/\/siculapool.it\/wp-content\/uploads\/2017\/11\/Renolit-Arkolplan.jpg\" style=\"\"><img src=\"https:\/\/siculapool.it\/wp-content\/uploads\/2017\/11\/Renolit-Arkolplan.jpg\" alt=\"\"><a href=\"https:\/\/www.alkorplan.it\" class=\"slide_link\"><\/a><\/div><div  class=\"slider-slide swiper-slide\" data-image=\"https:\/\/siculapool.it\/wp-content\/uploads\/2017\/11\/Renolit-Xtreme.jpg\" style=\"\"><img src=\"https:\/\/siculapool.it\/wp-content\/uploads\/2017\/11\/Renolit-Xtreme.jpg\" alt=\"\"><a href=\"https:\/\/www.renolit.alkorplan-xtreme.it\" class=\"slide_link\"><\/a><\/div><div  class=\"slider-slide swiper-slide\" data-image=\"https:\/\/siculapool.it\/wp-content\/uploads\/2017\/11\/Renolit-Ceramics.jpg\" style=\"\"><img src=\"https:\/\/siculapool.it\/wp-content\/uploads\/2017\/11\/Renolit-Ceramics.jpg\" alt=\"\"><a href=\"https:\/\/www.alkorplan.it\/ceramics\/\" class=\"slide_link\"><\/a><\/div><div  class=\"slider-slide swiper-slide\" data-image=\"https:\/\/siculapool.it\/wp-content\/uploads\/2017\/11\/Renolit-Touch.jpg\" style=\"\"><img src=\"https:\/\/siculapool.it\/wp-content\/uploads\/2017\/11\/Renolit-Touch.jpg\" alt=\"\"><a href=\"https:\/\/www.renolit-alkorplan-touch.it\" class=\"slide_link\"><\/a><\/div><\/div><!-- \/.slider-wrapper --><\/div><!-- \/.slider_container --><\/div><!-- \/.slider_outer -->\t\t\t<\/div>\n\t\t\t<\/aside><\/div><div class=\"vc_empty_space  hide_on_mobile\"   style=\"height: 2em\" ><span class=\"vc_empty_space_inner\"><\/span><\/div>\n<div class=\"vc_empty_space  hide_on_tablet hide_on_mobile\"   style=\"height: 1.6em\" ><span class=\"vc_empty_space_inner\"><\/span><\/div>\n<\/div><\/div><\/div><\/div><div class=\"vc_row-full-width vc_clearfix\"><\/div><\/div><\/div><\/div><\/div><\/div><div class=\"vc_row wpb_row vc_row-fluid\"><div class=\"wpb_column vc_column_container vc_col-sm-12 sc_layouts_column_icons_position_left\"><div class=\"vc_column-inner\"><div class=\"wpb_wrapper\"><\/div><\/div><\/div><\/div>","protected":false},"excerpt":{"rendered":"ESPERTI NELLA REALIZZAZIONE DI PISCINE A CALTANISSETTA DA OLTRE 30 ANNISiculapool nasce dopo oltre 30 anni di esperienza nel mondo delle piscine a Caltanissetta, maturata dall\u2019 esperto Salvatore Puma il quale ha sempre creduto che&hellip;","protected":false},"author":1,"featured_media":0,"parent":0,"menu_order":0,"comment_status":"closed","ping_status":"closed","template":"","meta":{"_mi_skip_tracking":false},"_links":{"self":[{"href":"https:\/\/siculapool.it\/es\/wp-json\/wp\/v2\/pages\/240"}],"collection":[{"href":"https:\/\/siculapool.it\/es\/wp-json\/wp\/v2\/pages"}],"about":[{"href":"https:\/\/siculapool.it\/es\/wp-json\/wp\/v2\/types\/page"}],"author":[{"embeddable":true,"href":"https:\/\/siculapool.it\/es\/wp-json\/wp\/v2\/users\/1"}],"replies":[{"embeddable":true,"href":"https:\/\/siculapool.it\/es\/wp-json\/wp\/v2\/comments?post=240"}],"version-history":[{"count":52,"href":"https:\/\/siculapool.it\/es\/wp-json\/wp\/v2\/pages\/240\/revisions"}],"predecessor-version":[{"id":2922,"href":"https:\/\/siculapool.it\/es\/wp-json\/wp\/v2\/pages\/240\/revisions\/2922"}],"wp:attachment":[{"href":"https:\/\/siculapool.it\/es\/wp-json\/wp\/v2\/media?parent=240"}],"curies":[{"name":"wp","href":"https:\/\/api.w.org\/{rel}","templated":true}]}}