{"id":2436,"date":"2020-02-04T14:25:09","date_gmt":"2020-02-04T14:25:09","guid":{"rendered":"https:\/\/siculapool.it\/?page_id=2436"},"modified":"2020-02-11T10:17:47","modified_gmt":"2020-02-11T10:17:47","slug":"restauro-piscine","status":"publish","type":"page","link":"https:\/\/siculapool.it\/es\/restauro-piscine\/","title":{"rendered":"Restauraci\u00f3n de piscinas"},"content":{"rendered":"<div class=\"vc_row wpb_row vc_row-fluid\"><div class=\"wpb_column vc_column_container vc_col-sm-12 sc_layouts_column_icons_position_left\"><div class=\"vc_column-inner\"><div class=\"wpb_wrapper\"><div id=\"sc_title_1517307234\"\n\t\tclass=\"sc_title color_style_default sc_title_default  vc_custom_1580833196323\"><h3 class=\"sc_item_title sc_title_title sc_align_left sc_item_title_style_default\">Dale otra oportunidad a tu piscina, elige SiculaPool para reformar <\/h3><\/div><!-- \/.sc_title --><\/div><\/div><\/div><\/div><div class=\"vc_row wpb_row vc_row-fluid\"><div class=\"wpb_column vc_column_container vc_col-sm-12 sc_layouts_column_icons_position_left\"><div class=\"vc_column-inner\"><div class=\"wpb_wrapper\"><div class=\"vc_empty_space  height_tiny\"   style=\"height: 60px\" ><span class=\"vc_empty_space_inner\"><\/span><\/div>\n<\/div><\/div><\/div><\/div><div class=\"vc_row wpb_row vc_row-fluid\"><div class=\"wpb_column vc_column_container vc_col-sm-6 sc_layouts_column_icons_position_left\"><div class=\"vc_column-inner\"><div class=\"wpb_wrapper\">\n\t<div  class=\"wpb_single_image wpb_content_element vc_align_left\">\n\t\t\n\t\t<figure class=\"wpb_wrapper vc_figure\">\n\t\t\t<div class=\"vc_single_image-wrapper   vc_box_border_grey\"><img width=\"625\" height=\"387\" src=\"https:\/\/siculapool.it\/wp-content\/uploads\/2020\/02\/Restauro-piscina.jpg\" class=\"vc_single_image-img attachment-full\" alt=\"\" loading=\"lazy\" srcset=\"https:\/\/siculapool.it\/wp-content\/uploads\/2020\/02\/Restauro-piscina.jpg 625w, https:\/\/siculapool.it\/wp-content\/uploads\/2020\/02\/Restauro-piscina-300x186.jpg 300w, https:\/\/siculapool.it\/wp-content\/uploads\/2020\/02\/Restauro-piscina-370x229.jpg 370w\" sizes=\"(max-width: 625px) 100vw, 625px\" \/><\/div>\n\t\t<\/figure>\n\t<\/div>\n<\/div><\/div><\/div><div class=\"wpb_column vc_column_container vc_col-sm-6 sc_layouts_column_icons_position_left\"><div class=\"vc_column-inner\"><div class=\"wpb_wrapper\">\n\t<div class=\"wpb_text_column wpb_content_element\" >\n\t\t<div class=\"wpb_wrapper\">\n\t\t\t<p><strong>Dale otra oportunidad a tu piscina! Elija SiculaPool para la reforma.<\/strong><\/p>\n<p>La piscina es el valor a\u00f1adido de tu hogar, su cuidado y mantenimiento son acciones importantes y necesarias a tener en cuenta.<\/p>\n<p>Si tienes una piscina desde hace tiempo, ya vieja y poco funcional, con p\u00e9rdidas y consumos muy elevados, lo mejor es realizar trabajos de restauraci\u00f3n para mejorar su rendimiento y dise\u00f1o.<\/p>\n<p>Confiar la reforma de la piscina a Siculapool solo puede ser la elecci\u00f3n correcta: un equipo de profesionales ser\u00e1 capaz de comprender inmediatamente el problema, encontrar la soluci\u00f3n m\u00e1s adecuada y proporcionar la asistencia adecuada en caso de problemas o necesidades.<\/p>\n\n\t\t<\/div>\n\t<\/div>\n<\/div><\/div><\/div><\/div><div class=\"vc_row wpb_row vc_row-fluid\"><div class=\"wpb_column vc_column_container vc_col-sm-12 sc_layouts_column_icons_position_left\"><div class=\"vc_column-inner\"><div class=\"wpb_wrapper\">\n\t<div class=\"wpb_text_column wpb_content_element  vc_custom_1580831763851\" >\n\t\t<div class=\"wpb_wrapper\">\n\t\t\t<h4>Las intervenciones pueden ser de varios tipos:<\/h4>\n<h4><\/h4>\n\n\t\t<\/div>\n\t<\/div>\n<\/div><\/div><\/div><\/div><div class=\"vc_row wpb_row vc_row-fluid\"><div class=\"wpb_column vc_column_container vc_col-sm-12 sc_layouts_column_icons_position_left\"><div class=\"vc_column-inner\"><div class=\"wpb_wrapper\"><\/div><\/div><\/div><\/div><div class=\"vc_row wpb_row vc_row-fluid\"><div class=\"wpb_column vc_column_container vc_col-sm-6 sc_layouts_column_icons_position_left\"><div class=\"vc_column-inner\"><div class=\"wpb_wrapper\"><div  id=\"sc_promo_303631755\" \n\tclass=\"sc_promo color_style_default sc_promo_default sc_promo_size_large sc_promo_no_paddings sc_promo_no_image\"><div class=\"sc_promo_text\" style=\"width: 100%;\">\n\t\t\t<div class=\"sc_promo_text_inner sc_content_width_100%\" style=\"\"><h6 class=\"sc_item_subtitle sc_promo_subtitle sc_align_left sc_item_title_style_default\">1<\/h6><h3 class=\"sc_item_title sc_promo_title sc_align_left sc_item_title_style_default sc_item_title_tag\">Renovaci\u00f3n Est\u00e9tica<\/h3><div class=\"sc_item_descr sc_promo_descr sc_align_left\"><p>Le gustar\u00eda algo diferente, cambiar el color del revestimiento o del suelo o un nuevo sistema de iluminaci\u00f3n. En este caso, no hay problema! Conf\u00ede en nosotros para reformas con materiales y tecnolog\u00edas de alta confianza, en poco tiempo tendr\u00e1 una nueva piscina en el jard\u00edn, moderna, funcional y capaz de reflejar su gusto.<\/p>\n<\/div><\/div>\n\t\t<\/div><!-- \/.sc_promo_text --><\/div><!-- \/.sc_promo --><\/div><\/div><\/div><div class=\"wpb_column vc_column_container vc_col-sm-6 sc_layouts_column_icons_position_left\"><div class=\"vc_column-inner\"><div class=\"wpb_wrapper\">\n\t<div class=\"wpb_text_column wpb_content_element\" >\n\t\t<div class=\"wpb_wrapper\">\n\t\t\t<div id=\"twenty20-1\" class=\"twenty20\" style=\"width: 100%;\"><div class=\"twentytwenty-container twenty20-1 t20-hover\"><img class=\"skip-lazy\" src=\"https:\/\/siculapool.it\/wp-content\/uploads\/2020\/02\/Siculapool-prima.jpg\" \/><img class=\"skip-lazy\" src=\"https:\/\/siculapool.it\/wp-content\/uploads\/2020\/02\/Siculapool-dopo.jpg\" \/><\/div><script>jQuery(window).on(\"load\", function(){jQuery(\".twentytwenty-container.twenty20-1[data-orientation!='vertical']\").twentytwenty({default_offset_pct: 0.5,move_slider_on_hover: true});jQuery(\".twenty20-1 .twentytwenty-overlay\").hide();jQuery(\".twenty20-1 .twentytwenty-overlay\").hide();});<\/script><\/div>\n\n\t\t<\/div>\n\t<\/div>\n<\/div><\/div><\/div><\/div><div class=\"vc_row wpb_row vc_row-fluid vc_custom_1580832915310\"><div class=\"wpb_column vc_column_container vc_col-sm-6 sc_layouts_column_icons_position_left\"><div class=\"vc_column-inner\"><div class=\"wpb_wrapper\">\n\t<div  class=\"wpb_single_image wpb_content_element vc_align_left\">\n\t\t\n\t\t<figure class=\"wpb_wrapper vc_figure\">\n\t\t\t<div class=\"vc_single_image-wrapper   vc_box_border_grey\"><img width=\"626\" height=\"453\" src=\"https:\/\/siculapool.it\/wp-content\/uploads\/2020\/02\/Siculapool-funzionaole-1.jpg\" class=\"vc_single_image-img attachment-full\" alt=\"\" loading=\"lazy\" srcset=\"https:\/\/siculapool.it\/wp-content\/uploads\/2020\/02\/Siculapool-funzionaole-1.jpg 626w, https:\/\/siculapool.it\/wp-content\/uploads\/2020\/02\/Siculapool-funzionaole-1-300x217.jpg 300w, https:\/\/siculapool.it\/wp-content\/uploads\/2020\/02\/Siculapool-funzionaole-1-370x268.jpg 370w\" sizes=\"(max-width: 626px) 100vw, 626px\" \/><\/div>\n\t\t<\/figure>\n\t<\/div>\n\n\t<div  class=\"wpb_single_image wpb_content_element vc_align_left  vc_custom_1581416232857\">\n\t\t\n\t\t<figure class=\"wpb_wrapper vc_figure\">\n\t\t\t<div class=\"vc_single_image-wrapper   vc_box_border_grey\"><img width=\"1600\" height=\"900\" src=\"https:\/\/siculapool.it\/wp-content\/uploads\/2020\/02\/Ristrutturazione-Funzione.jpg\" class=\"vc_single_image-img attachment-full\" alt=\"\" loading=\"lazy\" srcset=\"https:\/\/siculapool.it\/wp-content\/uploads\/2020\/02\/Ristrutturazione-Funzione.jpg 1600w, https:\/\/siculapool.it\/wp-content\/uploads\/2020\/02\/Ristrutturazione-Funzione-300x169.jpg 300w, https:\/\/siculapool.it\/wp-content\/uploads\/2020\/02\/Ristrutturazione-Funzione-768x432.jpg 768w, https:\/\/siculapool.it\/wp-content\/uploads\/2020\/02\/Ristrutturazione-Funzione-1024x576.jpg 1024w, https:\/\/siculapool.it\/wp-content\/uploads\/2020\/02\/Ristrutturazione-Funzione-370x208.jpg 370w, https:\/\/siculapool.it\/wp-content\/uploads\/2020\/02\/Ristrutturazione-Funzione-760x428.jpg 760w, https:\/\/siculapool.it\/wp-content\/uploads\/2020\/02\/Ristrutturazione-Funzione-270x152.jpg 270w\" sizes=\"(max-width: 1600px) 100vw, 1600px\" \/><\/div>\n\t\t<\/figure>\n\t<\/div>\n<\/div><\/div><\/div><div class=\"wpb_column vc_column_container vc_col-sm-6 sc_layouts_column_icons_position_left\"><div class=\"vc_column-inner\"><div class=\"wpb_wrapper\"><div  id=\"sc_promo_1290932668\" \n\tclass=\"sc_promo color_style_default sc_promo_default sc_promo_size_large sc_promo_no_paddings sc_promo_no_image\"><div class=\"sc_promo_text\" style=\"width: 100%;\">\n\t\t\t<div class=\"sc_promo_text_inner sc_content_width_100%\" style=\"\"><h6 class=\"sc_item_subtitle sc_promo_subtitle sc_align_left sc_item_title_style_default\">2<\/h6><h3 class=\"sc_item_title sc_promo_title sc_align_left sc_item_title_style_default sc_item_title_tag\">Reestructuraci\u00f3n Funcional <\/h3><div class=\"sc_item_descr sc_promo_descr sc_align_left\"><p>- <strong>Instalaci\u00f3n de planta de electr\u00f3lisis salina<\/strong>, un sistema de desinfecci\u00f3n a base de cloro. La desinfecci\u00f3n se realiza gracias a la producci\u00f3n de cloro obtenido mediante un proceso de desdoblamiento de la mol\u00e9cula de cloruro de sodio (la sal). Adem\u00e1s, la sal se recompone gracias al efecto de los rayos UV y se reutiliza, por lo que es un sistema ecosostenible. Adem\u00e1s, exime el uso de cloro granulado para mantenimiento. Su uso tiene las ventajas de la desinfecci\u00f3n autom\u00e1tica y continua, la eliminaci\u00f3n del riesgo de dosificaci\u00f3n excesiva de desinfectante y la eliminaci\u00f3n del problema de acumulaci\u00f3n de \u00e1cido<br \/>\nisocianuro.<br \/>\n- <strong>Pompetta PH <\/strong>, sensor con dosificador autom\u00e1tico de PH, dosificando a partir del control semanal continuo del PH, manteni\u00e9ndolo siempre en la gradaci\u00f3n ideal.<br \/>\n- <strong>Cloro autom\u00e1tico - PH - Sistemas de dosificaci\u00f3n de floculantes<\/strong> : Panel de dosificaci\u00f3n premontado listo para usar, para control de cloro libre, pH y dosificaci\u00f3n de floculante con lectura instant\u00e1nea de temperatura.<br \/>\nPanel de PVC cableado el\u00e9ctricamente IP65, con conexiones el\u00e9ctricas cableadas dentro de caja estanca IP65.<\/p>\n<p>- <strong>V\u00e1lvula selectora autom\u00e1tica<\/strong>: facilita la limpieza peri\u00f3dica (contra el lavado y enjuague del filtro), que se realiza autom\u00e1ticamente para mantener el filtro siempre en funcionamiento.<\/p>\n<\/div><\/div>\n\t\t<\/div><!-- \/.sc_promo_text --><\/div><!-- \/.sc_promo --><\/div><\/div><\/div><\/div><div class=\"vc_row wpb_row vc_row-fluid vc_custom_1580832030487\"><div class=\"wpb_column vc_column_container vc_col-sm-12 sc_layouts_column_icons_position_left\"><div class=\"vc_column-inner\"><div class=\"wpb_wrapper\">\n\t<div class=\"wpb_text_column wpb_content_element  vc_custom_1580829509788\" >\n\t\t<div class=\"wpb_wrapper\">\n\t\t\t<h2>Reforma tu piscina<\/h2>\n<h4>Rellena el formulario y ser\u00e1s contactado<\/h4>\n\n\t\t<\/div>\n\t<\/div>\n<\/div><\/div><\/div><div class=\"wpb_column vc_column_container vc_col-sm-6 sc_layouts_column_icons_position_left\"><div class=\"vc_column-inner\"><div class=\"wpb_wrapper\"><div class=\"wpb_gmaps_widget wpb_content_element\" >\n\t\t<div class=\"wpb_wrapper\">\n\t\t<div class=\"wpb_map_wraper\">\n\t\t\t<iframe src=\"https:\/\/www.google.com\/maps\/embed?pb=!1m18!1m12!1m3!1d3165.8440484281095!2d13.991461015309374!3d37.48800637981266!2m3!1f0!2f0!3f0!3m2!1i1024!2i768!4f13.1!3m3!1m2!1s0x1310ebd98890822d%3A0x17e759e92bbd174b!2sSiculapool%20%7C%20N.1%20nella%20realizzazione%20di%20Piscine%20in%20Sicilia!5e0!3m2!1sit!2sit!4v1580831501536!5m2!1sit!2sit\" width=\"650\" height=\"732\" frameborder=\"0\" style=\"border:0;\" allowfullscreen=\"\"><\/iframe>\t\t<\/div>\n\t<\/div>\n<\/div>\n<\/div><\/div><\/div><div class=\"wpb_column vc_column_container vc_col-sm-6 sc_layouts_column_icons_position_left\"><div class=\"vc_column-inner\"><div class=\"wpb_wrapper\">\n\t<div class=\"wpb_text_column wpb_content_element\" >\n\t\t<div class=\"wpb_wrapper\">\n\t\t\t<div role=\"form\" class=\"wpcf7\" id=\"wpcf7-f1442-o1\" lang=\"en-US\" dir=\"ltr\">\n<div class=\"screen-reader-response\"><p role=\"status\" aria-live=\"polite\" aria-atomic=\"true\"><\/p> <ul><\/ul><\/div>\n<form action=\"\/es\/wp-json\/wp\/v2\/pages\/2436#wpcf7-f1442-o1\" method=\"post\" class=\"wpcf7-form init\" novalidate=\"novalidate\" data-status=\"init\" data-trp-original-action=\"\/es\/wp-json\/wp\/v2\/pages\/2436#wpcf7-f1442-o1\">\n<div style=\"display: none;\">\n<input type=\"hidden\" name=\"_wpcf7\" value=\"1442\" \/>\n<input type=\"hidden\" name=\"_wpcf7_version\" value=\"5.5.3\" \/>\n<input type=\"hidden\" name=\"_wpcf7_locale\" value=\"en_US\" \/>\n<input type=\"hidden\" name=\"_wpcf7_unit_tag\" value=\"wpcf7-f1442-o1\" \/>\n<input type=\"hidden\" name=\"_wpcf7_container_post\" value=\"0\" \/>\n<input type=\"hidden\" name=\"_wpcf7_posted_data_hash\" value=\"\" \/>\n<input type=\"hidden\" name=\"_wpcf7_recaptcha_response\" value=\"\" \/>\n<\/div>\n<div class=\"sc_contact_form7 sc_item_columns trx_addons_columns_wrap columns_padding_bottom\">\n<div class=\"trx_addons_column-1_2\">\n           <label> Nombre*<\/label><br \/>\n           <span class=\"wpcf7-form-control-wrap first-name\"><input type=\"text\" name=\"first-name\" value=\"\" size=\"40\" class=\"wpcf7-form-control wpcf7-text wpcf7-validates-as-required\" aria-required=\"true\" aria-invalid=\"false\" placeholder=\"Nombre*\" \/><\/span>\n      <\/div>\n<div class=\"trx_addons_column-1_2\">\n          <label> Apellido*<\/label><br \/>\n          <span class=\"wpcf7-form-control-wrap last-name\"><input type=\"text\" name=\"last-name\" value=\"\" size=\"40\" class=\"wpcf7-form-control wpcf7-text wpcf7-validates-as-required\" aria-required=\"true\" aria-invalid=\"false\" placeholder=\"Apellido*\" \/><\/span>\n      <\/div>\n<div class=\"trx_addons_column-1_2\">\n         <label> Correo electr\u00f3nico*<\/label><br \/>\n         <span class=\"wpcf7-form-control-wrap your-email\"><input type=\"email\" name=\"your-email\" value=\"\" size=\"40\" class=\"wpcf7-form-control wpcf7-text wpcf7-email wpcf7-validates-as-required wpcf7-validates-as-email\" aria-required=\"true\" aria-invalid=\"false\" placeholder=\"Correo electr\u00f3nico*\" \/><\/span>\n      <\/div>\n<div class=\"trx_addons_column-1_2\">\n         <label> Tel\u00e9fono*<\/label><br \/>\n         <span class=\"wpcf7-form-control-wrap telefono\"><input type=\"tel\" name=\"telefono\" value=\"\" size=\"40\" class=\"wpcf7-form-control wpcf7-text wpcf7-tel wpcf7-validates-as-required wpcf7-validates-as-tel\" aria-required=\"true\" aria-invalid=\"false\" placeholder=\"Tel\u00e9fono*\" \/><\/span>\n      <\/div>\n<div class=\"trx_addons_column-1_2\">\n         <label> Ciudad*<\/label><br \/>\n         <span class=\"wpcf7-form-control-wrap citta\"><input type=\"text\" name=\"citta\" value=\"\" size=\"40\" class=\"wpcf7-form-control wpcf7-text wpcf7-validates-as-required\" aria-required=\"true\" aria-invalid=\"false\" placeholder=\"Ciudad*\" \/><\/span>\n      <\/div>\n<div class=\"trx_addons_column-1_2\">\n         <label> Provincia*<\/label><br \/>\n         <span class=\"wpcf7-form-control-wrap prov\"><input type=\"text\" name=\"prov\" value=\"\" size=\"40\" class=\"wpcf7-form-control wpcf7-text wpcf7-validates-as-required\" aria-required=\"true\" aria-invalid=\"false\" placeholder=\"Provincia\" \/><\/span>\n      <\/div>\n<\/div>\n<div class=\"sc_contact_form7_message\">\n        <label> Mensaje<\/label><br \/>\n        <span class=\"wpcf7-form-control-wrap message\"><textarea name=\"message\" cols=\"40\" rows=\"10\" class=\"wpcf7-form-control wpcf7-textarea\" aria-invalid=\"false\" placeholder=\"Mensaje\"><\/textarea><\/span>\n<\/div>\n<div class=\"sc_contact_form7 sc_contact_form7_button\">\n    <input type=\"submit\" value=\"Enviar\" class=\"wpcf7-form-control has-spinner wpcf7-submit\" \/>\n<\/div>\n<div class=\"wpcf7-response-output\" aria-hidden=\"true\"><\/div><input type=\"hidden\" name=\"trp-form-language\" value=\"es\"\/><\/form><\/div>\n\n\t\t<\/div>\n\t<\/div>\n<\/div><\/div><\/div><\/div>","protected":false},"excerpt":{"rendered":"Dai un\u2019altra chance alla tua piscina!Scegli SiculaPool per la ristrutturazione Dai un\u2019altra chance alla tua piscina! Scegli SiculaPool per la ristrutturazione. La piscina \u00e8 il valore aggiunto della vostra casa, la cura e la manutenzione&hellip;","protected":false},"author":1,"featured_media":0,"parent":0,"menu_order":0,"comment_status":"closed","ping_status":"closed","template":"","meta":{"_mi_skip_tracking":false},"_links":{"self":[{"href":"https:\/\/siculapool.it\/es\/wp-json\/wp\/v2\/pages\/2436"}],"collection":[{"href":"https:\/\/siculapool.it\/es\/wp-json\/wp\/v2\/pages"}],"about":[{"href":"https:\/\/siculapool.it\/es\/wp-json\/wp\/v2\/types\/page"}],"author":[{"embeddable":true,"href":"https:\/\/siculapool.it\/es\/wp-json\/wp\/v2\/users\/1"}],"replies":[{"embeddable":true,"href":"https:\/\/siculapool.it\/es\/wp-json\/wp\/v2\/comments?post=2436"}],"version-history":[{"count":22,"href":"https:\/\/siculapool.it\/es\/wp-json\/wp\/v2\/pages\/2436\/revisions"}],"predecessor-version":[{"id":2512,"href":"https:\/\/siculapool.it\/es\/wp-json\/wp\/v2\/pages\/2436\/revisions\/2512"}],"wp:attachment":[{"href":"https:\/\/siculapool.it\/es\/wp-json\/wp\/v2\/media?parent=2436"}],"curies":[{"name":"wp","href":"https:\/\/api.w.org\/{rel}","templated":true}]}}