{"id":2732,"date":"2020-04-17T13:30:54","date_gmt":"2020-04-17T13:30:54","guid":{"rendered":"https:\/\/siculapool.it\/?page_id=2732"},"modified":"2020-04-30T12:12:21","modified_gmt":"2020-04-30T12:12:21","slug":"piscina-fuori-terra-cerdena-ovale","status":"publish","type":"page","link":"https:\/\/siculapool.it\/es\/piscina-fuori-terra-cerdena-ovale\/","title":{"rendered":"PISCINA FUORI TERRA CERDE\u00d1A OVALE"},"content":{"rendered":"<div class=\"vc_row wpb_row vc_row-fluid\"><div class=\"wpb_column vc_column_container vc_col-sm-6 sc_layouts_column_icons_position_left\"><div class=\"vc_column-inner vc_custom_1550160096463\"><div class=\"wpb_wrapper\">\n\t<div  class=\"wpb_single_image wpb_content_element vc_align_center\">\n\t\t\n\t\t<figure class=\"wpb_wrapper vc_figure\">\n\t\t\t<div class=\"vc_single_image-wrapper   vc_box_border_grey\"><img class=\"vc_single_image-img\" src=\"https:\/\/siculapool.it\/wp-content\/uploads\/2019\/02\/Siculapool-logo-400x200.png\" width=\"400\" height=\"200\" alt=\"Siculapool-logo\" title=\"Siculapool-logo\" \/><\/div>\n\t\t<\/figure>\n\t<\/div>\n\n\t<div class=\"wpb_text_column wpb_content_element  wpb_animate_when_almost_visible wpb_fadeIn fadeIn\" >\n\t\t<div class=\"wpb_wrapper\">\n\t\t\t<h3>PISCINA FUORI TERRA MODELLO<\/h3>\n<h1 style=\"margin-top: -20px;\">CERDE\u00d1A OVALE<\/h1>\n\n\t\t<\/div>\n\t<\/div>\n\n\t<div class=\"wpb_text_column wpb_content_element\" >\n\t\t<div class=\"wpb_wrapper\">\n\t\t\t<p>&#8220;La gamma di piscine smontabili Cerde\u00f1a \u00e8 una delle gamma pi\u00f9 qualitative di piscine smontabili presente nel mercato, grazie alla decorazione imitazione pietra, questa piscina si adatter\u00e0 perfettamente a qualsiasi zona del suo giardino.<\/p>\n<p>Questa gamma si caratterizza per la sua resistenza e la sua durata, la sua garanzia di 4 anni sulla struttura lo dimostra.<\/p>\n<p>Il Kit piscina \u00e8 composto dalle pareti in acciaio, il liner, il filtro a sabbia e la scaletta.&#8221;<\/p>\n\n\t\t<\/div>\n\t<\/div>\n<\/div><\/div><\/div><div class=\"wpb_column vc_column_container vc_col-sm-6 sc_layouts_column_icons_position_left\"><div class=\"vc_column-inner vc_custom_1550160086095\"><div class=\"wpb_wrapper\">\n\t<div  class=\"wpb_single_image wpb_content_element vc_align_left  vc_custom_1587133348836\">\n\t\t\n\t\t<figure class=\"wpb_wrapper vc_figure\">\n\t\t\t<div class=\"vc_single_image-wrapper vc_box_shadow_3d  vc_box_border_grey\"><img width=\"800\" height=\"800\" src=\"https:\/\/siculapool.it\/wp-content\/uploads\/2020\/04\/CARDENA-OVALE.jpg\" class=\"vc_single_image-img attachment-full\" alt=\"\" loading=\"lazy\" srcset=\"https:\/\/siculapool.it\/wp-content\/uploads\/2020\/04\/CARDENA-OVALE.jpg 800w, https:\/\/siculapool.it\/wp-content\/uploads\/2020\/04\/CARDENA-OVALE-150x150.jpg 150w, https:\/\/siculapool.it\/wp-content\/uploads\/2020\/04\/CARDENA-OVALE-300x300.jpg 300w, https:\/\/siculapool.it\/wp-content\/uploads\/2020\/04\/CARDENA-OVALE-768x768.jpg 768w, https:\/\/siculapool.it\/wp-content\/uploads\/2020\/04\/CARDENA-OVALE-370x370.jpg 370w, https:\/\/siculapool.it\/wp-content\/uploads\/2020\/04\/CARDENA-OVALE-760x760.jpg 760w, https:\/\/siculapool.it\/wp-content\/uploads\/2020\/04\/CARDENA-OVALE-90x90.jpg 90w\" sizes=\"(max-width: 800px) 100vw, 800px\" \/><\/div>\n\t\t<\/figure>\n\t<\/div>\n<\/div><\/div><\/div><\/div><div class=\"vc_row wpb_row vc_row-fluid\"><div class=\"wpb_column vc_column_container vc_col-sm-12 sc_layouts_column_icons_position_left\"><div class=\"vc_column-inner\"><div class=\"wpb_wrapper\">\n\t<div class=\"wpb_text_column wpb_content_element  vc_custom_1587036467320\" >\n\t\t<div class=\"wpb_wrapper\">\n\t\t\t<h3 style=\"text-align: left;\">CARATTERISTICHE PRODOTTO<\/h3>\n\n\t\t<\/div>\n\t<\/div>\n<\/div><\/div><\/div><\/div><div class=\"vc_row wpb_row vc_row-fluid\"><div class=\"wpb_column vc_column_container vc_col-sm-6 sc_layouts_column_icons_position_left\"><div class=\"vc_column-inner vc_custom_1550160369892\"><div class=\"wpb_wrapper\">\n\t<div class=\"wpb_text_column wpb_content_element\" >\n\t\t<div class=\"wpb_wrapper\">\n\t\t\t<p><\/p>\n\n\t\t<\/div>\n\t<\/div>\n\n\t<div class=\"wpb_text_column wpb_content_element\" >\n\t\t<div class=\"wpb_wrapper\">\n\t\t\t<ul>\n<li style=\"list-style-type: none;\">\n<ul>\n<li style=\"list-style-type: none;\">\n<ul class=\"two-columns-list\">\n<li>Materiale\u00a0<b>Acciaio<\/b><\/li>\n<li>Forma della piscina\u00a0<b>Oval<\/b><\/li>\n<li>Finitura\u00a0<b>Acciaio effetto pietra<\/b><\/li>\n<li>Gamma\u00a0<b>Cerde\u00f1a<\/b><\/li>\n<li>Volume dell\u00b4 acqua\u00a0<b>Da 10 a 20m\u00b3 \/\u00a0Da 20 a 30m\u00b3<\/b><\/li>\n<li>Tempo di installazione\u00a0<b>Pi\u00f9 di 5h \/ 2 persone<\/b><\/li>\n<\/ul>\n<\/li>\n<\/ul>\n<\/li>\n<\/ul>\n\n\t\t<\/div>\n\t<\/div>\n<\/div><\/div><\/div><div class=\"wpb_column vc_column_container vc_col-sm-6 sc_layouts_column_icons_position_left\"><div class=\"vc_column-inner\"><div class=\"wpb_wrapper\">\n\t<div class=\"wpb_text_column wpb_content_element\" >\n\t\t<div class=\"wpb_wrapper\">\n\t\t\t<ul>\n<li style=\"list-style-type: none;\">\n<ul>\n<li style=\"list-style-type: none;\">\n<ul class=\"two-columns-list\">\n<li>Soletta in cemento armato necessaria\u00a0<b>No<\/b><\/li>\n<li>Altezza\u00a0<b>120 cm<\/b><\/li>\n<li>Lungo\u00a0<b>500 cm \/ 610 cm \/ 730 cm<\/b><\/li>\n<li>Ancho\u00a0<b>300 cm \/ 375 cm<\/b><\/li>\n<li>Tipo di filtrazione\u00a0<b>Filtrazione a sabbia<\/b><\/li>\n<\/ul>\n<\/li>\n<\/ul>\n<\/li>\n<\/ul>\n\n\t\t<\/div>\n\t<\/div>\n<\/div><\/div><\/div><\/div><div class=\"vc_row wpb_row vc_row-fluid\"><div class=\"wpb_column vc_column_container vc_col-sm-6 sc_layouts_column_icons_position_left\"><div class=\"vc_column-inner\"><div class=\"wpb_wrapper\">\n\t<div class=\"wpb_text_column wpb_content_element\" >\n\t\t<div class=\"wpb_wrapper\">\n\t\t\t<h3 class=\"t-h4\">Descrizione prodotto:<\/h3>\n<ul>\n<li>Piscina ovale con parete in acciaio e rivestimento effetto pietra<\/li>\n<li>Misura commerciale: 500 x 300 x \u2195120 cm \/\u00a0610 x 375 x \u2195120 cm \/\u00a0730 x 375 x \u2195120 cm<\/li>\n<li>Sistema di fissaggio: con paletti laterali<\/li>\n<\/ul>\n\n\t\t<\/div>\n\t<\/div>\n<\/div><\/div><\/div><div class=\"wpb_column vc_column_container vc_col-sm-6 sc_layouts_column_icons_position_left\"><div class=\"vc_column-inner\"><div class=\"wpb_wrapper\">\n\t<div class=\"wpb_text_column wpb_content_element\" >\n\t\t<div class=\"wpb_wrapper\">\n\t\t\t<h3 class=\"t-h4\">Installazione:<\/h3>\n<ul>\n<li>Tempo di installazione delle piscine: 6 ore con 2-3 persone<\/li>\n<li>Piscina fuori terra<\/li>\n<li>Soletta in cemento armato opzionale&#8221;<\/li>\n<\/ul>\n\n\t\t<\/div>\n\t<\/div>\n<\/div><\/div><\/div><\/div><div class=\"vc_row wpb_row vc_row-fluid vc_custom_1587036771781\"><div class=\"wpb_column vc_column_container vc_col-sm-6 sc_layouts_column_icons_position_left\"><div class=\"vc_column-inner\"><div class=\"wpb_wrapper\">\n\t<div class=\"wpb_text_column wpb_content_element\" >\n\t\t<div class=\"wpb_wrapper\">\n\t\t\t<h3 class=\"t-h4\">Dimensioni:<\/h3>\n<ul>\n<li>Misura esterna: 527 x 500 x 122 cm \/\u00a0634 x 575 x 122 cm \/\u00a0744 x 575 x 122 cm<\/li>\n<li>Misura interna: 509 x 300 x 120 cm \/\u00a0610 x 375 x 120 cm \/\u00a0720 x 375 x 120 cm<\/li>\n<\/ul>\n\n\t\t<\/div>\n\t<\/div>\n<\/div><\/div><\/div><div class=\"wpb_column vc_column_container vc_col-sm-6 sc_layouts_column_icons_position_left\"><div class=\"vc_column-inner\"><div class=\"wpb_wrapper\">\n\t<div class=\"wpb_text_column wpb_content_element\" >\n\t\t<div class=\"wpb_wrapper\">\n\t\t\t<h3 class=\"t-h4\">Garanzia:<\/h3>\n<ul>\n<li>La struttura metallica \u00e8 garantita 4 anni<\/li>\n<li>Il resto dei componenti \u00e8 garantito 2 anni<\/li>\n<\/ul>\n\n\t\t<\/div>\n\t<\/div>\n<\/div><\/div><\/div><\/div><div class=\"vc_row wpb_row vc_row-fluid vc_custom_1587037012185\"><div class=\"wpb_column vc_column_container vc_col-sm-12 sc_layouts_column_icons_position_left\"><div class=\"vc_column-inner\"><div class=\"wpb_wrapper\">\n\t<div class=\"wpb_text_column wpb_content_element\" >\n\t\t<div class=\"wpb_wrapper\">\n\t\t\t<h3>Dotazione<\/h3>\n\n\t\t<\/div>\n\t<\/div>\n<\/div><\/div><\/div><\/div><div class=\"vc_row wpb_row vc_row-fluid vc_custom_1587036927591\"><div class=\"wpb_column vc_column_container vc_col-sm-6 sc_layouts_column_icons_position_left\"><div class=\"vc_column-inner\"><div class=\"wpb_wrapper\">\n\t<div class=\"wpb_text_column wpb_content_element\" >\n\t\t<div class=\"wpb_wrapper\">\n\t\t\t<ul>\n<li>Liner in PVC con trattamento anti-UV<\/li>\n<li>Depuratore a sabbia. Include sabbia silex. I nostri filtri sono conformi alla normativa europea<\/li>\n<li>Scala di sicurezza a forbice 2&#215;3 gradini. Consente di smontare gli scalini da un lato per impedire l&#8217;accesso dei bambini alla piscina e prevenire incidenti. Conforme alla normativa europea<\/li>\n<\/ul>\n\n\t\t<\/div>\n\t<\/div>\n<\/div><\/div><\/div><div class=\"wpb_column vc_column_container vc_col-sm-6 sc_layouts_column_icons_position_left\"><div class=\"vc_column-inner\"><div class=\"wpb_wrapper\">\n\t<div class=\"wpb_text_column wpb_content_element\" >\n\t\t<div class=\"wpb_wrapper\">\n\t\t\t<ul>\n<li>Struttura del contenitore e profili in acciaio galvanizzato<\/li>\n<li>Protettori ad iniezione per le giunture tra i profili orizzontali<\/li>\n<li>Include gruppo skimmer<\/li>\n<li>Include tubi di collegamento<\/li>\n<\/ul>\n\n\t\t<\/div>\n\t<\/div>\n<\/div><\/div><\/div><\/div><div class=\"vc_row wpb_row vc_row-fluid vc_custom_1587036864583\"><div class=\"wpb_column vc_column_container vc_col-sm-12 sc_layouts_column_icons_position_left\"><div class=\"vc_column-inner\"><div class=\"wpb_wrapper\">\n\t<div class=\"wpb_text_column wpb_content_element  vc_custom_1550227999104\" >\n\t\t<div class=\"wpb_wrapper\">\n\t\t\t<h2>Cont\u00e1ctenos<\/h2>\n\n\t\t<\/div>\n\t<\/div>\n<\/div><\/div><\/div><div class=\"wpb_column vc_column_container vc_col-sm-6 sc_layouts_column_icons_position_left\"><div class=\"vc_column-inner\"><div class=\"wpb_wrapper\"><div class=\"wpb_gmaps_widget wpb_content_element\" >\n\t\t<div class=\"wpb_wrapper\">\n\t\t<div class=\"wpb_map_wraper\">\n\t\t\t<iframe src=\"https:\/\/www.google.com\/maps\/embed?pb=!1m12!1m8!1m3!1d25324.06458462175!2d13.980930615576804!3d37.49593338487462!3m2!1i1024!2i768!4f13.1!2m1!1sVia+Vittime+del+Nazismo%2C+6+San+Cataldo!5e0!3m2!1sit!2sit!4v1549447337240\" width=\"100%\" height=\"675\" frameborder=\"0\" style=\"border:0\" allowfullscreen><\/iframe>\t\t<\/div>\n\t<\/div>\n<\/div>\n<\/div><\/div><\/div><div class=\"wpb_column vc_column_container vc_col-sm-6 sc_layouts_column_icons_position_left\"><div class=\"vc_column-inner\"><div class=\"wpb_wrapper\">\n\t<div class=\"wpb_text_column wpb_content_element\" >\n\t\t<div class=\"wpb_wrapper\">\n\t\t\t<div role=\"form\" class=\"wpcf7\" id=\"wpcf7-f1442-o1\" lang=\"en-US\" dir=\"ltr\">\n<div class=\"screen-reader-response\"><p role=\"status\" aria-live=\"polite\" aria-atomic=\"true\"><\/p> <ul><\/ul><\/div>\n<form action=\"\/es\/wp-json\/wp\/v2\/pages\/2732#wpcf7-f1442-o1\" method=\"post\" class=\"wpcf7-form init\" novalidate=\"novalidate\" data-status=\"init\" data-trp-original-action=\"\/es\/wp-json\/wp\/v2\/pages\/2732#wpcf7-f1442-o1\">\n<div style=\"display: none;\">\n<input type=\"hidden\" name=\"_wpcf7\" value=\"1442\" \/>\n<input type=\"hidden\" name=\"_wpcf7_version\" value=\"5.5.3\" \/>\n<input type=\"hidden\" name=\"_wpcf7_locale\" value=\"en_US\" \/>\n<input type=\"hidden\" name=\"_wpcf7_unit_tag\" value=\"wpcf7-f1442-o1\" \/>\n<input type=\"hidden\" name=\"_wpcf7_container_post\" value=\"0\" \/>\n<input type=\"hidden\" name=\"_wpcf7_posted_data_hash\" value=\"\" \/>\n<input type=\"hidden\" name=\"_wpcf7_recaptcha_response\" value=\"\" \/>\n<\/div>\n<div class=\"sc_contact_form7 sc_item_columns trx_addons_columns_wrap columns_padding_bottom\">\n<div class=\"trx_addons_column-1_2\">\n           <label> Nombre*<\/label><br \/>\n           <span class=\"wpcf7-form-control-wrap first-name\"><input type=\"text\" name=\"first-name\" value=\"\" size=\"40\" class=\"wpcf7-form-control wpcf7-text wpcf7-validates-as-required\" aria-required=\"true\" aria-invalid=\"false\" placeholder=\"Nombre*\" \/><\/span>\n      <\/div>\n<div class=\"trx_addons_column-1_2\">\n          <label> Apellido*<\/label><br \/>\n          <span class=\"wpcf7-form-control-wrap last-name\"><input type=\"text\" name=\"last-name\" value=\"\" size=\"40\" class=\"wpcf7-form-control wpcf7-text wpcf7-validates-as-required\" aria-required=\"true\" aria-invalid=\"false\" placeholder=\"Apellido*\" \/><\/span>\n      <\/div>\n<div class=\"trx_addons_column-1_2\">\n         <label> Correo electr\u00f3nico*<\/label><br \/>\n         <span class=\"wpcf7-form-control-wrap your-email\"><input type=\"email\" name=\"your-email\" value=\"\" size=\"40\" class=\"wpcf7-form-control wpcf7-text wpcf7-email wpcf7-validates-as-required wpcf7-validates-as-email\" aria-required=\"true\" aria-invalid=\"false\" placeholder=\"Correo electr\u00f3nico*\" \/><\/span>\n      <\/div>\n<div class=\"trx_addons_column-1_2\">\n         <label> Tel\u00e9fono*<\/label><br \/>\n         <span class=\"wpcf7-form-control-wrap telefono\"><input type=\"tel\" name=\"telefono\" value=\"\" size=\"40\" class=\"wpcf7-form-control wpcf7-text wpcf7-tel wpcf7-validates-as-required wpcf7-validates-as-tel\" aria-required=\"true\" aria-invalid=\"false\" placeholder=\"Tel\u00e9fono*\" \/><\/span>\n      <\/div>\n<div class=\"trx_addons_column-1_2\">\n         <label> Ciudad*<\/label><br \/>\n         <span class=\"wpcf7-form-control-wrap citta\"><input type=\"text\" name=\"citta\" value=\"\" size=\"40\" class=\"wpcf7-form-control wpcf7-text wpcf7-validates-as-required\" aria-required=\"true\" aria-invalid=\"false\" placeholder=\"Ciudad*\" \/><\/span>\n      <\/div>\n<div class=\"trx_addons_column-1_2\">\n         <label> Provincia*<\/label><br \/>\n         <span class=\"wpcf7-form-control-wrap prov\"><input type=\"text\" name=\"prov\" value=\"\" size=\"40\" class=\"wpcf7-form-control wpcf7-text wpcf7-validates-as-required\" aria-required=\"true\" aria-invalid=\"false\" placeholder=\"Provincia\" \/><\/span>\n      <\/div>\n<\/div>\n<div class=\"sc_contact_form7_message\">\n        <label> Mensaje<\/label><br \/>\n        <span class=\"wpcf7-form-control-wrap message\"><textarea name=\"message\" cols=\"40\" rows=\"10\" class=\"wpcf7-form-control wpcf7-textarea\" aria-invalid=\"false\" placeholder=\"Mensaje\"><\/textarea><\/span>\n<\/div>\n<div class=\"sc_contact_form7 sc_contact_form7_button\">\n    <input type=\"submit\" value=\"Enviar\" class=\"wpcf7-form-control has-spinner wpcf7-submit\" \/>\n<\/div>\n<div class=\"wpcf7-response-output\" aria-hidden=\"true\"><\/div><input type=\"hidden\" name=\"trp-form-language\" value=\"es\"\/><\/form><\/div>\n\n\t\t<\/div>\n\t<\/div>\n<\/div><\/div><\/div><\/div>","protected":false},"excerpt":{"rendered":"PISCINA FUORI TERRA MODELLO CERDE\u00d1A OVALE \"La gamma di piscine smontabili Cerde\u00f1a \u00e8 una delle gamma pi\u00f9 qualitative di piscine smontabili presente nel mercato, grazie alla decorazione imitazione pietra, questa piscina si adatter\u00e0 perfettamente a&hellip;","protected":false},"author":1,"featured_media":0,"parent":0,"menu_order":0,"comment_status":"closed","ping_status":"closed","template":"","meta":{"_mi_skip_tracking":false},"_links":{"self":[{"href":"https:\/\/siculapool.it\/es\/wp-json\/wp\/v2\/pages\/2732"}],"collection":[{"href":"https:\/\/siculapool.it\/es\/wp-json\/wp\/v2\/pages"}],"about":[{"href":"https:\/\/siculapool.it\/es\/wp-json\/wp\/v2\/types\/page"}],"author":[{"embeddable":true,"href":"https:\/\/siculapool.it\/es\/wp-json\/wp\/v2\/users\/1"}],"replies":[{"embeddable":true,"href":"https:\/\/siculapool.it\/es\/wp-json\/wp\/v2\/comments?post=2732"}],"version-history":[{"count":5,"href":"https:\/\/siculapool.it\/es\/wp-json\/wp\/v2\/pages\/2732\/revisions"}],"predecessor-version":[{"id":2856,"href":"https:\/\/siculapool.it\/es\/wp-json\/wp\/v2\/pages\/2732\/revisions\/2856"}],"wp:attachment":[{"href":"https:\/\/siculapool.it\/es\/wp-json\/wp\/v2\/media?parent=2732"}],"curies":[{"name":"wp","href":"https:\/\/api.w.org\/{rel}","templated":true}]}}