{"id":37,"date":"2017-11-01T09:27:35","date_gmt":"2017-11-01T09:27:35","guid":{"rendered":"http:\/\/bassein.themerex.net\/?page_id=37"},"modified":"2021-03-22T14:47:36","modified_gmt":"2021-03-22T14:47:36","slug":"manutenzione-piscine","status":"publish","type":"page","link":"https:\/\/siculapool.it\/es\/manutenzione-piscine\/","title":{"rendered":"Mantenimiento de piscinas"},"content":{"rendered":"<div class=\"vc_row wpb_row vc_row-fluid\"><div class=\"wpb_column vc_column_container vc_col-sm-12 sc_layouts_column_icons_position_left\"><div class=\"vc_column-inner vc_custom_1616424447730\"><div class=\"wpb_wrapper\"><div id=\"sc_title_1413149335\"\n\t\tclass=\"sc_title color_style_default sc_title_default\"><h2 class=\"sc_item_title sc_title_title sc_align_left sc_item_title_style_default sc_item_title_tag\">MANTENIMIENTO: <\/h2><div class=\"sc_item_descr sc_title_descr sc_align_left\"><\/p>\n<h3>Profesionalidad y disponibilidad son solo algunas de las caracter\u00edsticas de nuestros t\u00e9cnicos.<\/h3>\n<p>\n<\/div><\/div><!-- \/.sc_title --><\/div><\/div><\/div><\/div><div class=\"vc_row wpb_row vc_row-fluid\"><div class=\"wpb_column vc_column_container vc_col-sm-12 sc_layouts_column_icons_position_left\"><div class=\"vc_column-inner\"><div class=\"wpb_wrapper\"><div class=\"vc_empty_space  height_tiny\"   style=\"height: 60px\" ><span class=\"vc_empty_space_inner\"><\/span><\/div>\n<\/div><\/div><\/div><\/div><div class=\"vc_row wpb_row vc_row-fluid\"><div class=\"wpb_column vc_column_container vc_col-sm-6 sc_layouts_column_icons_position_left\"><div class=\"vc_column-inner\"><div class=\"wpb_wrapper\">\n\t<div  class=\"wpb_single_image wpb_content_element vc_align_left\">\n\t\t\n\t\t<figure class=\"wpb_wrapper vc_figure\">\n\t\t\t<div class=\"vc_single_image-wrapper   vc_box_border_grey\"><img width=\"650\" height=\"650\" src=\"https:\/\/siculapool.it\/wp-content\/uploads\/2019\/02\/Siculapool-manutenzione-piscina.jpg\" class=\"vc_single_image-img attachment-full\" alt=\"\" loading=\"lazy\" srcset=\"https:\/\/siculapool.it\/wp-content\/uploads\/2019\/02\/Siculapool-manutenzione-piscina.jpg 650w, https:\/\/siculapool.it\/wp-content\/uploads\/2019\/02\/Siculapool-manutenzione-piscina-150x150.jpg 150w, https:\/\/siculapool.it\/wp-content\/uploads\/2019\/02\/Siculapool-manutenzione-piscina-300x300.jpg 300w, https:\/\/siculapool.it\/wp-content\/uploads\/2019\/02\/Siculapool-manutenzione-piscina-370x370.jpg 370w, https:\/\/siculapool.it\/wp-content\/uploads\/2019\/02\/Siculapool-manutenzione-piscina-90x90.jpg 90w\" sizes=\"(max-width: 650px) 100vw, 650px\" \/><\/div>\n\t\t<\/figure>\n\t<\/div>\n<\/div><\/div><\/div><div class=\"wpb_column vc_column_container vc_col-sm-6 sc_layouts_column_icons_position_left\"><div class=\"vc_column-inner\"><div class=\"wpb_wrapper\">\n\t<div class=\"wpb_text_column wpb_content_element\" >\n\t\t<div class=\"wpb_wrapper\">\n\t\t\t<p>El cliente que nos compra no solo recibe una espl\u00e9ndida piscina sino tambi\u00e9n la m\u00e1xima atenci\u00f3n antes y despu\u00e9s de la venta.<br \/>\nGracias a la experiencia adquirida a lo largo de los a\u00f1os encarg\u00e1ndose del mantenimiento de multitud de piscinas, Siculapool es capaz de ofrecer un contrato de mantenimiento programado de piscinas formulado teniendo en cuenta las necesidades reales del cliente, desde la naturaleza del sistema a servir, al uso al que est\u00e1 dise\u00f1ado para mantener su tanque en perfectas condiciones. De esta forma, se hace posible alargar la vida de su inversi\u00f3n, teniendo, adem\u00e1s, la certeza de contar siempre con un ambiente seguro y saludable para toda la familia.<br \/>\nEl mantenimiento de la piscina es fundamental para preservar las piscinas, tanto desde el punto de vista est\u00e9tico como funcional: las paredes de la piscina inevitablemente tienden a desarrollar desagradables concreciones calizas, mientras que en el fondo se acumulan peque\u00f1os residuos e impurezas.<br \/>\nLa bomba de recirculaci\u00f3n, el sistema de filtrado de agua, las salidas y todos los elementos de conexi\u00f3n requieren controles peri\u00f3dicos para asegurar el correcto funcionamiento de los mecanismos que depuran el agua y evitan que se estanque.<br \/>\nLa filosof\u00eda de Siculapool es crear piscinas para seguir en el tiempo. Cada cliente es asistido en la gesti\u00f3n de su piscina por t\u00e9cnicos especializados y por una asistencia puntual para el mantenimiento.<\/p>\n\n\t\t<\/div>\n\t<\/div>\n<\/div><\/div><\/div><\/div><div class=\"vc_row wpb_row vc_row-fluid\"><div class=\"wpb_column vc_column_container vc_col-sm-12 sc_layouts_column_icons_position_left\"><div class=\"vc_column-inner\"><div class=\"wpb_wrapper\"><div class=\"vc_empty_space  height_tiny\"   style=\"height: 64px\" ><span class=\"vc_empty_space_inner\"><\/span><\/div>\n<div class=\"vc_empty_space  height_tiny\"   style=\"height: 64px\" ><span class=\"vc_empty_space_inner\"><\/span><\/div>\n<\/div><\/div><\/div><\/div><div class=\"vc_row wpb_row vc_row-fluid\"><div class=\"wpb_column vc_column_container vc_col-sm-8 sc_layouts_column_icons_position_left\"><div class=\"vc_column-inner\"><div class=\"wpb_wrapper\"><div  id=\"sc_promo_853109019\" \n\tclass=\"sc_promo color_style_default sc_promo_default sc_promo_size_large sc_promo_no_paddings sc_promo_no_image\"><div class=\"sc_promo_text\" style=\"width: 100%;\">\n\t\t\t<div class=\"sc_promo_text_inner sc_content_width_100%\" style=\"\"><h6 class=\"sc_item_subtitle sc_promo_subtitle sc_align_center sc_item_title_style_default\">Siculapool<\/h6><h2 class=\"sc_item_title sc_promo_title sc_align_center sc_item_title_style_default\">Mantenimiento de piscinas<\/h2><div class=\"sc_item_descr sc_promo_descr sc_align_center\"><p>Gracias a nuestro personal cualificado, estamos en condiciones de prestar asistencia y mantenimiento de sistemas para piscinas privadas o p\u00fablicas con contratos regulares, estacionales, anuales o de guardia para intervenciones ordinarias o extraordinarias.<\/p>\n<p>Los servicios de mantenimiento que realizamos son:<\/p>\n<\/div><\/div>\n\t\t<\/div><!-- \/.sc_promo_text --><\/div><!-- \/.sc_promo --><\/div><\/div><\/div><div class=\"wpb_column vc_column_container vc_col-sm-4 sc_layouts_column_icons_position_left\"><div class=\"vc_column-inner\"><div class=\"wpb_wrapper\">\n\t<div  class=\"wpb_single_image wpb_content_element vc_align_left\">\n\t\t\n\t\t<figure class=\"wpb_wrapper vc_figure\">\n\t\t\t<div class=\"vc_single_image-wrapper   vc_box_border_grey\"><img width=\"2826\" height=\"2826\" src=\"https:\/\/siculapool.it\/wp-content\/uploads\/2019\/12\/Manutenzione-Piscina.jpg\" class=\"vc_single_image-img attachment-full\" alt=\"\" loading=\"lazy\" srcset=\"https:\/\/siculapool.it\/wp-content\/uploads\/2019\/12\/Manutenzione-Piscina.jpg 2826w, https:\/\/siculapool.it\/wp-content\/uploads\/2019\/12\/Manutenzione-Piscina-150x150.jpg 150w, https:\/\/siculapool.it\/wp-content\/uploads\/2019\/12\/Manutenzione-Piscina-300x300.jpg 300w, https:\/\/siculapool.it\/wp-content\/uploads\/2019\/12\/Manutenzione-Piscina-768x768.jpg 768w, https:\/\/siculapool.it\/wp-content\/uploads\/2019\/12\/Manutenzione-Piscina-1024x1024.jpg 1024w, https:\/\/siculapool.it\/wp-content\/uploads\/2019\/12\/Manutenzione-Piscina-370x370.jpg 370w, https:\/\/siculapool.it\/wp-content\/uploads\/2019\/12\/Manutenzione-Piscina-760x760.jpg 760w, https:\/\/siculapool.it\/wp-content\/uploads\/2019\/12\/Manutenzione-Piscina-90x90.jpg 90w\" sizes=\"(max-width: 2826px) 100vw, 2826px\" \/><\/div>\n\t\t<\/figure>\n\t<\/div>\n<\/div><\/div><\/div><\/div><div class=\"vc_row wpb_row vc_row-fluid vc_custom_1578566118467\"><div class=\"wpb_column vc_column_container vc_col-sm-6 sc_layouts_column_icons_position_left\"><div class=\"vc_column-inner\"><div class=\"wpb_wrapper\">\n\t<div class=\"wpb_text_column wpb_content_element\" >\n\t\t<div class=\"wpb_wrapper\">\n\t\t\t<h5>MANTENIMIENTO ORDINARIO<\/h5>\n\n\t\t<\/div>\n\t<\/div>\n<\/div><\/div><\/div><div class=\"wpb_column vc_column_container vc_col-sm-6 sc_layouts_column_icons_position_left\"><div class=\"vc_column-inner\"><div class=\"wpb_wrapper\">\n\t<div class=\"wpb_text_column wpb_content_element\" >\n\t\t<div class=\"wpb_wrapper\">\n\t\t\t<h5>INTERVENCIONES EXTRAORDINARIAS<\/h5>\n\n\t\t<\/div>\n\t<\/div>\n<\/div><\/div><\/div><\/div><div class=\"vc_row wpb_row vc_row-fluid\"><div class=\"wpb_column vc_column_container vc_col-sm-12 sc_layouts_column_icons_position_left\"><div class=\"vc_column-inner vc_custom_1576063383539\"><div class=\"wpb_wrapper\"><div class=\"vc_row wpb_row vc_inner vc_row-fluid\"><div class=\"wpb_column vc_column_container vc_col-sm-6 sc_layouts_column_icons_position_left\"><div class=\"vc_column-inner\"><div class=\"wpb_wrapper\">\n\t<div class=\"wpb_text_column wpb_content_element\" >\n\t\t<div class=\"wpb_wrapper\">\n\t\t\t<ul class=\"trx_addons_list trx_addons_list_dot\">\n<li><strong>Limpieza del fondo, la pared, la piscina y la l\u00ednea de agua\u00a0<\/strong><\/li>\n<li><strong>limpieza de piscinas<\/strong><\/li>\n<li><strong>Limpieza de todos los filtros de la piscina<\/strong><\/li>\n<li><strong>Tratamiento y resoluci\u00f3n de problemas relacionados con la calidad del agua a trav\u00e9s de<\/strong><strong>control, an\u00e1lisis y dosificaci\u00f3n de Cloro, Ph, Ox\u00edgeno, Floculante<\/strong><\/li>\n<li><strong>Limpieza del borde de la piscina, del canal y del tanque de compensaci\u00f3n<\/strong><\/li>\n<\/ul>\n\n\t\t<\/div>\n\t<\/div>\n<\/div><\/div><\/div><div class=\"wpb_column vc_column_container vc_col-sm-6 sc_layouts_column_icons_position_left\"><div class=\"vc_column-inner\"><div class=\"wpb_wrapper\">\n\t<div class=\"wpb_text_column wpb_content_element\" >\n\t\t<div class=\"wpb_wrapper\">\n\t\t\t<ul class=\"trx_addons_list trx_addons_list_dot\">\n<li><strong>Mantenimiento de sistemas de filtraci\u00f3n y sustituci\u00f3n relativa de arena de cuarzo.<\/strong><\/li>\n<li><strong>Reemplazo de accesorios en la piscina .<\/strong><\/li>\n<li><strong>Prueba de estanqueidad hidr\u00e1ulica de los tubos de la ba\u00f1era<\/strong><\/li>\n<li><strong>Instalaci\u00f3n de Greca perimetral para tapar cualquier halo negro, por desgaste o envejecimiento natural de la l\u00e1mina, presente en la piscina<\/strong><\/li>\n<li><strong>Instalaci\u00f3n de sistemas de control autom\u00e1tico y dosificaci\u00f3n de PH y cloro <\/strong><\/li>\n<li><strong> Eliminaci\u00f3n de manchas dif\u00edciles (sarro, \u00f3xido, residuos org\u00e1nicos)<br \/>\n<\/strong><\/li>\n<li><strong>Saneamiento del tanque de compensaci\u00f3n y canal perimetral<br \/>\n<\/strong><\/li>\n<li><strong>Instalaci\u00f3n de sistema de esterilizaci\u00f3n de sal (electr\u00f3lisis)\n<li>Sustituci\u00f3n del liner\/cobertura existente de su piscina<\/li>\n<li>Cubierta de invierno y retiro de la cubierta<br \/>\n<\/strong><\/li>\n<\/ul>\n\n\t\t<\/div>\n\t<\/div>\n<\/div><\/div><\/div><\/div><\/div><\/div><\/div><\/div><div class=\"vc_row wpb_row vc_row-fluid vc_custom_1575997867070\"><div class=\"wpb_column vc_column_container vc_col-sm-12 sc_layouts_column_icons_position_left\"><div class=\"vc_column-inner\"><div class=\"wpb_wrapper\"><div  id=\"sc_price_564146702\" \n\tclass=\"sc_price color_style_default sc_price_default\"><div class=\"sc_price_columns_wrap sc_item_columns trx_addons_columns_wrap columns_padding_bottom\"><div class=\"trx_addons_column-1_2\"><div class=\"sc_price_item sc_price_item_default with_image with_bg_color\" style=\"background-color:#ffffff;\">\n\t\t\t\t\t\t\t<div class=\"sc_price_item_mask\"><\/div>\n\t\t\t\t<div class=\"sc_price_item_inner\">\n\t\t\t\t<div class=\"sc_price_item_info\"><h3 class=\"sc_price_item_title\"><span>CONTRATO DE TEMPORADA<\/span><\/h3><div class=\"sc_price_item_description\"><span>Mantenimiento y limpieza 4 veces al mes durante 4 meses.<br>La propuesta incluye todo lo siguiente durante 4 meses del a\u00f1o<\/span><\/div><div class=\"sc_price_item_details\"><li>Limpiar el fondo y las paredes de la piscina<\/li>\n<li>Limpieza de todos los filtros de la piscina<\/li>\n<li>Limpieza del borde la piscina<\/li>\n<li>Tratamiento y resoluci\u00f3n de problemas relacionados con la calidad del agua mediante control, an\u00e1lisis y dosificaci\u00f3n de Cloro, Ph, Ox\u00edgeno, Floculante y Antialgas<\/li>\n\n<\/div><a href=\"https:\/\/siculapool.it\/es\/contatti\/\" class=\"sc_price_item_link sc_button sc_button color_style_link3 sc_button_default sc_button_size_small\">Cont\u00e1ctenos<\/a><\/div><!-- \/.sc_price_item_info --><\/div><!-- \/.sc_price_item_inner --><\/div><\/div><div class=\"trx_addons_column-1_2\"><div class=\"sc_price_item sc_price_item_default with_image with_bg_color\" style=\"background-color:#ffffff;\">\n\t\t\t\t\t\t\t<div class=\"sc_price_item_mask\"><\/div>\n\t\t\t\t<div class=\"sc_price_item_inner\">\n\t\t\t\t<div class=\"sc_price_item_info\"><h3 class=\"sc_price_item_title\"><span>CONTRATO ANUAL<\/span><\/h3><div class=\"sc_price_item_description\"><span>Manutenzione e pulizia per 12 mesi. <br>La propuesta incluye todo lo siguiente durante 12 meses del a\u00f1o<\/span><\/div><div class=\"sc_price_item_details\"><li>Limpiar el fondo y las paredes de la piscina<\/li>\n<li>Limpieza de todos los filtros de la piscina<\/li>\n<li>Limpieza del borde la piscina<\/li>\n<li>Tratamiento y resoluci\u00f3n de problemas relacionados con la calidad del agua mediante control, an\u00e1lisis y dosificaci\u00f3n de Cloro, Ph, Ox\u00edgeno, Floculante y Antialgas<\/li>\n<\/div><a href=\"https:\/\/siculapool.it\/es\/contatti\/\" class=\"sc_price_item_link sc_button sc_button color_style_link3 sc_button_default sc_button_size_small\">Cont\u00e1ctenos<\/a><\/div><!-- \/.sc_price_item_info --><\/div><!-- \/.sc_price_item_inner --><\/div><\/div><\/div><\/div><!-- \/.sc_price --><div  id=\"sc_price_1589773404\" \n\tclass=\"sc_price color_style_default sc_price_default\"><div class=\"sc_price_columns_wrap sc_item_columns trx_addons_columns_wrap columns_padding_bottom\"><div class=\"trx_addons_column-1_2\"><div class=\"sc_price_item sc_price_item_default with_image with_bg_color\" style=\"background-color:#ffffff;\">\n\t\t\t\t\t\t\t<div class=\"sc_price_item_mask\"><\/div>\n\t\t\t\t<div class=\"sc_price_item_inner\">\n\t\t\t\t<div class=\"sc_price_item_info\"><h3 class=\"sc_price_item_title\"><span>CONTRATO DE TEMPORADA 2<\/span><\/h3><div class=\"sc_price_item_description\"><span>Mantenimiento y limpieza 2 veces al mes durante 4 meses. <br>La oferta incluye todo lo siguiente dos veces al mes durante un total de 4 meses:<\/span><\/div><div class=\"sc_price_item_details\"><li>Limpiar el fondo y las paredes de la piscina<\/li>\n<li>Limpieza de todos los filtros de la piscina<\/li>\n<li>Limpieza del borde la piscina<\/li>\n<li>Tratamiento y resoluci\u00f3n de problemas relacionados con la calidad del agua mediante control, an\u00e1lisis y dosificaci\u00f3n de Cloro, Ph, Ox\u00edgeno, Floculante y Antialgas<\/li>\n<\/div><a href=\"https:\/\/siculapool.it\/es\/contatti\/\" class=\"sc_price_item_link sc_button sc_button color_style_link3 sc_button_default sc_button_size_small\">Cont\u00e1ctenos<\/a><\/div><!-- \/.sc_price_item_info --><\/div><!-- \/.sc_price_item_inner --><\/div><\/div><div class=\"trx_addons_column-1_2\"><div class=\"sc_price_item sc_price_item_default with_image with_bg_color\" style=\"background-color:#ffffff;\">\n\t\t\t\t\t\t\t<div class=\"sc_price_item_mask\"><\/div>\n\t\t\t\t<div class=\"sc_price_item_inner\">\n\t\t\t\t<div class=\"sc_price_item_info\"><h3 class=\"sc_price_item_title\"><span>INTERVENCI\u00d3N POR LLAMADA<\/span><\/h3><div class=\"sc_price_item_description\"><span>La propuesta incluye todo lo siguiente en la convocatoria:<\/span><\/div><div class=\"sc_price_item_details\"><li>Limpiar el fondo y las paredes de la piscina<\/li>\n<li>Limpieza de todos los filtros de la piscina<\/li>\n<li>Limpieza del borde la piscina<\/li>\n<li>Tratamiento y resoluci\u00f3n de problemas relacionados con la calidad del agua mediante control, an\u00e1lisis y dosificaci\u00f3n de Cloro, Ph, Ox\u00edgeno, Floculante y Antialgas<\/li>\n\n<\/div><a href=\"https:\/\/siculapool.it\/es\/contatti\/\" class=\"sc_price_item_link sc_button sc_button color_style_link3 sc_button_default sc_button_size_small\">Cont\u00e1ctenos<\/a><\/div><!-- \/.sc_price_item_info --><\/div><!-- \/.sc_price_item_inner --><\/div><\/div><\/div><\/div><!-- \/.sc_price --><\/div><\/div><\/div><\/div><div class=\"vc_row wpb_row vc_row-fluid\"><div class=\"wpb_column vc_column_container vc_col-sm-12 sc_layouts_column_icons_position_left\"><div class=\"vc_column-inner\"><div class=\"wpb_wrapper\">\n\t<div class=\"wpb_text_column wpb_content_element  vc_custom_1550227999104\" >\n\t\t<div class=\"wpb_wrapper\">\n\t\t\t<h2>Cont\u00e1ctenos<\/h2>\n\n\t\t<\/div>\n\t<\/div>\n<\/div><\/div><\/div><div class=\"wpb_column vc_column_container vc_col-sm-6 sc_layouts_column_icons_position_left\"><div class=\"vc_column-inner\"><div class=\"wpb_wrapper\"><div class=\"wpb_gmaps_widget wpb_content_element\" >\n\t\t<div class=\"wpb_wrapper\">\n\t\t<div class=\"wpb_map_wraper\">\n\t\t\t<iframe src=\"https:\/\/www.google.com\/maps\/embed?pb=!1m18!1m12!1m3!1d3165.8440484281095!2d13.991461015309374!3d37.48800637981266!2m3!1f0!2f0!3f0!3m2!1i1024!2i768!4f13.1!3m3!1m2!1s0x1310ebd98890822d%3A0x17e759e92bbd174b!2sSiculapool%20%7C%20N.1%20nella%20realizzazione%20di%20Piscine%20in%20Sicilia!5e0!3m2!1sit!2sit!4v1580831501536!5m2!1sit!2sit\" width=\"650\" height=\"732\" frameborder=\"0\" style=\"border:0;\" allowfullscreen=\"\"><\/iframe>\t\t<\/div>\n\t<\/div>\n<\/div>\n<\/div><\/div><\/div><div class=\"wpb_column vc_column_container vc_col-sm-6 sc_layouts_column_icons_position_left\"><div class=\"vc_column-inner\"><div class=\"wpb_wrapper\">\n\t<div class=\"wpb_text_column wpb_content_element\" >\n\t\t<div class=\"wpb_wrapper\">\n\t\t\t<div role=\"form\" class=\"wpcf7\" id=\"wpcf7-f1442-o1\" lang=\"en-US\" dir=\"ltr\">\n<div class=\"screen-reader-response\"><p role=\"status\" aria-live=\"polite\" aria-atomic=\"true\"><\/p> <ul><\/ul><\/div>\n<form action=\"\/es\/wp-json\/wp\/v2\/pages\/37#wpcf7-f1442-o1\" method=\"post\" class=\"wpcf7-form init\" novalidate=\"novalidate\" data-status=\"init\" data-trp-original-action=\"\/es\/wp-json\/wp\/v2\/pages\/37#wpcf7-f1442-o1\">\n<div style=\"display: none;\">\n<input type=\"hidden\" name=\"_wpcf7\" value=\"1442\" \/>\n<input type=\"hidden\" name=\"_wpcf7_version\" value=\"5.5.3\" \/>\n<input type=\"hidden\" name=\"_wpcf7_locale\" value=\"en_US\" \/>\n<input type=\"hidden\" name=\"_wpcf7_unit_tag\" value=\"wpcf7-f1442-o1\" \/>\n<input type=\"hidden\" name=\"_wpcf7_container_post\" value=\"0\" \/>\n<input type=\"hidden\" name=\"_wpcf7_posted_data_hash\" value=\"\" \/>\n<input type=\"hidden\" name=\"_wpcf7_recaptcha_response\" value=\"\" \/>\n<\/div>\n<div class=\"sc_contact_form7 sc_item_columns trx_addons_columns_wrap columns_padding_bottom\">\n<div class=\"trx_addons_column-1_2\">\n           <label> Nombre*<\/label><br \/>\n           <span class=\"wpcf7-form-control-wrap first-name\"><input type=\"text\" name=\"first-name\" value=\"\" size=\"40\" class=\"wpcf7-form-control wpcf7-text wpcf7-validates-as-required\" aria-required=\"true\" aria-invalid=\"false\" placeholder=\"Nombre*\" \/><\/span>\n      <\/div>\n<div class=\"trx_addons_column-1_2\">\n          <label> Apellido*<\/label><br \/>\n          <span class=\"wpcf7-form-control-wrap last-name\"><input type=\"text\" name=\"last-name\" value=\"\" size=\"40\" class=\"wpcf7-form-control wpcf7-text wpcf7-validates-as-required\" aria-required=\"true\" aria-invalid=\"false\" placeholder=\"Apellido*\" \/><\/span>\n      <\/div>\n<div class=\"trx_addons_column-1_2\">\n         <label> Correo electr\u00f3nico*<\/label><br \/>\n         <span class=\"wpcf7-form-control-wrap your-email\"><input type=\"email\" name=\"your-email\" value=\"\" size=\"40\" class=\"wpcf7-form-control wpcf7-text wpcf7-email wpcf7-validates-as-required wpcf7-validates-as-email\" aria-required=\"true\" aria-invalid=\"false\" placeholder=\"Correo electr\u00f3nico*\" \/><\/span>\n      <\/div>\n<div class=\"trx_addons_column-1_2\">\n         <label> Tel\u00e9fono*<\/label><br \/>\n         <span class=\"wpcf7-form-control-wrap telefono\"><input type=\"tel\" name=\"telefono\" value=\"\" size=\"40\" class=\"wpcf7-form-control wpcf7-text wpcf7-tel wpcf7-validates-as-required wpcf7-validates-as-tel\" aria-required=\"true\" aria-invalid=\"false\" placeholder=\"Tel\u00e9fono*\" \/><\/span>\n      <\/div>\n<div class=\"trx_addons_column-1_2\">\n         <label> Ciudad*<\/label><br \/>\n         <span class=\"wpcf7-form-control-wrap citta\"><input type=\"text\" name=\"citta\" value=\"\" size=\"40\" class=\"wpcf7-form-control wpcf7-text wpcf7-validates-as-required\" aria-required=\"true\" aria-invalid=\"false\" placeholder=\"Ciudad*\" \/><\/span>\n      <\/div>\n<div class=\"trx_addons_column-1_2\">\n         <label> Provincia*<\/label><br \/>\n         <span class=\"wpcf7-form-control-wrap prov\"><input type=\"text\" name=\"prov\" value=\"\" size=\"40\" class=\"wpcf7-form-control wpcf7-text wpcf7-validates-as-required\" aria-required=\"true\" aria-invalid=\"false\" placeholder=\"Provincia\" \/><\/span>\n      <\/div>\n<\/div>\n<div class=\"sc_contact_form7_message\">\n        <label> Mensaje<\/label><br \/>\n        <span class=\"wpcf7-form-control-wrap message\"><textarea name=\"message\" cols=\"40\" rows=\"10\" class=\"wpcf7-form-control wpcf7-textarea\" aria-invalid=\"false\" placeholder=\"Mensaje\"><\/textarea><\/span>\n<\/div>\n<div class=\"sc_contact_form7 sc_contact_form7_button\">\n    <input type=\"submit\" value=\"Enviar\" class=\"wpcf7-form-control has-spinner wpcf7-submit\" \/>\n<\/div>\n<div class=\"wpcf7-response-output\" aria-hidden=\"true\"><\/div><input type=\"hidden\" name=\"trp-form-language\" value=\"es\"\/><\/form><\/div>\n\n\t\t<\/div>\n\t<\/div>\n<\/div><\/div><\/div><\/div>","protected":false},"excerpt":{"rendered":"MANUTENZIONE: Professionalit\u00e0 E Disponibilit\u00e0 Sono Solo Alcune Delle Caratteristiche Dei Nostri Tecnici. Il cliente che acquista da noi non solo ottiene una splendida piscina ma anche la massima attenzione prima e dopo la vendita. Grazie&hellip;","protected":false},"author":1,"featured_media":0,"parent":0,"menu_order":0,"comment_status":"closed","ping_status":"closed","template":"","meta":{"_mi_skip_tracking":false},"_links":{"self":[{"href":"https:\/\/siculapool.it\/es\/wp-json\/wp\/v2\/pages\/37"}],"collection":[{"href":"https:\/\/siculapool.it\/es\/wp-json\/wp\/v2\/pages"}],"about":[{"href":"https:\/\/siculapool.it\/es\/wp-json\/wp\/v2\/types\/page"}],"author":[{"embeddable":true,"href":"https:\/\/siculapool.it\/es\/wp-json\/wp\/v2\/users\/1"}],"replies":[{"embeddable":true,"href":"https:\/\/siculapool.it\/es\/wp-json\/wp\/v2\/comments?post=37"}],"version-history":[{"count":24,"href":"https:\/\/siculapool.it\/es\/wp-json\/wp\/v2\/pages\/37\/revisions"}],"predecessor-version":[{"id":3007,"href":"https:\/\/siculapool.it\/es\/wp-json\/wp\/v2\/pages\/37\/revisions\/3007"}],"wp:attachment":[{"href":"https:\/\/siculapool.it\/es\/wp-json\/wp\/v2\/media?parent=37"}],"curies":[{"name":"wp","href":"https:\/\/api.w.org\/{rel}","templated":true}]}}