{"id":846,"date":"2019-02-06T15:36:54","date_gmt":"2019-02-06T15:36:54","guid":{"rendered":"https:\/\/siculapool.it\/?page_id=846"},"modified":"2020-02-13T08:27:35","modified_gmt":"2020-02-13T08:27:35","slug":"realizzazione-piscine","status":"publish","type":"page","link":"https:\/\/siculapool.it\/es\/realizzazione-piscine\/","title":{"rendered":"Realizzazioni Piscine"},"content":{"rendered":"<div class=\"vc_row wpb_row vc_row-fluid\"><div class=\"wpb_column vc_column_container vc_col-sm-12 sc_layouts_column_icons_position_left\"><div class=\"vc_column-inner\"><div class=\"wpb_wrapper\"><div class=\"vc_empty_space\"   style=\"height: 4em\" ><span class=\"vc_empty_space_inner\"><\/span><\/div>\n<\/div><\/div><\/div><\/div><div class=\"vc_row wpb_row vc_row-fluid\"><div class=\"wpb_column vc_column_container vc_col-sm-12 sc_layouts_column_icons_position_left\"><div class=\"vc_column-inner\"><div class=\"wpb_wrapper\"><div class=\"vc_empty_space\"   style=\"height: 4em\" ><span class=\"vc_empty_space_inner\"><\/span><\/div>\n<div id=\"sc_title_221696640\"\n\t\tclass=\"sc_title color_style_default sc_title_default\"><h1 class=\"sc_item_title sc_title_title sc_align_left sc_item_title_style_default sc_item_title_tag\"><\/p>\n<h2>Siculapool: N.1 en la construcci\u00f3n de piscinas en Sicilia<\/h2>\n<h2><\/h1><div class=\"sc_item_descr sc_title_descr sc_align_left\"><p>Siculapool es una empresa de constructores de piscinas con m\u00e1s de 30 a\u00f1os de experiencia, ubicada en San Cataldo en la provincia de Caltanissetta.<br \/>\nSiamo specializzati nella Progettazione, Costruzione, Vendita e Manutenzione di Piscine che meglio soddisfano le esigenze dei nostri clienti.<\/p>\n<\/div><\/div><!-- \/.sc_title --><div class=\"vc_empty_space  hide_on_tablet hide_on_mobile\"   style=\"height: 2.9em\" ><span class=\"vc_empty_space_inner\"><\/span><\/div>\n<div class=\"vc_empty_space\"   style=\"height: 2em\" ><span class=\"vc_empty_space_inner\"><\/span><\/div>\n<\/div><\/div><\/div><div class=\"wpb_column vc_column_container vc_col-sm-5 sc_layouts_column_icons_position_left\"><div class=\"vc_column-inner\"><div class=\"wpb_wrapper\"><div class=\"vc_empty_space  height_tiny\"   style=\"height: 50px\" ><span class=\"vc_empty_space_inner\"><\/span><\/div>\n<div class=\"vc_empty_space  height_tiny\"   style=\"height: 50px\" ><span class=\"vc_empty_space_inner\"><\/span><\/div>\n<div class=\"vc_empty_space  height_tiny\"   style=\"height: 50px\" ><span class=\"vc_empty_space_inner\"><\/span><\/div>\n<div class=\"vc_empty_space  height_tiny\"   style=\"height: 50px\" ><span class=\"vc_empty_space_inner\"><\/span><\/div>\n\n\t<div  class=\"wpb_single_image wpb_content_element vc_align_left\">\n\t\t\n\t\t<figure class=\"wpb_wrapper vc_figure\">\n\t\t\t<div class=\"vc_single_image-wrapper   vc_box_border_grey\"><img width=\"800\" height=\"663\" src=\"https:\/\/siculapool.it\/wp-content\/uploads\/2019\/02\/Siculpiscine-strada-che-porta-alla-tua-piscina.jpg\" class=\"vc_single_image-img attachment-full\" alt=\"\" loading=\"lazy\" srcset=\"https:\/\/siculapool.it\/wp-content\/uploads\/2019\/02\/Siculpiscine-strada-che-porta-alla-tua-piscina.jpg 800w, https:\/\/siculapool.it\/wp-content\/uploads\/2019\/02\/Siculpiscine-strada-che-porta-alla-tua-piscina-300x249.jpg 300w, https:\/\/siculapool.it\/wp-content\/uploads\/2019\/02\/Siculpiscine-strada-che-porta-alla-tua-piscina-768x636.jpg 768w, https:\/\/siculapool.it\/wp-content\/uploads\/2019\/02\/Siculpiscine-strada-che-porta-alla-tua-piscina-370x307.jpg 370w, https:\/\/siculapool.it\/wp-content\/uploads\/2019\/02\/Siculpiscine-strada-che-porta-alla-tua-piscina-760x630.jpg 760w\" sizes=\"(max-width: 800px) 100vw, 800px\" \/><\/div>\n\t\t<\/figure>\n\t<\/div>\n<\/div><\/div><\/div><div class=\"wpb_column vc_column_container vc_col-sm-7 sc_layouts_column_icons_position_left\"><div class=\"vc_column-inner\"><div class=\"wpb_wrapper\"><div class=\"vc_empty_space  height_tiny\"   style=\"height: 50px\" ><span class=\"vc_empty_space_inner\"><\/span><\/div>\n<div class=\"vc_empty_space  height_tiny\"   style=\"height: 50px\" ><span class=\"vc_empty_space_inner\"><\/span><\/div>\n<div class=\"vc_empty_space  height_tiny\"   style=\"height: 50px\" ><span class=\"vc_empty_space_inner\"><\/span><\/div>\n<div class=\"vc_empty_space  vc_custom_1549878381494 hide_on_notebook hide_on_tablet hide_on_mobile height_tiny\"   style=\"height: 32px\" ><span class=\"vc_empty_space_inner\"><\/span><\/div>\n\n\t<div class=\"wpb_text_column wpb_content_element\" >\n\t\t<div class=\"wpb_wrapper\">\n\t\t\t<p>Construir una piscina para tu vivienda o negocio es una elecci\u00f3n fundamental, ya que ser\u00e1 el lugar en verano donde podr\u00e1s pasar la mayor parte de tu tiempo en compa\u00f1\u00eda o de relax.<\/p>\n<p>Siculapool en San Cataldo en la provincia de Caltanissetta aporta muchos a\u00f1os de experiencia en el campo del dise\u00f1o y la construcci\u00f3n de piscinas, ocup\u00e1ndose de todos los proyectos desde todos los puntos de vista y satisfaciendo todas las necesidades del cliente.<\/p>\n<p>Llevamos 30 a\u00f1os ocup\u00e1ndonos de piscinas desde la construcci\u00f3n hasta el mantenimiento con un servicio 360\u00b0. Gracias a nuestra presencia en el territorio siciliano, nuestro personal altamente cualificado resolver\u00e1 cualquier tipo de problema relacionado con la construcci\u00f3n y mantenimiento de la piscina.<\/p>\n<p>&nbsp;<\/p>\n\n\t\t<\/div>\n\t<\/div>\n<\/div><\/div><\/div><div class=\"wpb_column vc_column_container vc_col-sm-12 sc_layouts_column_icons_position_left\"><div class=\"vc_column-inner\"><div class=\"wpb_wrapper\"><div class=\"vc_empty_space  vc_custom_1550133148745 height_tiny\"   style=\"height: 32px\" ><span class=\"vc_empty_space_inner\"><\/span><\/div>\n<\/div><\/div><\/div><\/div><div class=\"vc_row wpb_row vc_row-fluid\"><div class=\"wpb_column vc_column_container vc_col-sm-6 sc_layouts_column_icons_position_left\"><div class=\"vc_column-inner\"><div class=\"wpb_wrapper\">\n\t<div  class=\"wpb_single_image wpb_content_element vc_align_left\">\n\t\t\n\t\t<figure class=\"wpb_wrapper vc_figure\">\n\t\t\t<div class=\"vc_single_image-wrapper   vc_box_border_grey\"><img width=\"1920\" height=\"1440\" src=\"https:\/\/siculapool.it\/wp-content\/uploads\/2019\/02\/Siculpiscine-piscina-panoramica-4.jpg\" class=\"vc_single_image-img attachment-full\" alt=\"\" loading=\"lazy\" srcset=\"https:\/\/siculapool.it\/wp-content\/uploads\/2019\/02\/Siculpiscine-piscina-panoramica-4.jpg 1920w, https:\/\/siculapool.it\/wp-content\/uploads\/2019\/02\/Siculpiscine-piscina-panoramica-4-300x225.jpg 300w, https:\/\/siculapool.it\/wp-content\/uploads\/2019\/02\/Siculpiscine-piscina-panoramica-4-768x576.jpg 768w, https:\/\/siculapool.it\/wp-content\/uploads\/2019\/02\/Siculpiscine-piscina-panoramica-4-1024x768.jpg 1024w, https:\/\/siculapool.it\/wp-content\/uploads\/2019\/02\/Siculpiscine-piscina-panoramica-4-370x278.jpg 370w, https:\/\/siculapool.it\/wp-content\/uploads\/2019\/02\/Siculpiscine-piscina-panoramica-4-760x570.jpg 760w\" sizes=\"(max-width: 1920px) 100vw, 1920px\" \/><\/div>\n\t\t<\/figure>\n\t<\/div>\n<\/div><\/div><\/div><div class=\"wpb_column vc_column_container vc_col-sm-6 sc_layouts_column_icons_position_left\"><div class=\"vc_column-inner\"><div class=\"wpb_wrapper\">\n\t<div  class=\"wpb_single_image wpb_content_element vc_align_left\">\n\t\t\n\t\t<figure class=\"wpb_wrapper vc_figure\">\n\t\t\t<div class=\"vc_single_image-wrapper   vc_box_border_grey\"><img width=\"1920\" height=\"1440\" src=\"https:\/\/siculapool.it\/wp-content\/uploads\/2019\/02\/Siculpiscine-piscina-panoramica-2-3.jpg\" class=\"vc_single_image-img attachment-full\" alt=\"\" loading=\"lazy\" srcset=\"https:\/\/siculapool.it\/wp-content\/uploads\/2019\/02\/Siculpiscine-piscina-panoramica-2-3.jpg 1920w, https:\/\/siculapool.it\/wp-content\/uploads\/2019\/02\/Siculpiscine-piscina-panoramica-2-3-300x225.jpg 300w, https:\/\/siculapool.it\/wp-content\/uploads\/2019\/02\/Siculpiscine-piscina-panoramica-2-3-768x576.jpg 768w, https:\/\/siculapool.it\/wp-content\/uploads\/2019\/02\/Siculpiscine-piscina-panoramica-2-3-1024x768.jpg 1024w, https:\/\/siculapool.it\/wp-content\/uploads\/2019\/02\/Siculpiscine-piscina-panoramica-2-3-370x278.jpg 370w, https:\/\/siculapool.it\/wp-content\/uploads\/2019\/02\/Siculpiscine-piscina-panoramica-2-3-760x570.jpg 760w\" sizes=\"(max-width: 1920px) 100vw, 1920px\" \/><\/div>\n\t\t<\/figure>\n\t<\/div>\n<\/div><\/div><\/div><\/div><div class=\"vc_row wpb_row vc_row-fluid\"><div class=\"wpb_column vc_column_container vc_col-sm-12 sc_layouts_column_icons_position_left\"><div class=\"vc_column-inner\"><div class=\"wpb_wrapper\"><div class=\"vc_empty_space  vc_custom_1550133179014 height_tiny\"   style=\"height: 60px\" ><span class=\"vc_empty_space_inner\"><\/span><\/div>\n<\/div><\/div><\/div><\/div><div class=\"vc_row wpb_row vc_row-fluid\"><div class=\"wpb_column vc_column_container vc_col-sm-12 sc_layouts_column_icons_position_left\"><div class=\"vc_column-inner\"><div class=\"wpb_wrapper\">\n\t<div class=\"wpb_text_column wpb_content_element  vc_custom_1575540231131\" >\n\t\t<div class=\"wpb_wrapper\">\n\t\t\t<\/h2>\n<h2 style=\"text-align: center;\">DESCUBRE LOS MODELOS<br \/>\nDE NUESTRAS PISCINAS<\/h2>\n\n\t\t<\/div>\n\t<\/div>\n<\/div><\/div><\/div><\/div><div class=\"vc_row wpb_row vc_row-fluid\"><div class=\"wpb_column vc_column_container vc_col-sm-12 sc_layouts_column_icons_position_left\"><div class=\"vc_column-inner\"><div class=\"wpb_wrapper\"><div  id=\"sc_price_756874033\" \n\tclass=\"sc_price color_style_default sc_price_default\"><div class=\"sc_price_columns_wrap sc_item_columns trx_addons_columns_wrap columns_padding_bottom\"><div class=\"trx_addons_column-1_2\"><div class=\"sc_price_item sc_price_item_default with_image with_bg_color\" style=\"background-color:#ffffff;\">\n\t\t\t\t\t\t\t<div class=\"sc_price_item_mask\"><\/div>\n\t\t\t\t<div class=\"sc_price_item_inner\">\n\t\t\t\t<div class=\"sc_price_item_info\"><h3 class=\"sc_price_item_title\"><span>FENICIA<\/span><\/h3><div class=\"sc_price_item_details\"><img class=\"path_piscina\" src=\"https:\/\/siculapool.it\/wp-content\/uploads\/2020\/02\/Fenicia.png\" alt=\"piscina Siculapool Fenicia\">\n<ul>\n \t<li><b>Medidas:<\/b><\/li>\n \t<li><b>Longitud<\/b>: 10 m<\/li>\n \t<li><b>Ancho<\/b>:  5 m<\/li>\n \t<li><b>Profundidad<\/b>: <br>h 1,2 a 1,80<\/li>\n<\/ul><\/div><a href=\"https:\/\/siculapool.it\/es\/piscina-fenicia\/\" class=\"sc_price_item_link sc_button sc_button color_style_link3 sc_button_default sc_button_size_small\">Saber m\u00e1s<\/a><\/div><!-- \/.sc_price_item_info --><\/div><!-- \/.sc_price_item_inner --><\/div><\/div><div class=\"trx_addons_column-1_2\"><div class=\"sc_price_item sc_price_item_default with_image with_bg_color\" style=\"background-color:#ffffff;\">\n\t\t\t\t\t\t\t<div class=\"sc_price_item_mask\"><\/div>\n\t\t\t\t<div class=\"sc_price_item_inner\">\n\t\t\t\t<div class=\"sc_price_item_info\"><h3 class=\"sc_price_item_title\"><span>ELIMA<\/span><\/h3><div class=\"sc_price_item_details\"><img class=\"path_piscina\" src=\"https:\/\/siculapool.it\/wp-content\/uploads\/2020\/02\/Elima.png\"  alt=\"piscina Siculapool Elima\">\n<ul>\n \t<li><b>Medidas:<\/b><\/li>\n \t<li><b>Longitud<\/b>: 8 m<\/li>\n \t<li><b>Ancho<\/b>:  5 m<\/li>\n \t<li><b>Profundidad<\/b>: <br>h 1,5 m (fondo piano)<\/li>\n<\/ul><\/div><a href=\"https:\/\/siculapool.it\/es\/piscina-elima\/\" class=\"sc_price_item_link sc_button sc_button color_style_link3 sc_button_default sc_button_size_small\">Saber m\u00e1s<\/a><\/div><!-- \/.sc_price_item_info --><\/div><!-- \/.sc_price_item_inner --><\/div><\/div><\/div><\/div><!-- \/.sc_price --><\/div><\/div><\/div><\/div><div class=\"vc_row wpb_row vc_row-fluid\"><div class=\"wpb_column vc_column_container vc_col-sm-12 sc_layouts_column_icons_position_left\"><div class=\"vc_column-inner\"><div class=\"wpb_wrapper\"><div  id=\"sc_price_508193826\" \n\tclass=\"sc_price color_style_default sc_price_default\"><div class=\"sc_price_columns_wrap sc_item_columns trx_addons_columns_wrap columns_padding_bottom\"><div class=\"trx_addons_column-1_3\"><div class=\"sc_price_item sc_price_item_default with_image with_bg_color\" style=\"background-color:#ffffff;\">\n\t\t\t\t\t\t\t<div class=\"sc_price_item_mask\"><\/div>\n\t\t\t\t<div class=\"sc_price_item_inner\">\n\t\t\t\t<div class=\"sc_price_item_info\"><h3 class=\"sc_price_item_title\"><span>SICANIA<\/span><\/h3><div class=\"sc_price_item_details\"><img  class=\"path_piscina\" alt=\"piscina Siculapool Sicania\" src=\"https:\/\/siculapool.it\/wp-content\/uploads\/2020\/02\/Sikania-1.png\">\n<ul>\n        <li><b>Medidas:<\/b><\/li>\n \t<li><b>Longitud<\/b>: 11 m<\/li>\n \t<li><b>Ancho<\/b>:  5 m<\/li>\n \t<li><b>Profundidad<\/b>:<br> h 1,20 a h 1,80<\/li>\n<\/ul><\/div><a href=\"https:\/\/siculapool.it\/es\/piscina-sicania\/\" class=\"sc_price_item_link sc_button sc_button color_style_link3 sc_button_default sc_button_size_small\">Saber m\u00e1s<\/a><\/div><!-- \/.sc_price_item_info --><\/div><!-- \/.sc_price_item_inner --><\/div><\/div><div class=\"trx_addons_column-1_3\"><div class=\"sc_price_item sc_price_item_default with_image with_bg_color\" style=\"background-color:#ffffff;\">\n\t\t\t\t\t\t\t<div class=\"sc_price_item_mask\"><\/div>\n\t\t\t\t<div class=\"sc_price_item_inner\">\n\t\t\t\t<div class=\"sc_price_item_info\"><h3 class=\"sc_price_item_title\"><span>GRECA<\/span><\/h3><div class=\"sc_price_item_details\"><img class=\"path_piscina\" src=\"https:\/\/siculapool.it\/wp-content\/uploads\/2020\/02\/Greca-1.png\" alt=\"Piscina Siculapool Greca\">\n<ul>\n        <li><b>Medidas:<\/b><\/li>\n \t<li><b>Longitud<\/b>: 10 m<\/li>\n \t<li><b>Ancho<\/b>:  5 m<\/li>\n \t<li><b>Profundidad<\/b>: <br>h 1,20 a h 1, 80<\/li>\n<\/ul><\/div><a href=\"https:\/\/siculapool.it\/es\/piscina-greca\/\" class=\"sc_price_item_link sc_button sc_button color_style_link3 sc_button_default sc_button_size_small\">Saber m\u00e1s<\/a><\/div><!-- \/.sc_price_item_info --><\/div><!-- \/.sc_price_item_inner --><\/div><\/div><div class=\"trx_addons_column-1_3\"><div class=\"sc_price_item sc_price_item_default with_image with_bg_color\" style=\"background-color:#ffffff;\">\n\t\t\t\t\t\t\t<div class=\"sc_price_item_mask\"><\/div>\n\t\t\t\t<div class=\"sc_price_item_inner\">\n\t\t\t\t<div class=\"sc_price_item_info\"><h3 class=\"sc_price_item_title\"><span>ARABA<\/span><\/h3><div class=\"sc_price_item_details\"><img class=\"path_piscina\" src=\"https:\/\/siculapool.it\/wp-content\/uploads\/2020\/02\/Araba.png\" alt=\"Piscina Siculapool Araba\">\n<ul>\n \t<li><b>Medidas:<\/b><\/li>\n \t<li><b>Longitud<\/b>: 7 m<\/li>\n \t<li><b>Ancho<\/b>:  3,5 m<\/li>\n \t<li><b>Profundidad<\/b>: <br>h 1,4 m<\/li>\n<\/ul><\/div><a href=\"https:\/\/siculapool.it\/es\/piscina-araba\/\" class=\"sc_price_item_link sc_button sc_button color_style_link3 sc_button_default sc_button_size_small\">Saber m\u00e1s<\/a><\/div><!-- \/.sc_price_item_info --><\/div><!-- \/.sc_price_item_inner --><\/div><\/div><\/div><\/div><!-- \/.sc_price --><\/div><\/div><\/div><\/div><div class=\"vc_row wpb_row vc_row-fluid\"><div class=\"wpb_column vc_column_container vc_col-sm-12 sc_layouts_column_icons_position_left\"><div class=\"vc_column-inner\"><div class=\"wpb_wrapper\"><div  id=\"sc_price_600085541\" \n\tclass=\"sc_price color_style_default sc_price_default\"><div class=\"sc_price_columns_wrap sc_item_columns trx_addons_columns_wrap columns_padding_bottom\"><div class=\"trx_addons_column-1_3\"><div class=\"sc_price_item sc_price_item_default with_image with_bg_color\" style=\"background-color:#ffffff;\">\n\t\t\t\t\t\t\t<div class=\"sc_price_item_mask\"><\/div>\n\t\t\t\t<div class=\"sc_price_item_inner\">\n\t\t\t\t<div class=\"sc_price_item_info\"><h3 class=\"sc_price_item_title\"><span>SICULA<\/span><\/h3><div class=\"sc_price_item_details\"><img class=\"path_piscina\" src=\"https:\/\/siculapool.it\/wp-content\/uploads\/2020\/02\/Sicula.png\" alt=\"Piscina Siculapool Sicula\">\n<ul>\n        <li><b>Medidas:<\/b><\/li>\n \t<li><b>Longitud<\/b>: 9 m<\/li>\n \t<li><b>Ancho<\/b>:  8 m<\/li>\n \t<li><b>Profundidad<\/b>: <br>h 0,45 a h 1, 40<\/li>\n<\/ul><\/div><a href=\"https:\/\/siculapool.it\/es\/piscina-sicula\/\" class=\"sc_price_item_link sc_button sc_button color_style_link3 sc_button_default sc_button_size_small\">Saber m\u00e1s<\/a><\/div><!-- \/.sc_price_item_info --><\/div><!-- \/.sc_price_item_inner --><\/div><\/div><div class=\"trx_addons_column-1_3\"><div class=\"sc_price_item sc_price_item_default with_image with_bg_color\" style=\"background-color:#ffffff;\">\n\t\t\t\t\t\t\t<div class=\"sc_price_item_mask\"><\/div>\n\t\t\t\t<div class=\"sc_price_item_inner\">\n\t\t\t\t<div class=\"sc_price_item_info\"><h3 class=\"sc_price_item_title\"><span>BIZANTINA<\/span><\/h3><div class=\"sc_price_item_details\"><img class=\"path_piscina\" src=\"https:\/\/siculapool.it\/wp-content\/uploads\/2020\/02\/Bizantina.png\" alt=\"Piscina Siculapool Piscina Bizantina\">\n<ul>\n \t<li><b>Medidas:<\/b><\/li>\n \t<li><b>Longitud<\/b>: 10 m<\/li>\n \t<li><b>Ancho<\/b>:  6 m<\/li>\n \t<li><b>Profundidad<\/b>: <br>h 1,30 m<\/li>\n<\/ul><\/div><a href=\"https:\/\/siculapool.it\/es\/piscina-bizantina\/\" class=\"sc_price_item_link sc_button sc_button color_style_link3 sc_button_default sc_button_size_small\">Saber m\u00e1s<\/a><\/div><!-- \/.sc_price_item_info --><\/div><!-- \/.sc_price_item_inner --><\/div><\/div><div class=\"trx_addons_column-1_3\"><div class=\"sc_price_item sc_price_item_default with_image with_bg_color\" style=\"background-color:#ffffff;\">\n\t\t\t\t\t\t\t<div class=\"sc_price_item_mask\"><\/div>\n\t\t\t\t<div class=\"sc_price_item_inner\">\n\t\t\t\t<div class=\"sc_price_item_info\"><h3 class=\"sc_price_item_title\"><span>PERSONALIZZATA<\/span><\/h3><div class=\"sc_price_item_details\"><img class=\"path_piscina\" src=\"https:\/\/siculapool.it\/wp-content\/uploads\/2019\/02\/Misure-3.png\" alt=\"Piscina Siculapool Crea la tua Piscina\">\n<ul>\n \t<li><b>Medidas:<\/b><\/li>\n \t<li><b>Longitud<\/b>: estar de acuerdo<\/li>\n \t<li><b>Ancho<\/b>: estar de acuerdo<\/li>\n \t<li><b>Profundidad<\/b>: <br>estar de acuerdo<\/li>\n<\/ul><\/div><a href=\"https:\/\/siculapool.it\/es\/personalizza-la-tua-piscina\/\" class=\"sc_price_item_link sc_button sc_button color_style_link3 sc_button_default sc_button_size_small\">Saber m\u00e1s<\/a><\/div><!-- \/.sc_price_item_info --><\/div><!-- \/.sc_price_item_inner --><\/div><\/div><\/div><\/div><!-- \/.sc_price --><\/div><\/div><\/div><\/div><div class=\"vc_row wpb_row vc_row-fluid\"><div class=\"wpb_column vc_column_container vc_col-sm-12 sc_layouts_column_icons_position_left\"><div class=\"vc_column-inner\"><div class=\"wpb_wrapper\"><div class=\"vc_empty_space  height_tiny\"   style=\"height: 100px\" ><span class=\"vc_empty_space_inner\"><\/span><\/div>\n\n\t<div  class=\"wpb_single_image wpb_content_element vc_align_center  wpb_animate_when_almost_visible wpb_fadeIn fadeIn vc_custom_1550506470803  banner\">\n\t\t\n\t\t<figure class=\"wpb_wrapper vc_figure\">\n\t\t\t<a href=\"https:\/\/siculapool.it\/es\/richiedi-un-preventivo-piscina\/\" target=\"_self\" class=\"vc_single_image-wrapper   vc_box_border_grey\"><img width=\"1960\" height=\"654\" src=\"https:\/\/siculapool.it\/wp-content\/uploads\/2019\/02\/Siculapool-Piscine-call-to-action-2.png\" class=\"vc_single_image-img attachment-full\" alt=\"\" loading=\"lazy\" srcset=\"https:\/\/siculapool.it\/wp-content\/uploads\/2019\/02\/Siculapool-Piscine-call-to-action-2.png 1960w, https:\/\/siculapool.it\/wp-content\/uploads\/2019\/02\/Siculapool-Piscine-call-to-action-2-300x100.png 300w, https:\/\/siculapool.it\/wp-content\/uploads\/2019\/02\/Siculapool-Piscine-call-to-action-2-768x256.png 768w, https:\/\/siculapool.it\/wp-content\/uploads\/2019\/02\/Siculapool-Piscine-call-to-action-2-1024x342.png 1024w, https:\/\/siculapool.it\/wp-content\/uploads\/2019\/02\/Siculapool-Piscine-call-to-action-2-370x123.png 370w, https:\/\/siculapool.it\/wp-content\/uploads\/2019\/02\/Siculapool-Piscine-call-to-action-2-760x254.png 760w\" sizes=\"(max-width: 1960px) 100vw, 1960px\" \/><\/a>\n\t\t<\/figure>\n\t<\/div>\n<\/div><\/div><\/div><\/div><div class=\"vc_row wpb_row vc_row-fluid vc_custom_1571052054333\"><div class=\"wpb_column vc_column_container vc_col-sm-12 sc_layouts_column_icons_position_left\"><div class=\"vc_column-inner\"><div class=\"wpb_wrapper\">\n\t<div class=\"wpb_text_column wpb_content_element  vc_custom_1575540840017\" >\n\t\t<div class=\"wpb_wrapper\">\n\t\t\t<h2>Conf\u00ede su piscina a los expertos<\/h2>\n<h3>Asistencia x 12 meses<\/h3>\n\n\t\t<\/div>\n\t<\/div>\n<\/div><\/div><\/div><\/div><div class=\"vc_row wpb_row vc_row-fluid vc_custom_1571052198709\"><div class=\"wpb_column vc_column_container vc_col-sm-6 sc_layouts_column_icons_position_left\"><div class=\"vc_column-inner\"><div class=\"wpb_wrapper\">\n\t<div class=\"wpb_text_column wpb_content_element\" >\n\t\t<div class=\"wpb_wrapper\">\n\t\t\t<p>&nbsp;<\/p>\n<p>La <strong>limpieza semanal <\/strong>de la<strong> Piscina<\/strong> incluye<\/p>\n<ul>\n<li>fundo y paredes<\/li>\n<li>filtros<\/li>\n<li>l\u00ednea de agua de la piscina<\/li>\n<li>control y tratamiento del agua<\/li>\n<li>entrega de cualquier producto<\/li>\n<\/ul>\n<p>entrega de cualquier producto<\/p>\n<h3><strong>Rellena el formulario y<br \/>\ndescubre el precio reservado para ti<\/strong><\/h3>\n<p>&nbsp;<\/p>\n\n\t\t<\/div>\n\t<\/div>\n<\/div><\/div><\/div><div class=\"wpb_column vc_column_container vc_col-sm-6 sc_layouts_column_icons_position_left\"><div class=\"vc_column-inner\"><div class=\"wpb_wrapper\"><div role=\"form\" class=\"wpcf7\" id=\"wpcf7-f1442-o1\" lang=\"en-US\" dir=\"ltr\">\n<div class=\"screen-reader-response\"><p role=\"status\" aria-live=\"polite\" aria-atomic=\"true\"><\/p> <ul><\/ul><\/div>\n<form action=\"\/es\/wp-json\/wp\/v2\/pages\/846#wpcf7-f1442-o1\" method=\"post\" class=\"wpcf7-form init\" novalidate=\"novalidate\" data-status=\"init\" data-trp-original-action=\"\/es\/wp-json\/wp\/v2\/pages\/846#wpcf7-f1442-o1\">\n<div style=\"display: none;\">\n<input type=\"hidden\" name=\"_wpcf7\" value=\"1442\" \/>\n<input type=\"hidden\" name=\"_wpcf7_version\" value=\"5.5.3\" \/>\n<input type=\"hidden\" name=\"_wpcf7_locale\" value=\"en_US\" \/>\n<input type=\"hidden\" name=\"_wpcf7_unit_tag\" value=\"wpcf7-f1442-o1\" \/>\n<input type=\"hidden\" name=\"_wpcf7_container_post\" value=\"0\" \/>\n<input type=\"hidden\" name=\"_wpcf7_posted_data_hash\" value=\"\" \/>\n<input type=\"hidden\" name=\"_wpcf7_recaptcha_response\" value=\"\" \/>\n<\/div>\n<div class=\"sc_contact_form7 sc_item_columns trx_addons_columns_wrap columns_padding_bottom\">\n<div class=\"trx_addons_column-1_2\">\n           <label> Nombre*<\/label><br \/>\n           <span class=\"wpcf7-form-control-wrap first-name\"><input type=\"text\" name=\"first-name\" value=\"\" size=\"40\" class=\"wpcf7-form-control wpcf7-text wpcf7-validates-as-required\" aria-required=\"true\" aria-invalid=\"false\" placeholder=\"Nombre*\" \/><\/span>\n      <\/div>\n<div class=\"trx_addons_column-1_2\">\n          <label> Apellido*<\/label><br \/>\n          <span class=\"wpcf7-form-control-wrap last-name\"><input type=\"text\" name=\"last-name\" value=\"\" size=\"40\" class=\"wpcf7-form-control wpcf7-text wpcf7-validates-as-required\" aria-required=\"true\" aria-invalid=\"false\" placeholder=\"Apellido*\" \/><\/span>\n      <\/div>\n<div class=\"trx_addons_column-1_2\">\n         <label> Correo electr\u00f3nico*<\/label><br \/>\n         <span class=\"wpcf7-form-control-wrap your-email\"><input type=\"email\" name=\"your-email\" value=\"\" size=\"40\" class=\"wpcf7-form-control wpcf7-text wpcf7-email wpcf7-validates-as-required wpcf7-validates-as-email\" aria-required=\"true\" aria-invalid=\"false\" placeholder=\"Correo electr\u00f3nico*\" \/><\/span>\n      <\/div>\n<div class=\"trx_addons_column-1_2\">\n         <label> Tel\u00e9fono*<\/label><br \/>\n         <span class=\"wpcf7-form-control-wrap telefono\"><input type=\"tel\" name=\"telefono\" value=\"\" size=\"40\" class=\"wpcf7-form-control wpcf7-text wpcf7-tel wpcf7-validates-as-required wpcf7-validates-as-tel\" aria-required=\"true\" aria-invalid=\"false\" placeholder=\"Tel\u00e9fono*\" \/><\/span>\n      <\/div>\n<div class=\"trx_addons_column-1_2\">\n         <label> Ciudad*<\/label><br \/>\n         <span class=\"wpcf7-form-control-wrap citta\"><input type=\"text\" name=\"citta\" value=\"\" size=\"40\" class=\"wpcf7-form-control wpcf7-text wpcf7-validates-as-required\" aria-required=\"true\" aria-invalid=\"false\" placeholder=\"Ciudad*\" \/><\/span>\n      <\/div>\n<div class=\"trx_addons_column-1_2\">\n         <label> Provincia*<\/label><br \/>\n         <span class=\"wpcf7-form-control-wrap prov\"><input type=\"text\" name=\"prov\" value=\"\" size=\"40\" class=\"wpcf7-form-control wpcf7-text wpcf7-validates-as-required\" aria-required=\"true\" aria-invalid=\"false\" placeholder=\"Provincia\" \/><\/span>\n      <\/div>\n<\/div>\n<div class=\"sc_contact_form7_message\">\n        <label> Mensaje<\/label><br \/>\n        <span class=\"wpcf7-form-control-wrap message\"><textarea name=\"message\" cols=\"40\" rows=\"10\" class=\"wpcf7-form-control wpcf7-textarea\" aria-invalid=\"false\" placeholder=\"Mensaje\"><\/textarea><\/span>\n<\/div>\n<div class=\"sc_contact_form7 sc_contact_form7_button\">\n    <input type=\"submit\" value=\"Enviar\" class=\"wpcf7-form-control has-spinner wpcf7-submit\" \/>\n<\/div>\n<div class=\"wpcf7-response-output\" aria-hidden=\"true\"><\/div><input type=\"hidden\" name=\"trp-form-language\" value=\"es\"\/><\/form><\/div><\/div><\/div><\/div><\/div>","protected":false},"excerpt":{"rendered":"Siculapool: N.1 nella realizzazione di Piscine in Sicilia Siculapool \u00e8 una ditta di Costruttori di Piscine con pi\u00f9 di 30 anni di esperienza, situata a San Cataldo in provincia di Caltanissetta. Siamo specializzati nella Progettazione,&hellip;","protected":false},"author":1,"featured_media":0,"parent":0,"menu_order":0,"comment_status":"closed","ping_status":"closed","template":"","meta":{"_mi_skip_tracking":false},"_links":{"self":[{"href":"https:\/\/siculapool.it\/es\/wp-json\/wp\/v2\/pages\/846"}],"collection":[{"href":"https:\/\/siculapool.it\/es\/wp-json\/wp\/v2\/pages"}],"about":[{"href":"https:\/\/siculapool.it\/es\/wp-json\/wp\/v2\/types\/page"}],"author":[{"embeddable":true,"href":"https:\/\/siculapool.it\/es\/wp-json\/wp\/v2\/users\/1"}],"replies":[{"embeddable":true,"href":"https:\/\/siculapool.it\/es\/wp-json\/wp\/v2\/comments?post=846"}],"version-history":[{"count":68,"href":"https:\/\/siculapool.it\/es\/wp-json\/wp\/v2\/pages\/846\/revisions"}],"predecessor-version":[{"id":2517,"href":"https:\/\/siculapool.it\/es\/wp-json\/wp\/v2\/pages\/846\/revisions\/2517"}],"wp:attachment":[{"href":"https:\/\/siculapool.it\/es\/wp-json\/wp\/v2\/media?parent=846"}],"curies":[{"name":"wp","href":"https:\/\/api.w.org\/{rel}","templated":true}]}}