{"id":847,"date":"2019-02-06T15:28:12","date_gmt":"2019-02-06T15:28:12","guid":{"rendered":"https:\/\/siculapool.it\/?page_id=847"},"modified":"2019-02-20T11:38:34","modified_gmt":"2019-02-20T11:38:34","slug":"saune","status":"publish","type":"page","link":"https:\/\/siculapool.it\/es\/saune\/","title":{"rendered":"Saunas"},"content":{"rendered":"<div class=\"vc_row wpb_row vc_row-fluid\"><div class=\"wpb_column vc_column_container vc_col-sm-12 sc_layouts_column_icons_position_left\"><div class=\"vc_column-inner\"><div class=\"wpb_wrapper\"><div class=\"vc_empty_space  hide_on_tablet hide_on_mobile\"   style=\"height: 6.35em\" ><span class=\"vc_empty_space_inner\"><\/span><\/div>\n<div class=\"vc_empty_space\"   style=\"height: 4em\" ><span class=\"vc_empty_space_inner\"><\/span><\/div>\n<div id=\"sc_title_242468958\"\n\t\tclass=\"sc_title color_style_default sc_title_default\"><h1 class=\"sc_item_title sc_title_title sc_align_left sc_item_title_style_default sc_item_title_tag\">Date un momento de<br \/>\n<b>Placer<\/b> y <b>Bienestar<\/b>...<br \/>\n<b>Saunas<\/b> Dise\u00f1adas para tu Espacio<\/h1><\/div><!-- \/.sc_title --><div class=\"vc_empty_space  hide_on_tablet hide_on_mobile\"   style=\"height: 2.9em\" ><span class=\"vc_empty_space_inner\"><\/span><\/div>\n<div class=\"vc_empty_space\"   style=\"height: 3em\" ><span class=\"vc_empty_space_inner\"><\/span><\/div>\n<\/div><\/div><\/div><div class=\"wpb_column vc_column_container vc_col-sm-5 sc_layouts_column_icons_position_left\"><div class=\"vc_column-inner\"><div class=\"wpb_wrapper\"><div class=\"vc_empty_space  height_tiny\"   style=\"height: 80px\" ><span class=\"vc_empty_space_inner\"><\/span><\/div>\n\n\t<div  class=\"wpb_single_image wpb_content_element vc_align_left\">\n\t\t\n\t\t<figure class=\"wpb_wrapper vc_figure\">\n\t\t\t<div class=\"vc_single_image-wrapper   vc_box_border_grey\"><img width=\"404\" height=\"463\" src=\"https:\/\/siculapool.it\/wp-content\/uploads\/2019\/02\/Siculapool-Sauna-3.jpg\" class=\"vc_single_image-img attachment-full\" alt=\"\" loading=\"lazy\" srcset=\"https:\/\/siculapool.it\/wp-content\/uploads\/2019\/02\/Siculapool-Sauna-3.jpg 404w, https:\/\/siculapool.it\/wp-content\/uploads\/2019\/02\/Siculapool-Sauna-3-262x300.jpg 262w, https:\/\/siculapool.it\/wp-content\/uploads\/2019\/02\/Siculapool-Sauna-3-370x424.jpg 370w\" sizes=\"(max-width: 404px) 100vw, 404px\" \/><\/div>\n\t\t<\/figure>\n\t<\/div>\n<\/div><\/div><\/div><div class=\"wpb_column vc_column_container vc_col-sm-7 sc_layouts_column_icons_position_left\"><div class=\"vc_column-inner\"><div class=\"wpb_wrapper\"><div class=\"vc_empty_space  hide_on_tablet hide_on_mobile\"   style=\"height: 1.1em\" ><span class=\"vc_empty_space_inner\"><\/span><\/div>\n\n\t<div class=\"wpb_text_column wpb_content_element\" >\n\t\t<div class=\"wpb_wrapper\">\n\t\t\t<p><strong>Luz verde a la salud!<\/strong><strong>!<\/strong> Sabemos que el beneficio m\u00e1s inmediato de la <strong>sauna<\/strong> s aliviarnos de la tensi\u00f3n nerviosa y relajarnos en general <strong>relax<\/strong>. As\u00ed que disfrutemos de estas sesiones relajantes m\u00e1s a menudo!<br \/>\n<strong>Sicilpool<\/strong> puede ofrecerle toda la gama de saunas en<strong> todos los tama\u00f1os<\/strong>. Cada creaci\u00f3n se puede <strong>personalizar<\/strong> seg\u00fan el espacio disponible para el cliente y se puede enriquecer con opciones y accesorios.<br \/>\nLa <strong>dise\u00f1o<\/strong> y la <strong>construcci\u00f3n<\/strong> se llevan a cabo de forma muy cuidadosa, utilizando<strong>tecnolog\u00edas fiables e innovadoras<\/strong> intentando crear un entorno que sepa involucrar <strong>emociones y percepciones.&nbsp;<\/strong><br \/>\nGracias a nuestros <strong>profesionales<\/strong>podr\u00e1s hacer realidad tus sue\u00f1os con diferentes soluciones.<br \/>\nSiculapool ofrece, de hecho, una gama completa de saunas prefabricadas de todas las formas y tama\u00f1os: desde modelos compactos para el hogar y el ba\u00f1o hasta grandes sistemas exclusivos, o para hoteles o suites representativas. Tambi\u00e9n le ofreceremos una gran variedad de accesorios y equipos.<\/p>\n<p>&nbsp;<\/p>\n\n\t\t<\/div>\n\t<\/div>\n<\/div><\/div><\/div><\/div><div class=\"vc_row wpb_row vc_row-fluid vc_custom_1549636560963\"><div class=\"wpb_column vc_column_container vc_col-sm-6 sc_layouts_column_icons_position_left\"><div class=\"vc_column-inner\"><div class=\"wpb_wrapper\">\n\t<div  class=\"wpb_single_image wpb_content_element vc_align_left\">\n\t\t\n\t\t<figure class=\"wpb_wrapper vc_figure\">\n\t\t\t<a href=\"https:\/\/siculapool.it\/wp-content\/uploads\/2019\/02\/Sauna-4-1024x768.jpg\" target=\"_self\" class=\"vc_single_image-wrapper   vc_box_border_grey\"><img width=\"1920\" height=\"1440\" src=\"https:\/\/siculapool.it\/wp-content\/uploads\/2019\/02\/Sauna-4.jpg\" class=\"vc_single_image-img attachment-full\" alt=\"\" loading=\"lazy\" srcset=\"https:\/\/siculapool.it\/wp-content\/uploads\/2019\/02\/Sauna-4.jpg 1920w, https:\/\/siculapool.it\/wp-content\/uploads\/2019\/02\/Sauna-4-300x225.jpg 300w, https:\/\/siculapool.it\/wp-content\/uploads\/2019\/02\/Sauna-4-768x576.jpg 768w, https:\/\/siculapool.it\/wp-content\/uploads\/2019\/02\/Sauna-4-1024x768.jpg 1024w, https:\/\/siculapool.it\/wp-content\/uploads\/2019\/02\/Sauna-4-370x278.jpg 370w, https:\/\/siculapool.it\/wp-content\/uploads\/2019\/02\/Sauna-4-760x570.jpg 760w\" sizes=\"(max-width: 1920px) 100vw, 1920px\" \/><\/a>\n\t\t<\/figure>\n\t<\/div>\n<\/div><\/div><\/div><div class=\"wpb_column vc_column_container vc_col-sm-6 sc_layouts_column_icons_position_left\"><div class=\"vc_column-inner\"><div class=\"wpb_wrapper\">\n\t<div  class=\"wpb_single_image wpb_content_element vc_align_left\">\n\t\t\n\t\t<figure class=\"wpb_wrapper vc_figure\">\n\t\t\t<a data-rel=\"prettyPhoto[rel-847-823502859]\" href=\"https:\/\/siculapool.it\/wp-content\/uploads\/2019\/02\/Sauna-2-1-1024x768.jpg\" target=\"_self\" class=\"vc_single_image-wrapper   vc_box_border_grey prettyphoto\"><img width=\"1920\" height=\"1440\" src=\"https:\/\/siculapool.it\/wp-content\/uploads\/2019\/02\/Sauna-2-1.jpg\" class=\"vc_single_image-img attachment-full\" alt=\"\" loading=\"lazy\" srcset=\"https:\/\/siculapool.it\/wp-content\/uploads\/2019\/02\/Sauna-2-1.jpg 1920w, https:\/\/siculapool.it\/wp-content\/uploads\/2019\/02\/Sauna-2-1-300x225.jpg 300w, https:\/\/siculapool.it\/wp-content\/uploads\/2019\/02\/Sauna-2-1-768x576.jpg 768w, https:\/\/siculapool.it\/wp-content\/uploads\/2019\/02\/Sauna-2-1-1024x768.jpg 1024w, https:\/\/siculapool.it\/wp-content\/uploads\/2019\/02\/Sauna-2-1-370x278.jpg 370w, https:\/\/siculapool.it\/wp-content\/uploads\/2019\/02\/Sauna-2-1-760x570.jpg 760w\" sizes=\"(max-width: 1920px) 100vw, 1920px\" \/><\/a>\n\t\t<\/figure>\n\t<\/div>\n<\/div><\/div><\/div><\/div><div class=\"vc_row wpb_row vc_row-fluid\"><div class=\"wpb_column vc_column_container vc_col-sm-12 sc_layouts_column_icons_position_left\"><div class=\"vc_column-inner\"><div class=\"wpb_wrapper\">\n\t<div class=\"wpb_text_column wpb_content_element  vc_custom_1549627284597\" >\n\t\t<div class=\"wpb_wrapper\">\n\t\t\t<h2 style=\"text-align: center;\">TODOS LOS BENEFICIOS DE UNA SAUNA<\/h2>\n\n\t\t<\/div>\n\t<\/div>\n<\/div><\/div><\/div><\/div><div class=\"vc_row wpb_row vc_row-fluid vc_row-o-equal-height vc_row-flex\"><div class=\"wpb_column vc_column_container vc_col-sm-6 sc_layouts_column_icons_position_left\"><div class=\"vc_column-inner\"><div class=\"wpb_wrapper\">\n\t<div  class=\"wpb_single_image wpb_content_element vc_align_left\">\n\t\t\n\t\t<figure class=\"wpb_wrapper vc_figure\">\n\t\t\t<div class=\"vc_single_image-wrapper   vc_box_border_grey\"><img width=\"628\" height=\"800\" src=\"https:\/\/siculapool.it\/wp-content\/uploads\/2019\/02\/Benefici-Sauna.jpg\" class=\"vc_single_image-img attachment-full\" alt=\"\" loading=\"lazy\" srcset=\"https:\/\/siculapool.it\/wp-content\/uploads\/2019\/02\/Benefici-Sauna.jpg 628w, https:\/\/siculapool.it\/wp-content\/uploads\/2019\/02\/Benefici-Sauna-236x300.jpg 236w, https:\/\/siculapool.it\/wp-content\/uploads\/2019\/02\/Benefici-Sauna-370x471.jpg 370w\" sizes=\"(max-width: 628px) 100vw, 628px\" \/><\/div>\n\t\t<\/figure>\n\t<\/div>\n<\/div><\/div><\/div><div class=\"wpb_column vc_column_container vc_col-sm-6 sc_layouts_column_icons_position_left\"><div class=\"vc_column-inner\"><div class=\"wpb_wrapper\"><div class=\"vc_empty_space  vc_custom_1549635899765 hide_on_notebook hide_on_tablet hide_on_mobile height_tiny\"   style=\"height: 30px\" ><span class=\"vc_empty_space_inner\"><\/span><\/div>\n\n\t<div class=\"wpb_text_column wpb_content_element  vcenter\" >\n\t\t<div class=\"wpb_wrapper\">\n\t\t\t<p>Una de las razones que atrae a m\u00e1s hombres y mujeres a la sauna es porque te hace perder peso. El coraz\u00f3n, al latir m\u00e1s r\u00e1pido, ayuda al cuerpo a quemar m\u00e1s calor\u00edas. En promedio, una sauna ayuda a quemar unas 300 calor\u00edas, el equivalente a una hora de caminar.<br \/>\nOtro beneficio importante es la relajaci\u00f3n y el alivio de la tensi\u00f3n.<br \/>\nLa temperatura alta tiene el efecto m\u00e1s evidente de la sudoraci\u00f3n, un mecanismo natural que tiene la funci\u00f3n de regular la temperatura corporal. El sudor elimina agua y, al aumentar la actividad de las gl\u00e1ndulas seb\u00e1ceas, sustancias t\u00f3xicas.<br \/>\nTambi\u00e9n para quienes padecen enfermedades respiratorias como congesti\u00f3n nasal, resfriados y rinitis encuentran alivio gracias a las saunas. Los m\u00e9dicos tambi\u00e9n lo recomiendan para aliviar el asma, aunque por supuesto no elimina el problema de ra\u00edz.<br \/>\nPor \u00faltimo, pero no menos importante, el calor de las saunas secas tambi\u00e9n elimina los radicales libres, que son los responsables del envejecimiento del organismo.<br \/>\nContraponemos la tensi\u00f3n con la relajaci\u00f3n, equilibramos el cansancio f\u00edsico con el descanso, el trabajo con la relajaci\u00f3n. La costumbre de la sauna realizada con tranquilidad<\/p>\n\n\t\t<\/div>\n\t<\/div>\n<\/div><\/div><\/div><\/div><div class=\"vc_row wpb_row vc_row-fluid\"><div class=\"wpb_column vc_column_container vc_col-sm-12 sc_layouts_column_icons_position_left\"><div class=\"vc_column-inner\"><div class=\"wpb_wrapper\"><div class=\"vc_empty_space  vc_custom_1549555060851 height_tiny\"   style=\"height: 0px\" ><span class=\"vc_empty_space_inner\"><\/span><\/div>\n\n\t<div class=\"wpb_text_column wpb_content_element\" >\n\t\t<div class=\"wpb_wrapper\">\n\t\t\t<h2 style=\"text-align: center;\">ELIGE EL MODELO<br \/>\nDE NUESTRAS SAUNAS<\/h2>\n\n\t\t<\/div>\n\t<\/div>\n<\/div><\/div><\/div><\/div><div class=\"vc_row wpb_row vc_row-fluid\"><div class=\"wpb_column vc_column_container vc_col-sm-12 sc_layouts_column_icons_position_left\"><div class=\"vc_column-inner\"><div class=\"wpb_wrapper\">\n\t<div class=\"wpb_text_column wpb_content_element\" >\n\t\t<div class=\"wpb_wrapper\">\n\t\t\t<p><span id=\"layout_shortcode\"><div class=\"grid-plus-container grid-69e4da01afed4 attachment\"\n     id=\"69e4da01afed4\"\n     data-grid-name=\"Saune\"\n     data-animation=\"fadeInUp\">\n    <div class=\"grid-stack-container grid-plus-inner\"\n         data-ajax-url=\"https:\/\/siculapool.it\/wp-admin\/admin-ajax.php\"\n         data-grid-id=\"5c5c604fe2d6f\"\n         data-current-category=\"23\"\n         data-section-id=\"69e4da01afed4\"\n         data-gutter=\"5\"\n         data-columns=\"3\"\n         data-height-ratio=\"1\"\n         data-width-ratio=\"1\"\n         data-desktop-columns=\"3\"\n         data-tablet-columns=\"2\"\n         data-mobile-columns=\"1\"\n         data-layout-type=\"grid\"\n         data-fix-item-height=\"false\"\n         data-nonce=\"368240312f\"\n    >\n        \n        <div class=\"grid-stack grid-stack-3\" data-layout=\"grid\"\n             style=\"height: 2425px\">\n        <\/div>\n        <div class=\"grid-items\">\n                            <div class=\"item\" data-gs-x=\"0\"\n                     data-gs-y=\"0\"\n                     data-gs-width=\"1\"\n                     data-gs-height=\"54\"\n                     data-skin=\"thumbnail-icon-title-excerpt\"\n\n                     data-desktop-gs-x=\"0\"\n                     data-desktop-gs-y=\"0\"\n                     data-desktop-gs-width=\"1\"\n                     data-desktop-gs-height=\"54\"\n                     data-desktop-skin=\"thumbnail-icon-title-excerpt\"\n\n                     data-image-width=\"1000\"\n                     data-image-height=\"1000\"\n                >\n                    <div class=\"grid-post-item thumbnail-title\" data-post-info-class=\"post-info\">\n    <div class=\"thumbnail-image\" data-img=\"https:\/\/siculapool.it\/wp-content\/uploads\/2019\/02\/Sauna-Professionale-1.jpg\">\n                    <img src=\"https:\/\/siculapool.it\/wp-content\/uploads\/2019\/02\/Sauna-Professionale-1.jpg\" alt=\"Sauna Professionale\" >\n                <div class=\"hover-outer transition-30\">\n                            <a href=\"https:\/\/siculapool.it\/es\/sauna-professionale-2\/\" title=\"Sauna Professionale\"><\/a>\n                        <div class=\"hover-inner transition-50\">\n                <div class=\"icon-groups\">\n                                            <a href=\"https:\/\/siculapool.it\/es\/sauna-professionale-2\/\" class=\"view-detail\" ><i class=\"fa fa-link\"><\/i><\/a>\n                                        <a href=\"javascript:;\" data-src=\"https:\/\/siculapool.it\/wp-content\/uploads\/2019\/02\/Sauna-Professionale-1.jpg\" class=\"view-gallery\" data-post-id=\"921\"\n                       data-ajax-url=\"https:\/\/siculapool.it\/wp-admin\/admin-ajax.php\"><i class=\"fa fa-search\"><\/i><\/a>\n                <\/div>\n            <\/div>\n        <\/div>\n    <\/div>\n    <div class=\"post-info\">\n                    <div class=\"title\">\n                                    <a href=\"https:\/\/siculapool.it\/es\/sauna-professionale-2\/\" title=\"Sauna Professionale\">Sauna Professionale<\/a>\n                            <\/div>\n                    <\/div>\n<\/div>\n                <\/div>\n                                <div class=\"item\" data-gs-x=\"1\"\n                     data-gs-y=\"0\"\n                     data-gs-width=\"1\"\n                     data-gs-height=\"54\"\n                     data-skin=\"thumbnail-icon-title-excerpt\"\n\n                     data-desktop-gs-x=\"1\"\n                     data-desktop-gs-y=\"0\"\n                     data-desktop-gs-width=\"1\"\n                     data-desktop-gs-height=\"54\"\n                     data-desktop-skin=\"thumbnail-icon-title-excerpt\"\n\n                     data-image-width=\"1000\"\n                     data-image-height=\"1000\"\n                >\n                    <div class=\"grid-post-item thumbnail-title\" data-post-info-class=\"post-info\">\n    <div class=\"thumbnail-image\" data-img=\"https:\/\/siculapool.it\/wp-content\/uploads\/2019\/02\/Sauna-a-Infrarossi-1.jpg\">\n                    <img src=\"https:\/\/siculapool.it\/wp-content\/uploads\/2019\/02\/Sauna-a-Infrarossi-1.jpg\" alt=\"Sauna a Infrarossi\" >\n                <div class=\"hover-outer transition-30\">\n                            <a href=\"https:\/\/siculapool.it\/es\/sauna-a-infrarossi-2\/\" title=\"Sauna a Infrarossi\"><\/a>\n                        <div class=\"hover-inner transition-50\">\n                <div class=\"icon-groups\">\n                                            <a href=\"https:\/\/siculapool.it\/es\/sauna-a-infrarossi-2\/\" class=\"view-detail\" ><i class=\"fa fa-link\"><\/i><\/a>\n                                        <a href=\"javascript:;\" data-src=\"https:\/\/siculapool.it\/wp-content\/uploads\/2019\/02\/Sauna-a-Infrarossi-1.jpg\" class=\"view-gallery\" data-post-id=\"920\"\n                       data-ajax-url=\"https:\/\/siculapool.it\/wp-admin\/admin-ajax.php\"><i class=\"fa fa-search\"><\/i><\/a>\n                <\/div>\n            <\/div>\n        <\/div>\n    <\/div>\n    <div class=\"post-info\">\n                    <div class=\"title\">\n                                    <a href=\"https:\/\/siculapool.it\/es\/sauna-a-infrarossi-2\/\" title=\"Sauna a Infrarossi\">Sauna a Infrarossi<\/a>\n                            <\/div>\n                    <\/div>\n<\/div>\n                <\/div>\n                                <div class=\"item\" data-gs-x=\"2\"\n                     data-gs-y=\"0\"\n                     data-gs-width=\"1\"\n                     data-gs-height=\"54\"\n                     data-skin=\"thumbnail-icon-title-excerpt\"\n\n                     data-desktop-gs-x=\"2\"\n                     data-desktop-gs-y=\"0\"\n                     data-desktop-gs-width=\"1\"\n                     data-desktop-gs-height=\"54\"\n                     data-desktop-skin=\"thumbnail-icon-title-excerpt\"\n\n                     data-image-width=\"1000\"\n                     data-image-height=\"1000\"\n                >\n                    <div class=\"grid-post-item thumbnail-title\" data-post-info-class=\"post-info\">\n    <div class=\"thumbnail-image\" data-img=\"https:\/\/siculapool.it\/wp-content\/uploads\/2019\/02\/Saune-a-uso-residenziale.jpg\">\n                    <img src=\"https:\/\/siculapool.it\/wp-content\/uploads\/2019\/02\/Saune-a-uso-residenziale.jpg\" alt=\"Saune a uso Residenziale\" >\n                <div class=\"hover-outer transition-30\">\n                            <a href=\"https:\/\/siculapool.it\/es\/saune-a-uso-residenziale\/\" title=\"Saune a uso Residenziale\"><\/a>\n                        <div class=\"hover-inner transition-50\">\n                <div class=\"icon-groups\">\n                                            <a href=\"https:\/\/siculapool.it\/es\/saune-a-uso-residenziale\/\" class=\"view-detail\" ><i class=\"fa fa-link\"><\/i><\/a>\n                                        <a href=\"javascript:;\" data-src=\"https:\/\/siculapool.it\/wp-content\/uploads\/2019\/02\/Saune-a-uso-residenziale.jpg\" class=\"view-gallery\" data-post-id=\"913\"\n                       data-ajax-url=\"https:\/\/siculapool.it\/wp-admin\/admin-ajax.php\"><i class=\"fa fa-search\"><\/i><\/a>\n                <\/div>\n            <\/div>\n        <\/div>\n    <\/div>\n    <div class=\"post-info\">\n                    <div class=\"title\">\n                                    <a href=\"https:\/\/siculapool.it\/es\/saune-a-uso-residenziale\/\" title=\"Saune a uso Residenziale\">Saune a uso Residenziale<\/a>\n                            <\/div>\n                    <\/div>\n<\/div>\n                <\/div>\n                        <\/div>\n\n            <\/div>\n<\/div>\n<\/span><\/p>\n\n\t\t<\/div>\n\t<\/div>\n<\/div><\/div><\/div><\/div><div class=\"vc_row wpb_row vc_row-fluid\"><div class=\"wpb_column vc_column_container vc_col-sm-12 sc_layouts_column_icons_position_left\"><div class=\"vc_column-inner\"><div class=\"wpb_wrapper\">\n\t<div  class=\"wpb_single_image wpb_content_element vc_align_left  wpb_animate_when_almost_visible wpb_fadeIn fadeIn vc_custom_1550506786274  banner\">\n\t\t\n\t\t<figure class=\"wpb_wrapper vc_figure\">\n\t\t\t<a href=\"https:\/\/siculapool.it\/es\/richiedi-un-preventivo-wellness\/\" target=\"_self\" class=\"vc_single_image-wrapper   vc_box_border_grey\"><img width=\"1960\" height=\"654\" src=\"https:\/\/siculapool.it\/wp-content\/uploads\/2019\/02\/Siculapool-Richiedi-un-Preventivo-Sauna.png\" class=\"vc_single_image-img attachment-full\" alt=\"\" loading=\"lazy\" srcset=\"https:\/\/siculapool.it\/wp-content\/uploads\/2019\/02\/Siculapool-Richiedi-un-Preventivo-Sauna.png 1960w, https:\/\/siculapool.it\/wp-content\/uploads\/2019\/02\/Siculapool-Richiedi-un-Preventivo-Sauna-300x100.png 300w, https:\/\/siculapool.it\/wp-content\/uploads\/2019\/02\/Siculapool-Richiedi-un-Preventivo-Sauna-768x256.png 768w, https:\/\/siculapool.it\/wp-content\/uploads\/2019\/02\/Siculapool-Richiedi-un-Preventivo-Sauna-1024x342.png 1024w, https:\/\/siculapool.it\/wp-content\/uploads\/2019\/02\/Siculapool-Richiedi-un-Preventivo-Sauna-370x123.png 370w, https:\/\/siculapool.it\/wp-content\/uploads\/2019\/02\/Siculapool-Richiedi-un-Preventivo-Sauna-760x254.png 760w\" sizes=\"(max-width: 1960px) 100vw, 1960px\" \/><\/a>\n\t\t<\/figure>\n\t<\/div>\n<\/div><\/div><\/div><\/div>","protected":false},"excerpt":{"rendered":"","protected":false},"author":1,"featured_media":1471,"parent":0,"menu_order":0,"comment_status":"closed","ping_status":"closed","template":"","meta":{"_mi_skip_tracking":false},"_links":{"self":[{"href":"https:\/\/siculapool.it\/es\/wp-json\/wp\/v2\/pages\/847"}],"collection":[{"href":"https:\/\/siculapool.it\/es\/wp-json\/wp\/v2\/pages"}],"about":[{"href":"https:\/\/siculapool.it\/es\/wp-json\/wp\/v2\/types\/page"}],"author":[{"embeddable":true,"href":"https:\/\/siculapool.it\/es\/wp-json\/wp\/v2\/users\/1"}],"replies":[{"embeddable":true,"href":"https:\/\/siculapool.it\/es\/wp-json\/wp\/v2\/comments?post=847"}],"version-history":[{"count":56,"href":"https:\/\/siculapool.it\/es\/wp-json\/wp\/v2\/pages\/847\/revisions"}],"predecessor-version":[{"id":1806,"href":"https:\/\/siculapool.it\/es\/wp-json\/wp\/v2\/pages\/847\/revisions\/1806"}],"wp:featuredmedia":[{"embeddable":true,"href":"https:\/\/siculapool.it\/es\/wp-json\/wp\/v2\/media\/1471"}],"wp:attachment":[{"href":"https:\/\/siculapool.it\/es\/wp-json\/wp\/v2\/media?parent=847"}],"curies":[{"name":"wp","href":"https:\/\/api.w.org\/{rel}","templated":true}]}}