{"id":881,"date":"2019-02-07T14:19:24","date_gmt":"2019-02-07T14:19:24","guid":{"rendered":"https:\/\/siculapool.it\/?page_id=881"},"modified":"2019-02-15T15:28:16","modified_gmt":"2019-02-15T15:28:16","slug":"wellness","status":"publish","type":"page","link":"https:\/\/siculapool.it\/es\/wellness\/","title":{"rendered":"WELLNESS"},"content":{"rendered":"<div class=\"vc_row wpb_row vc_row-fluid\"><div class=\"wpb_column vc_column_container vc_col-sm-12 sc_layouts_column_icons_position_left\"><div class=\"vc_column-inner\"><div class=\"wpb_wrapper\"><div class=\"vc_empty_space  hide_on_tablet hide_on_mobile\"   style=\"height: 6.35em\" ><span class=\"vc_empty_space_inner\"><\/span><\/div>\n<div id=\"sc_title_1210142358\"\n\t\tclass=\"sc_title color_style_default sc_title_default\"><h1 class=\"sc_item_title sc_title_title sc_align_left sc_item_title_style_default sc_item_title_tag\">ZONA DE BIENESTAR...<br \/>\nTU IDEA DE RELAJACI\u00d3N<br \/>\nCONVI\u00c9RTETE EN NUESTRO PROYECTO!<\/h1><\/div><!-- \/.sc_title --><div class=\"vc_empty_space  hide_on_tablet hide_on_mobile\"   style=\"height: 2.9em\" ><span class=\"vc_empty_space_inner\"><\/span><\/div>\n<div class=\"vc_empty_space\"   style=\"height: 2em\" ><span class=\"vc_empty_space_inner\"><\/span><\/div>\n<\/div><\/div><\/div><\/div><div class=\"vc_row wpb_row vc_row-fluid vc_custom_1550244403813\"><div class=\"wpb_column vc_column_container vc_col-sm-6 sc_layouts_column_icons_position_left\"><div class=\"vc_column-inner\"><div class=\"wpb_wrapper\">\n\t<div class=\"wpb_text_column wpb_content_element\" >\n\t\t<div class=\"wpb_wrapper\">\n\t\t\t<p>La palabra bienestar hace referencia a una filosof\u00eda de vida que pone en el centro de atenci\u00f3n la relajaci\u00f3n de la persona.<br \/>\nPer noi di Siculapool il benessere \u00e8 importante per questo realizziamo sistemi per il benessere che coniugano alti livelli tecnologici e rese stilistiche di grande impatto emotivo come bagni turchi, idromassaggi, docce emozionali, contribuendo a migliorare l&#8217;umore regalando coccole e relax oltre ad essere il rimedio giusto per tanti problemi estetici e non.<br \/>\nPor esta raz\u00f3n, para la realizaci\u00f3n de todo esto es necesario contar con operarios formados que cuentan con 30 a\u00f1os de experiencia a sus espaldas.<br \/>\nSomos especialistas en la creaci\u00f3n de \u00e1reas de bienestar y piscinas personalizadas: nos ocupamos de la concepci\u00f3n, el dise\u00f1o, la instalaci\u00f3n de estructuras y sistemas, la construcci\u00f3n de \u00e1reas de bienestar, spas, piscinas, jacuzzis profesionales y privados a 360 \u00b0 en Italia y en el extranjero.<br \/>\nEstamos convencidos de que el dise\u00f1o y la calidad de los materiales son la forma m\u00e1s eficaz de transmitir a los clientes la sensaci\u00f3n de exclusividad y bienestar.<\/p>\n\n\t\t<\/div>\n\t<\/div>\n<\/div><\/div><\/div><div class=\"wpb_column vc_column_container vc_col-sm-6 sc_layouts_column_icons_position_left\"><div class=\"vc_column-inner\"><div class=\"wpb_wrapper\">\n\t<div  class=\"wpb_single_image wpb_content_element vc_align_left  wpb_animate_when_almost_visible wpb_fadeIn fadeIn\">\n\t\t\n\t\t<figure class=\"wpb_wrapper vc_figure\">\n\t\t\t<div class=\"vc_single_image-wrapper   vc_box_border_grey\"><img width=\"625\" height=\"493\" src=\"https:\/\/siculapool.it\/wp-content\/uploads\/2019\/02\/Siculapool-Wellness-1.png\" class=\"vc_single_image-img attachment-full\" alt=\"\" loading=\"lazy\" srcset=\"https:\/\/siculapool.it\/wp-content\/uploads\/2019\/02\/Siculapool-Wellness-1.png 625w, https:\/\/siculapool.it\/wp-content\/uploads\/2019\/02\/Siculapool-Wellness-1-300x237.png 300w, https:\/\/siculapool.it\/wp-content\/uploads\/2019\/02\/Siculapool-Wellness-1-370x292.png 370w\" sizes=\"(max-width: 625px) 100vw, 625px\" \/><\/div>\n\t\t<\/figure>\n\t<\/div>\n<\/div><\/div><\/div><\/div><div class=\"vc_row wpb_row vc_row-fluid vc_custom_1550231138958\"><div class=\"wpb_column vc_column_container vc_col-sm-12 sc_layouts_column_icons_position_left\"><div class=\"vc_column-inner vc_custom_1550231169071\"><div class=\"wpb_wrapper\">\n\t<div class=\"wpb_text_column wpb_content_element\" >\n\t\t<div class=\"wpb_wrapper\">\n\t\t\t<p><span id=\"layout_shortcode\" class=\"wellness\"><div class=\"grid-plus-container grid-69e4da4148fc5 page\"\n     id=\"69e4da4148fc5\"\n     data-grid-name=\"Servizi\"\n     data-animation=\"fadeInUp\">\n    <div class=\"grid-stack-container grid-plus-inner\"\n         data-ajax-url=\"https:\/\/siculapool.it\/wp-admin\/admin-ajax.php\"\n         data-grid-id=\"5c66a0bc4e355\"\n         data-current-category=\"\"\n         data-section-id=\"69e4da4148fc5\"\n         data-gutter=\"5\"\n         data-columns=\"2\"\n         data-height-ratio=\"1\"\n         data-width-ratio=\"1\"\n         data-desktop-columns=\"2\"\n         data-tablet-columns=\"2\"\n         data-mobile-columns=\"1\"\n         data-layout-type=\"grid\"\n         data-fix-item-height=\"false\"\n         data-nonce=\"368240312f\"\n    >\n        \n        <div class=\"grid-stack grid-stack-2\" data-layout=\"grid\"\n             style=\"height: 4915px\">\n        <\/div>\n        <div class=\"grid-items\">\n                            <div class=\"item\" data-gs-x=\"0\"\n                     data-gs-y=\"0\"\n                     data-gs-width=\"1\"\n                     data-gs-height=\"82\"\n                     data-skin=\"thumbnail-title-excerpt\"\n\n                     data-desktop-gs-x=\"0\"\n                     data-desktop-gs-y=\"0\"\n                     data-desktop-gs-width=\"1\"\n                     data-desktop-gs-height=\"82\"\n                     data-desktop-skin=\"thumbnail-title-excerpt\"\n\n                     data-image-width=\"800\"\n                     data-image-height=\"800\"\n                >\n                    <div class=\"grid-post-item thumbnail\" data-thumbnail-only=\"1\">\n    <div class=\"thumbnail-image\" data-img=\"https:\/\/siculapool.it\/wp-content\/uploads\/2019\/02\/Siculapool-wellness-categorie-SPA-1.jpg\">\n                    <img src=\"https:\/\/siculapool.it\/wp-content\/uploads\/2019\/02\/Siculapool-wellness-categorie-SPA-1.jpg\" alt=\"SPA Idromassaggio\" >\n                <div class=\"hover-outer transition-30\">\n                            <a href=\"https:\/\/siculapool.it\/es\/spa-idromassaggio\/\" title=\"SPA Hidromasaje\"><\/a>\n                        <div class=\"hover-inner transition-50\">\n                                    <div class=\"title\">\n                                                    <a href=\"https:\/\/siculapool.it\/es\/spa-idromassaggio\/\" title=\"SPA Hidromasaje\">SPA Hidromasaje<\/a>\n                                            <\/div>\n                                            <\/div>\n        <\/div>\n    <\/div>\n<\/div>\n                <\/div>\n                                <div class=\"item\" data-gs-x=\"1\"\n                     data-gs-y=\"0\"\n                     data-gs-width=\"1\"\n                     data-gs-height=\"82\"\n                     data-skin=\"thumbnail-title-excerpt\"\n\n                     data-desktop-gs-x=\"1\"\n                     data-desktop-gs-y=\"0\"\n                     data-desktop-gs-width=\"1\"\n                     data-desktop-gs-height=\"82\"\n                     data-desktop-skin=\"thumbnail-title-excerpt\"\n\n                     data-image-width=\"800\"\n                     data-image-height=\"800\"\n                >\n                    <div class=\"grid-post-item thumbnail\" data-thumbnail-only=\"1\">\n    <div class=\"thumbnail-image\" data-img=\"https:\/\/siculapool.it\/wp-content\/uploads\/2019\/02\/Siculapool-wellness-categorie-Sauna.jpg\">\n                    <img src=\"https:\/\/siculapool.it\/wp-content\/uploads\/2019\/02\/Siculapool-wellness-categorie-Sauna.jpg\" alt=\"Saune\" >\n                <div class=\"hover-outer transition-30\">\n                            <a href=\"https:\/\/siculapool.it\/es\/saune\/\" title=\"Saunas\"><\/a>\n                        <div class=\"hover-inner transition-50\">\n                                    <div class=\"title\">\n                                                    <a href=\"https:\/\/siculapool.it\/es\/saune\/\" title=\"Saunas\">Saunas<\/a>\n                                            <\/div>\n                                            <\/div>\n        <\/div>\n    <\/div>\n<\/div>\n                <\/div>\n                                <div class=\"item\" data-gs-x=\"0\"\n                     data-gs-y=\"82\"\n                     data-gs-width=\"1\"\n                     data-gs-height=\"82\"\n                     data-skin=\"thumbnail-title-excerpt\"\n\n                     data-desktop-gs-x=\"0\"\n                     data-desktop-gs-y=\"82\"\n                     data-desktop-gs-width=\"1\"\n                     data-desktop-gs-height=\"82\"\n                     data-desktop-skin=\"thumbnail-title-excerpt\"\n\n                     data-image-width=\"800\"\n                     data-image-height=\"800\"\n                >\n                    <div class=\"grid-post-item thumbnail\" data-thumbnail-only=\"1\">\n    <div class=\"thumbnail-image\" data-img=\"https:\/\/siculapool.it\/wp-content\/uploads\/2019\/02\/Siculapool-wellness-categorie-Bagno-Turco.jpg\">\n                    <img src=\"https:\/\/siculapool.it\/wp-content\/uploads\/2019\/02\/Siculapool-wellness-categorie-Bagno-Turco.jpg\" alt=\"Bagno Turco\" >\n                <div class=\"hover-outer transition-30\">\n                            <a href=\"https:\/\/siculapool.it\/es\/bagno-turco\/\" title=\"Ba\u00f1o turco\"><\/a>\n                        <div class=\"hover-inner transition-50\">\n                                    <div class=\"title\">\n                                                    <a href=\"https:\/\/siculapool.it\/es\/bagno-turco\/\" title=\"Ba\u00f1o turco\">Ba\u00f1o turco<\/a>\n                                            <\/div>\n                                            <\/div>\n        <\/div>\n    <\/div>\n<\/div>\n                <\/div>\n                                <div class=\"item\" data-gs-x=\"1\"\n                     data-gs-y=\"82\"\n                     data-gs-width=\"1\"\n                     data-gs-height=\"82\"\n                     data-skin=\"thumbnail-title-excerpt\"\n\n                     data-desktop-gs-x=\"1\"\n                     data-desktop-gs-y=\"82\"\n                     data-desktop-gs-width=\"1\"\n                     data-desktop-gs-height=\"82\"\n                     data-desktop-skin=\"thumbnail-title-excerpt\"\n\n                     data-image-width=\"800\"\n                     data-image-height=\"800\"\n                >\n                    <div class=\"grid-post-item thumbnail\" data-thumbnail-only=\"1\">\n    <div class=\"thumbnail-image\" data-img=\"https:\/\/siculapool.it\/wp-content\/uploads\/2019\/02\/Siculapool-wellness-categorie-Docce-Emozionali.jpg\">\n                    <img src=\"https:\/\/siculapool.it\/wp-content\/uploads\/2019\/02\/Siculapool-wellness-categorie-Docce-Emozionali.jpg\" alt=\"Docce Emozionali\" >\n                <div class=\"hover-outer transition-30\">\n                            <a href=\"https:\/\/siculapool.it\/es\/docce-emozionali\/\" title=\"Duchas emocionales\"><\/a>\n                        <div class=\"hover-inner transition-50\">\n                                    <div class=\"title\">\n                                                    <a href=\"https:\/\/siculapool.it\/es\/docce-emozionali\/\" title=\"Duchas emocionales\">Duchas emocionales<\/a>\n                                            <\/div>\n                                            <\/div>\n        <\/div>\n    <\/div>\n<\/div>\n                <\/div>\n                        <\/div>\n\n            <\/div>\n<\/div>\n<\/span>.<\/p>\n\n\t\t<\/div>\n\t<\/div>\n<\/div><\/div><\/div><\/div><div class=\"vc_row wpb_row vc_row-fluid\"><div class=\"wpb_column vc_column_container vc_col-sm-12 sc_layouts_column_icons_position_left\"><div class=\"vc_column-inner\"><div class=\"wpb_wrapper\"><div class=\"vc_empty_space  height_tiny\"   style=\"height: 100px\" ><span class=\"vc_empty_space_inner\"><\/span><\/div>\n\n\t<div  class=\"wpb_single_image wpb_content_element vc_align_left  vc_custom_1549896906923\">\n\t\t\n\t\t<figure class=\"wpb_wrapper vc_figure\">\n\t\t\t<a href=\"https:\/\/siculapool.it\/es\/richiedi-un-preventivo-wellness\/\" target=\"_self\" class=\"vc_single_image-wrapper   vc_box_border_grey\"><img width=\"1960\" height=\"654\" src=\"https:\/\/siculapool.it\/wp-content\/uploads\/2019\/02\/Siculapool-Richiedi-un-Preventivo-SPA-2.png\" class=\"vc_single_image-img attachment-full\" alt=\"\" loading=\"lazy\" srcset=\"https:\/\/siculapool.it\/wp-content\/uploads\/2019\/02\/Siculapool-Richiedi-un-Preventivo-SPA-2.png 1960w, https:\/\/siculapool.it\/wp-content\/uploads\/2019\/02\/Siculapool-Richiedi-un-Preventivo-SPA-2-300x100.png 300w, https:\/\/siculapool.it\/wp-content\/uploads\/2019\/02\/Siculapool-Richiedi-un-Preventivo-SPA-2-768x256.png 768w, https:\/\/siculapool.it\/wp-content\/uploads\/2019\/02\/Siculapool-Richiedi-un-Preventivo-SPA-2-1024x342.png 1024w, https:\/\/siculapool.it\/wp-content\/uploads\/2019\/02\/Siculapool-Richiedi-un-Preventivo-SPA-2-370x123.png 370w, https:\/\/siculapool.it\/wp-content\/uploads\/2019\/02\/Siculapool-Richiedi-un-Preventivo-SPA-2-760x254.png 760w\" sizes=\"(max-width: 1960px) 100vw, 1960px\" \/><\/a>\n\t\t<\/figure>\n\t<\/div>\n<\/div><\/div><\/div><\/div>","protected":false},"excerpt":{"rendered":"Docce Emozionali... Un angolo di paradiso che stimola i sensi. Rendi unica la tua doccia con Siculapool. Le Docce Emozionali sono soluzioni di benessere che vanno oltre la semplice doccia tradizionale. Una doccia emozionale pu\u00f2&hellip;","protected":false},"author":1,"featured_media":0,"parent":0,"menu_order":0,"comment_status":"closed","ping_status":"closed","template":"","meta":{"_mi_skip_tracking":false},"_links":{"self":[{"href":"https:\/\/siculapool.it\/es\/wp-json\/wp\/v2\/pages\/881"}],"collection":[{"href":"https:\/\/siculapool.it\/es\/wp-json\/wp\/v2\/pages"}],"about":[{"href":"https:\/\/siculapool.it\/es\/wp-json\/wp\/v2\/types\/page"}],"author":[{"embeddable":true,"href":"https:\/\/siculapool.it\/es\/wp-json\/wp\/v2\/users\/1"}],"replies":[{"embeddable":true,"href":"https:\/\/siculapool.it\/es\/wp-json\/wp\/v2\/comments?post=881"}],"version-history":[{"count":15,"href":"https:\/\/siculapool.it\/es\/wp-json\/wp\/v2\/pages\/881\/revisions"}],"predecessor-version":[{"id":1499,"href":"https:\/\/siculapool.it\/es\/wp-json\/wp\/v2\/pages\/881\/revisions\/1499"}],"wp:attachment":[{"href":"https:\/\/siculapool.it\/es\/wp-json\/wp\/v2\/media?parent=881"}],"curies":[{"name":"wp","href":"https:\/\/api.w.org\/{rel}","templated":true}]}}