{"id":884,"date":"2019-02-07T14:20:55","date_gmt":"2019-02-07T14:20:55","guid":{"rendered":"https:\/\/siculapool.it\/?page_id=884"},"modified":"2019-02-18T16:20:04","modified_gmt":"2019-02-18T16:20:04","slug":"spa-idromassaggio","status":"publish","type":"page","link":"https:\/\/siculapool.it\/es\/spa-idromassaggio\/","title":{"rendered":"SPA Hidromasaje"},"content":{"rendered":"<div class=\"vc_row wpb_row vc_row-fluid\"><div class=\"wpb_column vc_column_container vc_col-sm-12 sc_layouts_column_icons_position_left\"><div class=\"vc_column-inner\"><div class=\"wpb_wrapper\"><div class=\"vc_empty_space  hide_on_tablet hide_on_mobile\"   style=\"height: 6.35em\" ><span class=\"vc_empty_space_inner\"><\/span><\/div>\n<div class=\"vc_empty_space\"   style=\"height: 4em\" ><span class=\"vc_empty_space_inner\"><\/span><\/div>\n<div id=\"sc_title_378149221\"\n\t\tclass=\"sc_title color_style_default sc_title_default\"><h1 class=\"sc_item_title sc_title_title sc_align_left sc_item_title_style_default sc_item_title_tag\">SPA: No es un hidromasaje trivial sino un sistema de hidroterapia. <\/h1><\/div><!-- \/.sc_title --><div class=\"vc_empty_space  hide_on_tablet hide_on_mobile\"   style=\"height: 2.9em\" ><span class=\"vc_empty_space_inner\"><\/span><\/div>\n<div class=\"vc_empty_space\"   style=\"height: 3em\" ><span class=\"vc_empty_space_inner\"><\/span><\/div>\n<\/div><\/div><\/div><div class=\"wpb_column vc_column_container vc_col-sm-5 sc_layouts_column_icons_position_left\"><div class=\"vc_column-inner\"><div class=\"wpb_wrapper\"><div class=\"vc_empty_space  height_tiny\"   style=\"height: 80px\" ><span class=\"vc_empty_space_inner\"><\/span><\/div>\n\n\t<div  class=\"wpb_single_image wpb_content_element vc_align_left\">\n\t\t\n\t\t<figure class=\"wpb_wrapper vc_figure\">\n\t\t\t<div class=\"vc_single_image-wrapper   vc_box_border_grey\"><img width=\"398\" height=\"520\" src=\"https:\/\/siculapool.it\/wp-content\/uploads\/2019\/02\/Siculapool-spa1-1.jpg\" class=\"vc_single_image-img attachment-full\" alt=\"\" loading=\"lazy\" srcset=\"https:\/\/siculapool.it\/wp-content\/uploads\/2019\/02\/Siculapool-spa1-1.jpg 398w, https:\/\/siculapool.it\/wp-content\/uploads\/2019\/02\/Siculapool-spa1-1-230x300.jpg 230w, https:\/\/siculapool.it\/wp-content\/uploads\/2019\/02\/Siculapool-spa1-1-370x483.jpg 370w\" sizes=\"(max-width: 398px) 100vw, 398px\" \/><\/div>\n\t\t<\/figure>\n\t<\/div>\n<\/div><\/div><\/div><div class=\"wpb_column vc_column_container vc_col-sm-7 sc_layouts_column_icons_position_left\"><div class=\"vc_column-inner\"><div class=\"wpb_wrapper\"><div class=\"vc_empty_space  hide_on_tablet hide_on_mobile\"   style=\"height: 1.1em\" ><span class=\"vc_empty_space_inner\"><\/span><\/div>\n<div class=\"vc_empty_space  vc_custom_1549878786191 hide_on_notebook hide_on_tablet hide_on_mobile height_tiny\"   style=\"height: 32px\" ><span class=\"vc_empty_space_inner\"><\/span><\/div>\n\n\t<div class=\"wpb_text_column wpb_content_element\" >\n\t\t<div class=\"wpb_wrapper\">\n\t\t\t<p>Imag\u00ednate sumergirte en un <strong>ba\u00f1o caliente<\/strong> despu\u00e9s de un estresante d\u00eda de trabajo y activar los <strong>jets de masaje<\/strong>\u2026.inmediatamente el cansancio y el estr\u00e9s comenzar\u00e1n a desaparecer, <strong>relaj\u00e1ndote<\/strong>, <strong>, tonific\u00e1ndote<\/strong>,y <strong>devolvi\u00e9ndote la serenidad<\/strong> y <strong>el vigor<\/strong> perdidos durante el d\u00eda.<br \/>\nComprar un <strong>jacuzzi<\/strong> para tu casa hoy ya no es prohibitivo: el mercado ofrece soluciones para todas las necesidades, espacio y presupuesto.<br \/>\n<strong>Siculapool<\/strong> es capaz de ofrecer <strong>spas de hidromasaje<\/strong>, con el fin de satisfacer todas las solicitudes de los clientes. Ya sea para su spa o para su hogar, elegir el<strong> jacuzzi<\/strong> adecuado requiere algunos consejos t\u00e9cnicos. Contando con nosotros podr\u00e1 elegir ba\u00f1eras de hidromasaje seleccionadas por nuestros <strong>proveedores de confianza<\/strong> reconocidos en toda Europa por la calidad de su producto a la altura de las marcas m\u00e1s conocidas, con <strong>tecnolog\u00edas  de hidromasaje de \u00faltima generaci\u00f3n<\/strong> en continuo desarrollo para garantizar la mayor eficiencia y la m\u00e1xima mayores beneficios posibles de un solo producto.<br \/>\nLos spas est\u00e1n disponibles en diferentes tama\u00f1os, colores y dise\u00f1os.<br \/>\n<strong>Haga su elecci\u00f3n y disfrute de su ba\u00f1era de hidromasaje.<\/strong><\/p>\n<p>&nbsp;<\/p>\n\n\t\t<\/div>\n\t<\/div>\n<\/div><\/div><\/div><div class=\"wpb_column vc_column_container vc_col-sm-12 sc_layouts_column_icons_position_left\"><div class=\"vc_column-inner\"><div class=\"wpb_wrapper\"><div class=\"vc_empty_space  hide_on_tablet hide_on_mobile\"   style=\"height: 2.1em\" ><span class=\"vc_empty_space_inner\"><\/span><\/div>\n<\/div><\/div><\/div><\/div><div class=\"vc_row wpb_row vc_row-fluid\"><div class=\"wpb_column vc_column_container vc_col-sm-6 sc_layouts_column_icons_position_left\"><div class=\"vc_column-inner\"><div class=\"wpb_wrapper\">\n\t<div  class=\"wpb_single_image wpb_content_element vc_align_left\">\n\t\t\n\t\t<figure class=\"wpb_wrapper vc_figure\">\n\t\t\t<div class=\"vc_single_image-wrapper   vc_box_border_grey\"><img width=\"1920\" height=\"1440\" src=\"https:\/\/siculapool.it\/wp-content\/uploads\/2019\/02\/Siculapool-spa2-1.jpg\" class=\"vc_single_image-img attachment-full\" alt=\"\" loading=\"lazy\" srcset=\"https:\/\/siculapool.it\/wp-content\/uploads\/2019\/02\/Siculapool-spa2-1.jpg 1920w, https:\/\/siculapool.it\/wp-content\/uploads\/2019\/02\/Siculapool-spa2-1-300x225.jpg 300w, https:\/\/siculapool.it\/wp-content\/uploads\/2019\/02\/Siculapool-spa2-1-768x576.jpg 768w, https:\/\/siculapool.it\/wp-content\/uploads\/2019\/02\/Siculapool-spa2-1-1024x768.jpg 1024w, https:\/\/siculapool.it\/wp-content\/uploads\/2019\/02\/Siculapool-spa2-1-370x278.jpg 370w, https:\/\/siculapool.it\/wp-content\/uploads\/2019\/02\/Siculapool-spa2-1-760x570.jpg 760w\" sizes=\"(max-width: 1920px) 100vw, 1920px\" \/><\/div>\n\t\t<\/figure>\n\t<\/div>\n<\/div><\/div><\/div><div class=\"wpb_column vc_column_container vc_col-sm-6 sc_layouts_column_icons_position_left\"><div class=\"vc_column-inner\"><div class=\"wpb_wrapper\">\n\t<div  class=\"wpb_single_image wpb_content_element vc_align_left\">\n\t\t\n\t\t<figure class=\"wpb_wrapper vc_figure\">\n\t\t\t<div class=\"vc_single_image-wrapper   vc_box_border_grey\"><img width=\"1920\" height=\"1440\" src=\"https:\/\/siculapool.it\/wp-content\/uploads\/2019\/02\/Siculapool-spa3-1.jpg\" class=\"vc_single_image-img attachment-full\" alt=\"\" loading=\"lazy\" srcset=\"https:\/\/siculapool.it\/wp-content\/uploads\/2019\/02\/Siculapool-spa3-1.jpg 1920w, https:\/\/siculapool.it\/wp-content\/uploads\/2019\/02\/Siculapool-spa3-1-300x225.jpg 300w, https:\/\/siculapool.it\/wp-content\/uploads\/2019\/02\/Siculapool-spa3-1-768x576.jpg 768w, https:\/\/siculapool.it\/wp-content\/uploads\/2019\/02\/Siculapool-spa3-1-1024x768.jpg 1024w, https:\/\/siculapool.it\/wp-content\/uploads\/2019\/02\/Siculapool-spa3-1-370x278.jpg 370w, https:\/\/siculapool.it\/wp-content\/uploads\/2019\/02\/Siculapool-spa3-1-760x570.jpg 760w\" sizes=\"(max-width: 1920px) 100vw, 1920px\" \/><\/div>\n\t\t<\/figure>\n\t<\/div>\n<\/div><\/div><\/div><\/div><div class=\"vc_row wpb_row vc_row-fluid\"><div class=\"wpb_column vc_column_container vc_col-sm-12 sc_layouts_column_icons_position_left\"><div class=\"vc_column-inner\"><div class=\"wpb_wrapper\">\n\t<div class=\"wpb_text_column wpb_content_element  vc_custom_1549878826273\" >\n\t\t<div class=\"wpb_wrapper\">\n\t\t\t<h2 style=\"text-align: center;\">Las ventajas de los spas hidromasaje<\/h2>\n\n\t\t<\/div>\n\t<\/div>\n<\/div><\/div><\/div><\/div><div class=\"vc_row wpb_row vc_row-fluid\"><div class=\"wpb_column vc_column_container vc_col-sm-6 sc_layouts_column_icons_position_left\"><div class=\"vc_column-inner\"><div class=\"wpb_wrapper\">\n\t<div  class=\"wpb_single_image wpb_content_element vc_align_left\">\n\t\t\n\t\t<figure class=\"wpb_wrapper vc_figure\">\n\t\t\t<div class=\"vc_single_image-wrapper   vc_box_border_grey\"><img width=\"520\" height=\"577\" src=\"https:\/\/siculapool.it\/wp-content\/uploads\/2019\/02\/Siculapool-Benefici-spa.jpg\" class=\"vc_single_image-img attachment-full\" alt=\"\" loading=\"lazy\" srcset=\"https:\/\/siculapool.it\/wp-content\/uploads\/2019\/02\/Siculapool-Benefici-spa.jpg 520w, https:\/\/siculapool.it\/wp-content\/uploads\/2019\/02\/Siculapool-Benefici-spa-270x300.jpg 270w, https:\/\/siculapool.it\/wp-content\/uploads\/2019\/02\/Siculapool-Benefici-spa-370x411.jpg 370w\" sizes=\"(max-width: 520px) 100vw, 520px\" \/><\/div>\n\t\t<\/figure>\n\t<\/div>\n<\/div><\/div><\/div><div class=\"wpb_column vc_column_container vc_col-sm-6 sc_layouts_column_icons_position_left\"><div class=\"vc_column-inner\"><div class=\"wpb_wrapper\">\n\t<div class=\"wpb_text_column wpb_content_element\" >\n\t\t<div class=\"wpb_wrapper\">\n\t\t\t<p>En un <strong>SPA<\/strong> puedes disfrutar de varias <strong>acciones relajantes<\/strong> acciones relajantes al mismo tiempo, de hecho a trav\u00e9s de la ba\u00f1era de hidromasaje puedes tener:<\/p>\n<p><strong>Mayor drenaje de l\u00edquidos, piel tonificada y tersa, coadyuvante del reumatismo y la artritis, panacea para dolencias como la tensi\u00f3n nerviosa y el insomnio.<\/strong><\/p>\n<p>Tambi\u00e9n puedes vivir nuevas experiencias beneficiosas con la <strong>cromoterapia<\/strong> y la<strong>aromaterapia<\/strong>: pr\u00e1cticas dedicadas a la relajaci\u00f3n a trav\u00e9s de herramientas sencillas de instalar.<\/p>\n<p>Adem\u00e1s de los beneficios para el organismo, podr\u00e1s:<\/p>\n<p><strong>Instalaci\u00f3n interior o exterior; Puesta en marcha r\u00e1pida; Mantenimiento muy sencillo; Posibilidad de uso 12 meses al a\u00f1o.<\/strong><\/p>\n\n\t\t<\/div>\n\t<\/div>\n<\/div><\/div><\/div><\/div><div class=\"vc_row wpb_row vc_row-fluid\"><div class=\"wpb_column vc_column_container vc_col-sm-12 sc_layouts_column_icons_position_left\"><div class=\"vc_column-inner\"><div class=\"wpb_wrapper\"><div class=\"vc_empty_space  height_tiny\"   style=\"height: 100px\" ><span class=\"vc_empty_space_inner\"><\/span><\/div>\n\n\t<div  class=\"wpb_single_image wpb_content_element vc_align_left  vc_custom_1550506803316  banner\">\n\t\t\n\t\t<figure class=\"wpb_wrapper vc_figure\">\n\t\t\t<a href=\"https:\/\/siculapool.it\/es\/richiedi-un-preventivo-wellness\/\" target=\"_self\" class=\"vc_single_image-wrapper   vc_box_border_grey\"><img width=\"1960\" height=\"654\" src=\"https:\/\/siculapool.it\/wp-content\/uploads\/2019\/02\/Siculapool-Richiedi-un-Preventivo-SPA-2.png\" class=\"vc_single_image-img attachment-full\" alt=\"\" loading=\"lazy\" srcset=\"https:\/\/siculapool.it\/wp-content\/uploads\/2019\/02\/Siculapool-Richiedi-un-Preventivo-SPA-2.png 1960w, https:\/\/siculapool.it\/wp-content\/uploads\/2019\/02\/Siculapool-Richiedi-un-Preventivo-SPA-2-300x100.png 300w, https:\/\/siculapool.it\/wp-content\/uploads\/2019\/02\/Siculapool-Richiedi-un-Preventivo-SPA-2-768x256.png 768w, https:\/\/siculapool.it\/wp-content\/uploads\/2019\/02\/Siculapool-Richiedi-un-Preventivo-SPA-2-1024x342.png 1024w, https:\/\/siculapool.it\/wp-content\/uploads\/2019\/02\/Siculapool-Richiedi-un-Preventivo-SPA-2-370x123.png 370w, https:\/\/siculapool.it\/wp-content\/uploads\/2019\/02\/Siculapool-Richiedi-un-Preventivo-SPA-2-760x254.png 760w\" sizes=\"(max-width: 1960px) 100vw, 1960px\" \/><\/a>\n\t\t<\/figure>\n\t<\/div>\n<\/div><\/div><\/div><\/div>","protected":false},"excerpt":{"rendered":"SPA: Non un banale Idromassaggio ma in realt\u00e0 un sistema di Idroterapia. Immaginate di immergervi in un bagno caldo dopo una giornata stressante di lavoro e di azionare i getti massaggianti\u2026. Immediatamente la stanchezza e&hellip;","protected":false},"author":1,"featured_media":1469,"parent":0,"menu_order":0,"comment_status":"closed","ping_status":"closed","template":"","meta":{"_mi_skip_tracking":false},"_links":{"self":[{"href":"https:\/\/siculapool.it\/es\/wp-json\/wp\/v2\/pages\/884"}],"collection":[{"href":"https:\/\/siculapool.it\/es\/wp-json\/wp\/v2\/pages"}],"about":[{"href":"https:\/\/siculapool.it\/es\/wp-json\/wp\/v2\/types\/page"}],"author":[{"embeddable":true,"href":"https:\/\/siculapool.it\/es\/wp-json\/wp\/v2\/users\/1"}],"replies":[{"embeddable":true,"href":"https:\/\/siculapool.it\/es\/wp-json\/wp\/v2\/comments?post=884"}],"version-history":[{"count":18,"href":"https:\/\/siculapool.it\/es\/wp-json\/wp\/v2\/pages\/884\/revisions"}],"predecessor-version":[{"id":1653,"href":"https:\/\/siculapool.it\/es\/wp-json\/wp\/v2\/pages\/884\/revisions\/1653"}],"wp:featuredmedia":[{"embeddable":true,"href":"https:\/\/siculapool.it\/es\/wp-json\/wp\/v2\/media\/1469"}],"wp:attachment":[{"href":"https:\/\/siculapool.it\/es\/wp-json\/wp\/v2\/media?parent=884"}],"curies":[{"name":"wp","href":"https:\/\/api.w.org\/{rel}","templated":true}]}}