{"id":885,"date":"2019-02-07T14:32:16","date_gmt":"2019-02-07T14:32:16","guid":{"rendered":"https:\/\/siculapool.it\/?page_id=885"},"modified":"2019-02-15T11:37:39","modified_gmt":"2019-02-15T11:37:39","slug":"bagno-turco","status":"publish","type":"page","link":"https:\/\/siculapool.it\/es\/bagno-turco\/","title":{"rendered":"Ba\u00f1o turco"},"content":{"rendered":"<div class=\"vc_row wpb_row vc_row-fluid\"><div class=\"wpb_column vc_column_container vc_col-sm-12 sc_layouts_column_icons_position_left\"><div class=\"vc_column-inner\"><div class=\"wpb_wrapper\"><div class=\"vc_empty_space  hide_on_tablet hide_on_mobile\"   style=\"height: 6.35em\" ><span class=\"vc_empty_space_inner\"><\/span><\/div>\n<div class=\"vc_empty_space\"   style=\"height: 4em\" ><span class=\"vc_empty_space_inner\"><\/span><\/div>\n<div id=\"sc_title_108293861\"\n\t\tclass=\"sc_title color_style_default sc_title_default\"><h1 class=\"sc_item_title sc_title_title sc_align_left sc_item_title_style_default sc_item_title_tag\">Envuelve tu cuerpo en una nube de vapor... Darse un ba\u00f1o turco nunca ha sido tan f\u00e1cil.<\/h1><\/div><!-- \/.sc_title --><div class=\"vc_empty_space  hide_on_tablet hide_on_mobile\"   style=\"height: 2.9em\" ><span class=\"vc_empty_space_inner\"><\/span><\/div>\n<div class=\"vc_empty_space\"   style=\"height: 3em\" ><span class=\"vc_empty_space_inner\"><\/span><\/div>\n<\/div><\/div><\/div><div class=\"wpb_column vc_column_container vc_col-sm-5 sc_layouts_column_icons_position_left\"><div class=\"vc_column-inner\"><div class=\"wpb_wrapper\"><div class=\"vc_empty_space  height_tiny\"   style=\"height: 80px\" ><span class=\"vc_empty_space_inner\"><\/span><\/div>\n\n\t<div  class=\"wpb_single_image wpb_content_element vc_align_left\">\n\t\t\n\t\t<figure class=\"wpb_wrapper vc_figure\">\n\t\t\t<div class=\"vc_single_image-wrapper   vc_box_border_grey\"><img width=\"729\" height=\"410\" src=\"https:\/\/siculapool.it\/wp-content\/uploads\/2019\/02\/Siculapool-Bagno-Turco3.png\" class=\"vc_single_image-img attachment-full\" alt=\"\" loading=\"lazy\" srcset=\"https:\/\/siculapool.it\/wp-content\/uploads\/2019\/02\/Siculapool-Bagno-Turco3.png 729w, https:\/\/siculapool.it\/wp-content\/uploads\/2019\/02\/Siculapool-Bagno-Turco3-300x169.png 300w, https:\/\/siculapool.it\/wp-content\/uploads\/2019\/02\/Siculapool-Bagno-Turco3-370x208.png 370w, https:\/\/siculapool.it\/wp-content\/uploads\/2019\/02\/Siculapool-Bagno-Turco3-270x152.png 270w\" sizes=\"(max-width: 729px) 100vw, 729px\" \/><\/div>\n\t\t<\/figure>\n\t<\/div>\n<\/div><\/div><\/div><div class=\"wpb_column vc_column_container vc_col-sm-7 sc_layouts_column_icons_position_left\"><div class=\"vc_column-inner\"><div class=\"wpb_wrapper\">\n\t<div class=\"wpb_text_column wpb_content_element\" >\n\t\t<div class=\"wpb_wrapper\">\n\t\t\t<p>Para combatir el <strong>estr\u00e9s diario<\/strong>, <strong>Siculapool<\/strong> te ofrece un <strong>BA\u00d1O TURCO<\/strong> profesional en tu domicilio.<br \/>\nCrear un rinc\u00f3n de relax en tu hogar es m\u00e1s f\u00e1cil de lo que piensas. Soluciones t\u00e9cnicas extremadamente compactas aptas para todos los lugares  y en nombre del <strong>ahorro energ\u00e9tico<\/strong><br \/>\nEl <strong>ba\u00f1o turco<\/strong> es una forma milenaria de <strong>relajar<\/strong> y <strong>purificar la piel<\/strong> gracias a las excepcionales <strong>cualidades del vapor<\/strong> y la alta temperatura del agua. El vapor, combinado con la acci\u00f3n de las sales, los perfumes y la luz de colores, aporta <strong>bienestar general.<\/strong><br \/>\nNo es solo un ba\u00f1o de vapor con m\u00faltiples efectos positivos, sino que puede ser un <strong>momento de encuentro socializador<\/strong>. Esto explica el renovado inter\u00e9s por este tratamiento, incluso en los centros m\u00e1s modernos.<\/p>\n<p>&nbsp;<\/p>\n\n\t\t<\/div>\n\t<\/div>\n<\/div><\/div><\/div><\/div><div class=\"vc_row wpb_row vc_row-fluid\"><div class=\"wpb_column vc_column_container vc_col-sm-6 sc_layouts_column_icons_position_left\"><div class=\"vc_column-inner\"><div class=\"wpb_wrapper\">\n\t<div  class=\"wpb_single_image wpb_content_element vc_align_left\">\n\t\t\n\t\t<figure class=\"wpb_wrapper vc_figure\">\n\t\t\t<div class=\"vc_single_image-wrapper   vc_box_border_grey\"><img width=\"729\" height=\"410\" src=\"https:\/\/siculapool.it\/wp-content\/uploads\/2019\/02\/Siculapool-Bagno-Turco1-1.png\" class=\"vc_single_image-img attachment-full\" alt=\"\" loading=\"lazy\" srcset=\"https:\/\/siculapool.it\/wp-content\/uploads\/2019\/02\/Siculapool-Bagno-Turco1-1.png 729w, https:\/\/siculapool.it\/wp-content\/uploads\/2019\/02\/Siculapool-Bagno-Turco1-1-300x169.png 300w, https:\/\/siculapool.it\/wp-content\/uploads\/2019\/02\/Siculapool-Bagno-Turco1-1-370x208.png 370w, https:\/\/siculapool.it\/wp-content\/uploads\/2019\/02\/Siculapool-Bagno-Turco1-1-270x152.png 270w\" sizes=\"(max-width: 729px) 100vw, 729px\" \/><\/div>\n\t\t<\/figure>\n\t<\/div>\n<\/div><\/div><\/div><div class=\"wpb_column vc_column_container vc_col-sm-6 sc_layouts_column_icons_position_left\"><div class=\"vc_column-inner\"><div class=\"wpb_wrapper\">\n\t<div  class=\"wpb_single_image wpb_content_element vc_align_left\">\n\t\t\n\t\t<figure class=\"wpb_wrapper vc_figure\">\n\t\t\t<div class=\"vc_single_image-wrapper   vc_box_border_grey\"><img width=\"729\" height=\"410\" src=\"https:\/\/siculapool.it\/wp-content\/uploads\/2019\/02\/Siculapool-Bagno-Turco2-1.png\" class=\"vc_single_image-img attachment-full\" alt=\"\" loading=\"lazy\" srcset=\"https:\/\/siculapool.it\/wp-content\/uploads\/2019\/02\/Siculapool-Bagno-Turco2-1.png 729w, https:\/\/siculapool.it\/wp-content\/uploads\/2019\/02\/Siculapool-Bagno-Turco2-1-300x169.png 300w, https:\/\/siculapool.it\/wp-content\/uploads\/2019\/02\/Siculapool-Bagno-Turco2-1-370x208.png 370w, https:\/\/siculapool.it\/wp-content\/uploads\/2019\/02\/Siculapool-Bagno-Turco2-1-270x152.png 270w\" sizes=\"(max-width: 729px) 100vw, 729px\" \/><\/div>\n\t\t<\/figure>\n\t<\/div>\n<\/div><\/div><\/div><\/div><div class=\"vc_row wpb_row vc_row-fluid\"><div class=\"wpb_column vc_column_container vc_col-sm-12 sc_layouts_column_icons_position_left\"><div class=\"vc_column-inner\"><div class=\"wpb_wrapper\">\n\t<div class=\"wpb_text_column wpb_content_element  vc_custom_1549626757041\" >\n\t\t<div class=\"wpb_wrapper\">\n\t\t\t<h3 style=\"text-align: center;\">TODOS LOS BENEFICIOS DE UN BA\u00d1O TURCO<\/h3>\n\n\t\t<\/div>\n\t<\/div>\n<\/div><\/div><\/div><\/div><div class=\"vc_row wpb_row vc_row-fluid\"><div class=\"wpb_column vc_column_container vc_col-sm-6 sc_layouts_column_icons_position_left\"><div class=\"vc_column-inner\"><div class=\"wpb_wrapper\">\n\t<div  class=\"wpb_single_image wpb_content_element vc_align_left  vc_custom_1549881836503\">\n\t\t\n\t\t<figure class=\"wpb_wrapper vc_figure\">\n\t\t\t<div class=\"vc_single_image-wrapper   vc_box_border_grey\"><img width=\"489\" height=\"432\" src=\"https:\/\/siculapool.it\/wp-content\/uploads\/2019\/02\/Siculapool-Bagno-Turco.jpg\" class=\"vc_single_image-img attachment-full\" alt=\"\" loading=\"lazy\" srcset=\"https:\/\/siculapool.it\/wp-content\/uploads\/2019\/02\/Siculapool-Bagno-Turco.jpg 489w, https:\/\/siculapool.it\/wp-content\/uploads\/2019\/02\/Siculapool-Bagno-Turco-300x265.jpg 300w, https:\/\/siculapool.it\/wp-content\/uploads\/2019\/02\/Siculapool-Bagno-Turco-370x327.jpg 370w\" sizes=\"(max-width: 489px) 100vw, 489px\" \/><\/div>\n\t\t<\/figure>\n\t<\/div>\n<\/div><\/div><\/div><div class=\"wpb_column vc_column_container vc_col-sm-6 sc_layouts_column_icons_position_left\"><div class=\"vc_column-inner\"><div class=\"wpb_wrapper\"><div class=\"vc_empty_space  vc_custom_1549881877815 hide_on_notebook hide_on_tablet hide_on_mobile height_tiny\"   style=\"height: 32px\" ><span class=\"vc_empty_space_inner\"><\/span><\/div>\n\n\t<div class=\"wpb_text_column wpb_content_element\" >\n\t\t<div class=\"wpb_wrapper\">\n\t\t\t<p>El ba\u00f1o turco explota todas las propiedades del vapor. Al tener temperaturas m\u00e1s bajas, es m\u00e1s tolerable para aquellos que no soportan altas temperaturas: esto permite permanecer m\u00e1s tiempo dentro de la cabina<br \/>\nEl ba\u00f1o turco tiene varios efectos beneficiosos:<br \/>\n<strong>Abre los poros de la piel y favorece la sudoraci\u00f3n, para personas que sufren estr\u00e9s, ansiedad, el ba\u00f1o turco relaja el sistema nervioso, alisa y suaviza la piel, por lo que es muy \u00fatil para adolescentes con acn\u00e9, da alivio a algunos problemas osteoarticulares<\/strong>.<br \/>\nUna de las cosas a tener en cuenta cuando se quiere tomar un ba\u00f1o turco es que se duplica el ritmo card\u00edaco al someter el cuerpo a estas altas temperaturas, por lo que no se recomienda en ning\u00fan caso practicar este ba\u00f1o a personas mayores, embarazadas. o personas que sufren de problemas de salud.<\/p>\n\n\t\t<\/div>\n\t<\/div>\n<\/div><\/div><\/div><\/div><div class=\"vc_row wpb_row vc_row-fluid\"><div class=\"wpb_column vc_column_container vc_col-sm-12 sc_layouts_column_icons_position_left\"><div class=\"vc_column-inner\"><div class=\"wpb_wrapper\">\n\t<div class=\"wpb_text_column wpb_content_element  vc_custom_1549558501562\" >\n\t\t<div class=\"wpb_wrapper\">\n\t\t\t<h2 style=\"text-align: center;\">ELIGE EL MODELO<br \/>\nDEL BA\u00d1O TURCO<br \/>\nDE TUS SUE\u00d1OS<\/h2>\n\n\t\t<\/div>\n\t<\/div>\n<\/div><\/div><\/div><\/div><div class=\"vc_row wpb_row vc_row-fluid\"><div class=\"wpb_column vc_column_container vc_col-sm-12 sc_layouts_column_icons_position_left\"><div class=\"vc_column-inner\"><div class=\"wpb_wrapper\">\n\t<div  class=\"wpb_single_image wpb_content_element vc_align_center  vc_custom_1549896954703\">\n\t\t\n\t\t<figure class=\"wpb_wrapper vc_figure\">\n\t\t\t<a href=\"https:\/\/siculapool.it\/es\/richiedi-un-preventivo-wellness\/\" target=\"_self\" class=\"vc_single_image-wrapper   vc_box_border_grey\"><img width=\"1960\" height=\"654\" src=\"https:\/\/siculapool.it\/wp-content\/uploads\/2019\/02\/Siculapool-Bagno-Turco-Richiedi-un-Preventivo-2.png\" class=\"vc_single_image-img attachment-full\" alt=\"\" loading=\"lazy\" srcset=\"https:\/\/siculapool.it\/wp-content\/uploads\/2019\/02\/Siculapool-Bagno-Turco-Richiedi-un-Preventivo-2.png 1960w, https:\/\/siculapool.it\/wp-content\/uploads\/2019\/02\/Siculapool-Bagno-Turco-Richiedi-un-Preventivo-2-300x100.png 300w, https:\/\/siculapool.it\/wp-content\/uploads\/2019\/02\/Siculapool-Bagno-Turco-Richiedi-un-Preventivo-2-768x256.png 768w, https:\/\/siculapool.it\/wp-content\/uploads\/2019\/02\/Siculapool-Bagno-Turco-Richiedi-un-Preventivo-2-1024x342.png 1024w, https:\/\/siculapool.it\/wp-content\/uploads\/2019\/02\/Siculapool-Bagno-Turco-Richiedi-un-Preventivo-2-370x123.png 370w, https:\/\/siculapool.it\/wp-content\/uploads\/2019\/02\/Siculapool-Bagno-Turco-Richiedi-un-Preventivo-2-760x254.png 760w\" sizes=\"(max-width: 1960px) 100vw, 1960px\" \/><\/a>\n\t\t<\/figure>\n\t<\/div>\n<\/div><\/div><\/div><\/div>","protected":false},"excerpt":{"rendered":"Avvolgi il tuo Corpo in una Nuvola di Vapore... Avere un Bagno Turco non \u00e8 mai stato cos\u00ec Facile. Per combattere lo stress quotidiano, Siculapool vi propone un BAGNO TURCO professionale a casa vostra. Realizzare&hellip;","protected":false},"author":1,"featured_media":1476,"parent":0,"menu_order":0,"comment_status":"closed","ping_status":"closed","template":"","meta":{"_mi_skip_tracking":false},"_links":{"self":[{"href":"https:\/\/siculapool.it\/es\/wp-json\/wp\/v2\/pages\/885"}],"collection":[{"href":"https:\/\/siculapool.it\/es\/wp-json\/wp\/v2\/pages"}],"about":[{"href":"https:\/\/siculapool.it\/es\/wp-json\/wp\/v2\/types\/page"}],"author":[{"embeddable":true,"href":"https:\/\/siculapool.it\/es\/wp-json\/wp\/v2\/users\/1"}],"replies":[{"embeddable":true,"href":"https:\/\/siculapool.it\/es\/wp-json\/wp\/v2\/comments?post=885"}],"version-history":[{"count":14,"href":"https:\/\/siculapool.it\/es\/wp-json\/wp\/v2\/pages\/885\/revisions"}],"predecessor-version":[{"id":1477,"href":"https:\/\/siculapool.it\/es\/wp-json\/wp\/v2\/pages\/885\/revisions\/1477"}],"wp:featuredmedia":[{"embeddable":true,"href":"https:\/\/siculapool.it\/es\/wp-json\/wp\/v2\/media\/1476"}],"wp:attachment":[{"href":"https:\/\/siculapool.it\/es\/wp-json\/wp\/v2\/media?parent=885"}],"curies":[{"name":"wp","href":"https:\/\/api.w.org\/{rel}","templated":true}]}}