{"id":886,"date":"2019-02-07T14:37:22","date_gmt":"2019-02-07T14:37:22","guid":{"rendered":"https:\/\/siculapool.it\/?page_id=886"},"modified":"2019-02-20T08:16:58","modified_gmt":"2019-02-20T08:16:58","slug":"docce-emozionali","status":"publish","type":"page","link":"https:\/\/siculapool.it\/es\/docce-emozionali\/","title":{"rendered":"Duchas emocionales"},"content":{"rendered":"<div class=\"vc_row wpb_row vc_row-fluid\"><div class=\"wpb_column vc_column_container vc_col-sm-12 sc_layouts_column_icons_position_left\"><div class=\"vc_column-inner\"><div class=\"wpb_wrapper\"><div class=\"vc_empty_space  hide_on_tablet hide_on_mobile\"   style=\"height: 6.35em\" ><span class=\"vc_empty_space_inner\"><\/span><\/div>\n<div class=\"vc_empty_space\"   style=\"height: 4em\" ><span class=\"vc_empty_space_inner\"><\/span><\/div>\n<div id=\"sc_title_164989674\"\n\t\tclass=\"sc_title color_style_default sc_title_default\"><h1 class=\"sc_item_title sc_title_title sc_align_left sc_item_title_style_default sc_item_title_tag\">Duchas emocionales... Un rinc\u00f3n de para\u00edso que estimula los sentidos.<br \/>\nHaz que tu ducha sea \u00fanica con Siculapool.<\/h1><\/div><!-- \/.sc_title --><div class=\"vc_empty_space  hide_on_tablet hide_on_mobile\"   style=\"height: 2.9em\" ><span class=\"vc_empty_space_inner\"><\/span><\/div>\n<div class=\"vc_empty_space\"   style=\"height: 3em\" ><span class=\"vc_empty_space_inner\"><\/span><\/div>\n<\/div><\/div><\/div><div class=\"wpb_column vc_column_container vc_col-sm-5 sc_layouts_column_icons_position_left\"><div class=\"vc_column-inner\"><div class=\"wpb_wrapper\"><div class=\"vc_empty_space  height_tiny\"   style=\"height: 80px\" ><span class=\"vc_empty_space_inner\"><\/span><\/div>\n\n\t<div  class=\"wpb_single_image wpb_content_element vc_align_left\">\n\t\t\n\t\t<figure class=\"wpb_wrapper vc_figure\">\n\t\t\t<div class=\"vc_single_image-wrapper   vc_box_border_grey\"><img width=\"1920\" height=\"1440\" src=\"https:\/\/siculapool.it\/wp-content\/uploads\/2019\/02\/Siculapool-Doccia-Emozionale-1.jpg\" class=\"vc_single_image-img attachment-full\" alt=\"\" loading=\"lazy\" srcset=\"https:\/\/siculapool.it\/wp-content\/uploads\/2019\/02\/Siculapool-Doccia-Emozionale-1.jpg 1920w, https:\/\/siculapool.it\/wp-content\/uploads\/2019\/02\/Siculapool-Doccia-Emozionale-1-300x225.jpg 300w, https:\/\/siculapool.it\/wp-content\/uploads\/2019\/02\/Siculapool-Doccia-Emozionale-1-768x576.jpg 768w, https:\/\/siculapool.it\/wp-content\/uploads\/2019\/02\/Siculapool-Doccia-Emozionale-1-1024x768.jpg 1024w, https:\/\/siculapool.it\/wp-content\/uploads\/2019\/02\/Siculapool-Doccia-Emozionale-1-370x278.jpg 370w, https:\/\/siculapool.it\/wp-content\/uploads\/2019\/02\/Siculapool-Doccia-Emozionale-1-760x570.jpg 760w\" sizes=\"(max-width: 1920px) 100vw, 1920px\" \/><\/div>\n\t\t<\/figure>\n\t<\/div>\n\n\t<div  class=\"wpb_single_image wpb_content_element vc_align_left  vc_custom_1549541646828\">\n\t\t\n\t\t<figure class=\"wpb_wrapper vc_figure\">\n\t\t\t<div class=\"vc_single_image-wrapper   vc_box_border_grey\"><\/div>\n\t\t<\/figure>\n\t<\/div>\n<\/div><\/div><\/div><div class=\"wpb_column vc_column_container vc_col-sm-7 sc_layouts_column_icons_position_left\"><div class=\"vc_column-inner\"><div class=\"wpb_wrapper\">\n\t<div class=\"wpb_text_column wpb_content_element\" >\n\t\t<div class=\"wpb_wrapper\">\n\t\t\t<p>Las <strong>Duchas emocionales<\/strong> son soluciones de bienestar que van m\u00e1s all\u00e1 de la simple ducha tradicional,<br \/>\nuna ducha emocional puede tener las mismas dimensiones y formas que la tradicional, pero es la<strong> tecnolog\u00eda utilizada y la experiencia de los dise\u00f1adores<\/strong> lo que marca la diferencia.<br \/>\nEstas duchas se distinguen de las duchas tradicionales por las diferentes formas de uso, desde <strong>lluvia tropical<\/strong>, alla <strong>, niebla fr\u00eda<\/strong> ,al <strong>tormentas de verano<\/strong> hasta <strong>cascadas.<\/strong>.<br \/>\nDe hecho, es posible personalizar las duchas con rociadores especiales multichorro.<br \/>\nLa sensaci\u00f3n de bienestar se obtiene combinando el chorro de agua fr\u00eda o caliente con una mescla de otros chorros a diferentes temperaturas, combinados con cambios <strong>de color de luces cromaticos<\/strong> adecuadas y<strong> aromas sabiamente elegidos<\/strong> que involucran los <strong>cinco sentidos<\/strong>.<br \/>\n<strong>Haz que tu ducha sea \u00fanica!<\/strong><\/p>\n<p>&nbsp;<\/p>\n\n\t\t<\/div>\n\t<\/div>\n<div class=\"vc_empty_space  hide_on_tablet hide_on_mobile\"   style=\"height: 1.1em\" ><span class=\"vc_empty_space_inner\"><\/span><\/div>\n<\/div><\/div><\/div><\/div><div class=\"vc_row wpb_row vc_row-fluid\"><div class=\"wpb_column vc_column_container vc_col-sm-12 sc_layouts_column_icons_position_left\"><div class=\"vc_column-inner\"><div class=\"wpb_wrapper\"><\/div><\/div><\/div><\/div><div class=\"vc_row wpb_row vc_row-fluid\"><div class=\"wpb_column vc_column_container vc_col-sm-6 sc_layouts_column_icons_position_left\"><div class=\"vc_column-inner\"><div class=\"wpb_wrapper\">\n\t<div  class=\"wpb_single_image wpb_content_element vc_align_left\">\n\t\t\n\t\t<figure class=\"wpb_wrapper vc_figure\">\n\t\t\t<div class=\"vc_single_image-wrapper   vc_box_border_grey\"><img width=\"1148\" height=\"1410\" src=\"https:\/\/siculapool.it\/wp-content\/uploads\/2019\/02\/Siculapool-Doccia-Emozionale-3.jpg\" class=\"vc_single_image-img attachment-full\" alt=\"\" loading=\"lazy\" srcset=\"https:\/\/siculapool.it\/wp-content\/uploads\/2019\/02\/Siculapool-Doccia-Emozionale-3.jpg 1148w, https:\/\/siculapool.it\/wp-content\/uploads\/2019\/02\/Siculapool-Doccia-Emozionale-3-244x300.jpg 244w, https:\/\/siculapool.it\/wp-content\/uploads\/2019\/02\/Siculapool-Doccia-Emozionale-3-768x943.jpg 768w, https:\/\/siculapool.it\/wp-content\/uploads\/2019\/02\/Siculapool-Doccia-Emozionale-3-834x1024.jpg 834w, https:\/\/siculapool.it\/wp-content\/uploads\/2019\/02\/Siculapool-Doccia-Emozionale-3-370x454.jpg 370w, https:\/\/siculapool.it\/wp-content\/uploads\/2019\/02\/Siculapool-Doccia-Emozionale-3-760x933.jpg 760w\" sizes=\"(max-width: 1148px) 100vw, 1148px\" \/><\/div>\n\t\t<\/figure>\n\t<\/div>\n\n\t<div  class=\"wpb_single_image wpb_content_element vc_align_left\">\n\t\t\n\t\t<figure class=\"wpb_wrapper vc_figure\">\n\t\t\t<div class=\"vc_single_image-wrapper   vc_box_border_grey\"><\/div>\n\t\t<\/figure>\n\t<\/div>\n<\/div><\/div><\/div><div class=\"wpb_column vc_column_container vc_col-sm-6 sc_layouts_column_icons_position_left\"><div class=\"vc_column-inner\"><div class=\"wpb_wrapper\"><div class=\"vc_empty_space  vc_custom_1550650560473 hide_on_notebook hide_on_tablet hide_on_mobile height_tiny\"   style=\"height: 32px\" ><span class=\"vc_empty_space_inner\"><\/span><\/div>\n\n\t<div class=\"wpb_text_column wpb_content_element\" >\n\t\t<div class=\"wpb_wrapper\">\n\t\t\t<h3>BENEFICIOS DE UNA DUCHA EMOCIONAL<\/h3>\n<p><strong>Las Duchas Emocionales<\/strong> son una verdadera panacea para tu bienestar. Los chorros de agua regulados por <strong>intensidad, temperatura y duraci\u00f3n<\/strong> se acompa\u00f1an de atm\u00f3sferas escenogr\u00e1ficas, <strong>olores, sonidos y colores<\/strong> para crear un momento de relajaci\u00f3n a trav\u00e9s de la estimulaci\u00f3n simult\u00e1nea del o\u00eddo, el olfato, la vista y el tacto.<br \/>\n<strong>Los chorros de agua<\/strong> fr\u00eda <strong>reafirman los tejidos de piernas, gl\u00fateos y abdomen,<\/strong> <strong>dejan la piel m\u00e1s suave y el\u00e1stica<\/strong>, mientras que con agua caliente <strong>purifican la epidermis y act\u00faan sobre la piel de naranja.<\/strong><br \/>\nIncluso las<strong> esencias y fragancias<\/strong> pueden ser diferentes, cada una con propiedades espec\u00edficas: la menta por ejemplo es refrescante.<br \/>\nLos <strong>sonidos<\/strong>tambi\u00e9n tienen una influencia significativa en el estado de bienestar ps\u00edquico, por lo que muy a menudo se pueden escuchar melod\u00edas relajantes durante la ducha.<\/p>\n\n\t\t<\/div>\n\t<\/div>\n<\/div><\/div><\/div><\/div><div class=\"vc_row wpb_row vc_row-fluid vc_custom_1550650171906\"><div class=\"wpb_column vc_column_container vc_col-sm-12 sc_layouts_column_icons_position_left\"><div class=\"vc_column-inner\"><div class=\"wpb_wrapper\">\n\t<div  class=\"wpb_single_image wpb_content_element vc_align_left   banner\">\n\t\t\n\t\t<figure class=\"wpb_wrapper vc_figure\">\n\t\t\t<div class=\"vc_single_image-wrapper   vc_box_border_grey\"><img width=\"1960\" height=\"654\" src=\"https:\/\/siculapool.it\/wp-content\/uploads\/2019\/02\/Siculapool-call-to-action-docce-emozionali-2.png\" class=\"vc_single_image-img attachment-full\" alt=\"\" loading=\"lazy\" srcset=\"https:\/\/siculapool.it\/wp-content\/uploads\/2019\/02\/Siculapool-call-to-action-docce-emozionali-2.png 1960w, https:\/\/siculapool.it\/wp-content\/uploads\/2019\/02\/Siculapool-call-to-action-docce-emozionali-2-300x100.png 300w, https:\/\/siculapool.it\/wp-content\/uploads\/2019\/02\/Siculapool-call-to-action-docce-emozionali-2-768x256.png 768w, https:\/\/siculapool.it\/wp-content\/uploads\/2019\/02\/Siculapool-call-to-action-docce-emozionali-2-1024x342.png 1024w, https:\/\/siculapool.it\/wp-content\/uploads\/2019\/02\/Siculapool-call-to-action-docce-emozionali-2-370x123.png 370w, https:\/\/siculapool.it\/wp-content\/uploads\/2019\/02\/Siculapool-call-to-action-docce-emozionali-2-760x254.png 760w\" sizes=\"(max-width: 1960px) 100vw, 1960px\" \/><\/div>\n\t\t<\/figure>\n\t<\/div>\n<\/div><\/div><\/div><\/div>","protected":false},"excerpt":{"rendered":"Docce Emozionali... Un angolo di paradiso che stimola i sensi. Rendi unica la tua doccia con Siculapool. Le Docce Emozionali sono soluzioni di benessere che vanno oltre la semplice doccia tradizionale. Una doccia emozionale pu\u00f2&hellip;","protected":false},"author":1,"featured_media":1478,"parent":0,"menu_order":0,"comment_status":"closed","ping_status":"closed","template":"","meta":{"_mi_skip_tracking":false},"_links":{"self":[{"href":"https:\/\/siculapool.it\/es\/wp-json\/wp\/v2\/pages\/886"}],"collection":[{"href":"https:\/\/siculapool.it\/es\/wp-json\/wp\/v2\/pages"}],"about":[{"href":"https:\/\/siculapool.it\/es\/wp-json\/wp\/v2\/types\/page"}],"author":[{"embeddable":true,"href":"https:\/\/siculapool.it\/es\/wp-json\/wp\/v2\/users\/1"}],"replies":[{"embeddable":true,"href":"https:\/\/siculapool.it\/es\/wp-json\/wp\/v2\/comments?post=886"}],"version-history":[{"count":18,"href":"https:\/\/siculapool.it\/es\/wp-json\/wp\/v2\/pages\/886\/revisions"}],"predecessor-version":[{"id":1763,"href":"https:\/\/siculapool.it\/es\/wp-json\/wp\/v2\/pages\/886\/revisions\/1763"}],"wp:featuredmedia":[{"embeddable":true,"href":"https:\/\/siculapool.it\/es\/wp-json\/wp\/v2\/media\/1478"}],"wp:attachment":[{"href":"https:\/\/siculapool.it\/es\/wp-json\/wp\/v2\/media?parent=886"}],"curies":[{"name":"wp","href":"https:\/\/api.w.org\/{rel}","templated":true}]}}